{"id":1020,"date":"2022-03-07T11:41:44","date_gmt":"2022-03-07T11:41:44","guid":{"rendered":"http:\/\/120.72.95.94:55147\/?page_id=1020"},"modified":"2026-04-15T09:20:18","modified_gmt":"2026-04-15T16:20:18","slug":"cuidado-de-la-piel-productos-de-bienestar","status":"publish","type":"page","link":"https:\/\/affderm.com\/es\/services\/aesthetic-dermatology\/skin-care-wellness-products\/","title":{"rendered":"Cuidado de la piel Productos de bienestar"},"content":{"rendered":"<div data-elementor-type=\"wp-page\" data-elementor-id=\"1020\" class=\"elementor elementor-1020\">\n\t\t\t\t\t\t<section class=\"elementor-section elementor-top-section elementor-element elementor-element-42c00b1 elementor-section-boxed elementor-section-height-default elementor-section-height-default\" data-id=\"42c00b1\" data-element_type=\"section\" data-e-type=\"section\" data-settings=\"{&quot;background_background&quot;:&quot;classic&quot;}\">\n\t\t\t\t\t\t\t<div class=\"elementor-background-overlay\"><\/div>\n\t\t\t\t\t\t\t<div class=\"elementor-container elementor-column-gap-default\">\n\t\t\t\t\t<div class=\"elementor-column elementor-col-100 elementor-top-column elementor-element elementor-element-818bfdb\" data-id=\"818bfdb\" data-element_type=\"column\" data-e-type=\"column\">\n\t\t\t<div class=\"elementor-widget-wrap elementor-element-populated\">\n\t\t\t\t\t\t<div class=\"elementor-element elementor-element-ca90c7c elementor-widget elementor-widget-heading\" data-id=\"ca90c7c\" data-element_type=\"widget\" data-e-type=\"widget\" data-widget_type=\"heading.default\">\n\t\t\t\t<div class=\"elementor-widget-container\">\n\t\t\t\t\t<h1 class=\"elementor-heading-title elementor-size-default\">Productos para el cuidado de la piel recomendados por dermat\u00f3logos<\/h1>\t\t\t\t<\/div>\n\t\t\t\t<\/div>\n\t\t\t\t\t<\/div>\n\t\t<\/div>\n\t\t\t\t\t<\/div>\n\t\t<\/section>\n\t\t\t\t<section class=\"elementor-section elementor-top-section elementor-element elementor-element-18ea388 elementor-section-boxed elementor-section-height-default elementor-section-height-default\" data-id=\"18ea388\" data-element_type=\"section\" data-e-type=\"section\">\n\t\t\t\t\t\t<div class=\"elementor-container elementor-column-gap-default\">\n\t\t\t\t\t<div class=\"elementor-column elementor-col-100 elementor-top-column elementor-element elementor-element-b8609a5\" data-id=\"b8609a5\" data-element_type=\"column\" data-e-type=\"column\">\n\t\t\t<div class=\"elementor-widget-wrap elementor-element-populated\">\n\t\t\t\t\t\t<div class=\"elementor-element elementor-element-470e916 img-happy-rt elementor-widget elementor-widget-image\" data-id=\"470e916\" data-element_type=\"widget\" data-e-type=\"widget\" data-widget_type=\"image.default\">\n\t\t\t\t<div class=\"elementor-widget-container\">\n\t\t\t\t\t\t\t\t\t\t\t\t\t\t\t<img fetchpriority=\"high\" decoding=\"async\" width=\"1225\" height=\"440\" src=\"https:\/\/affderm.com\/wp-content\/uploads\/2022\/03\/affiliated-dermtology-skin-care-product-lines.png\" class=\"attachment-full size-full wp-image-1022\" alt=\"\" srcset=\"https:\/\/affderm.com\/wp-content\/uploads\/2022\/03\/affiliated-dermtology-skin-care-product-lines.png 1225w, https:\/\/affderm.com\/wp-content\/uploads\/2022\/03\/affiliated-dermtology-skin-care-product-lines-800x287.png 800w, https:\/\/affderm.com\/wp-content\/uploads\/2022\/03\/affiliated-dermtology-skin-care-product-lines-1200x431.png 1200w, https:\/\/affderm.com\/wp-content\/uploads\/2022\/03\/affiliated-dermtology-skin-care-product-lines-768x276.png 768w\" sizes=\"(max-width: 1225px) 100vw, 1225px\" \/>\t\t\t\t\t\t\t\t\t\t\t\t\t\t\t<\/div>\n\t\t\t\t<\/div>\n\t\t\t\t\t<\/div>\n\t\t<\/div>\n\t\t\t\t\t<\/div>\n\t\t<\/section>\n\t\t\t\t<section class=\"elementor-section elementor-top-section elementor-element elementor-element-1584f48 elementor-section-boxed elementor-section-height-default elementor-section-height-default\" data-id=\"1584f48\" data-element_type=\"section\" data-e-type=\"section\">\n\t\t\t\t\t\t<div class=\"elementor-container elementor-column-gap-default\">\n\t\t\t\t\t<div class=\"elementor-column elementor-col-100 elementor-top-column elementor-element elementor-element-ba6e248\" data-id=\"ba6e248\" data-element_type=\"column\" data-e-type=\"column\">\n\t\t\t<div class=\"elementor-widget-wrap elementor-element-populated\">\n\t\t\t\t\t\t<div class=\"elementor-element elementor-element-12acfa6 elementor-widget elementor-widget-text-editor\" data-id=\"12acfa6\" data-element_type=\"widget\" data-e-type=\"widget\" data-widget_type=\"text-editor.default\">\n\t\t\t\t<div class=\"elementor-widget-container\">\n\t\t\t\t\t\t\t\t\t<h2>Conf\u00ede en la Dermatolog\u00eda Afiliada para una orientaci\u00f3n segura y eficaz sobre el cuidado de la piel<\/h2><p>El equipo de <a href=\"\/es\/\">Dermatolog\u00eda afiliada<\/a> ha seleccionado una amplia pero espec\u00edfica colecci\u00f3n de productos para el cuidado de la piel y el bienestar personal, basados en la ciencia y orientados a los resultados. Los productos tambi\u00e9n complementan los servicios de dermatolog\u00eda est\u00e9tica ofrecidos en nuestras oficinas de <a href=\"https:\/\/affderm.com\/es\/lugares\/dermatologo-scottsdale\/\">Scottsdale<\/a>, <a href=\"https:\/\/affderm.com\/es\/lugares\/dermatologo-del-valle-de-los-ciervos\/\">Valle de los Ciervos<\/a>, <a href=\"https:\/\/affderm.com\/es\/lugares\/dermatologo-anthem\/\">Himno<\/a>, <a href=\"https:\/\/affderm.com\/es\/lugares\/dermatologo-sorpresa\/\">Sorpresa<\/a>, <a href=\"https:\/\/affderm.com\/es\/lugares\/dermatologo-gilbert\/\">Gilbert<\/a>, <a href=\"https:\/\/affderm.com\/es\/lugares\/dermatologo-tolleson\/\">Tolleson<\/a>, <a href=\"https:\/\/affderm.com\/es\/lugares\/dermatologo-tempe\/\">Tempe<\/a>y <a href=\"https:\/\/affderm.com\/es\/lugares\/dermatologo-de-la-ciudad-vieja\/\">Casco antiguo<\/a>. Durante su consulta est\u00e9tica personal y exhaustiva, nuestros expertos en la piel le ayudar\u00e1n con sus objetivos de cuidado de la piel y crear\u00e1n un plan de tratamiento exclusivo para usted.<\/p>\t\t\t\t\t\t\t\t<\/div>\n\t\t\t\t<\/div>\n\t\t\t\t<div class=\"elementor-element elementor-element-6a03f24 elementor-widget elementor-widget-button\" data-id=\"6a03f24\" data-element_type=\"widget\" data-e-type=\"widget\" data-widget_type=\"button.default\">\n\t\t\t\t<div class=\"elementor-widget-container\">\n\t\t\t\t\t\t\t\t\t<div class=\"elementor-button-wrapper\">\n\t\t\t\t\t<a class=\"elementor-button elementor-button-link elementor-size-sm\" href=\"https:\/\/l.klara.com\/R9YiMF6k4Ux8PCxU\" target=\"_blank\">\n\t\t\t\t\t\t<span class=\"elementor-button-content-wrapper\">\n\t\t\t\t\t\t\t\t\t<span class=\"elementor-button-text\">Concertar una cita<\/span>\n\t\t\t\t\t<\/span>\n\t\t\t\t\t<\/a>\n\t\t\t\t<\/div>\n\t\t\t\t\t\t\t\t<\/div>\n\t\t\t\t<\/div>\n\t\t\t\t<div class=\"elementor-element elementor-element-2976c2b elementor-widget elementor-widget-text-editor\" data-id=\"2976c2b\" data-element_type=\"widget\" data-e-type=\"widget\" data-widget_type=\"text-editor.default\">\n\t\t\t\t<div class=\"elementor-widget-container\">\n\t\t\t\t\t\t\t\t\t<h2>Nuestra lista de productos de cuidado de la piel y bienestar recomendados por dermat\u00f3logos:<\/h2><p>Nuestros pacientes han sido testigos de primera mano de los beneficios de los productos de primera calidad para el cuidado de la piel suave y saludable. Ofrecemos varias l\u00edneas de bienestar, de venta libre, y de grado m\u00e9dico productos para el cuidado de la piel en Phoenix, AZ para nutrir su piel y el cuerpo. Llevamos las siguientes l\u00edneas de productos:<\/p>\t\t\t\t\t\t\t\t<\/div>\n\t\t\t\t<\/div>\n\t\t\t\t<div class=\"elementor-element elementor-element-8c1cad0 elementor-widget elementor-widget-text-editor\" data-id=\"8c1cad0\" data-element_type=\"widget\" data-e-type=\"widget\" data-widget_type=\"text-editor.default\">\n\t\t\t\t<div class=\"elementor-widget-container\">\n\t\t\t\t\t\t\t\t\t<ul><li><a href=\"https:\/\/affderm.brilliantconnections.com\/\">SkinMedica<\/a><\/li><li><a href=\"https:\/\/www.colorescience.com\/collections\/retailer-landing-page?designate-location=4286\">Colorescience<\/a><\/li><li><a href=\"https:\/\/revisionskincare.com\/?scpid=31522\">Revision Skincare<\/a><\/li><li>Piel PCA<\/li><li>EltaMD<\/li><li>La Roche-Posay<\/li><li><a href=\"https:\/\/growthpartner.nutrafol.com\/pages\/affderm\">Nutrafol<\/a><\/li><li>&amp; \u00a1m\u00e1s!<\/li><\/ul>\t\t\t\t\t\t\t\t<\/div>\n\t\t\t\t<\/div>\n\t\t\t\t<div class=\"elementor-element elementor-element-60cef7c elementor-widget elementor-widget-text-editor\" data-id=\"60cef7c\" data-element_type=\"widget\" data-e-type=\"widget\" data-widget_type=\"text-editor.default\">\n\t\t\t\t<div class=\"elementor-widget-container\">\n\t\t\t\t\t\t\t\t\t<p>\u00bfQui\u00e9n no tiene un producto favorito para el cuidado de la piel? Tanto si tienes un limpiador o un SPF como si est\u00e1s enganchado a toda una l\u00ednea de productos, te ofrecemos nuestro programa de fidelizaci\u00f3n para todos nuestros productos de venta libre.<\/p>\t\t\t\t\t\t\t\t<\/div>\n\t\t\t\t<\/div>\n\t\t\t\t<div class=\"elementor-element elementor-element-dc7a218 elementor-widget elementor-widget-text-editor\" data-id=\"dc7a218\" data-element_type=\"widget\" data-e-type=\"widget\" data-widget_type=\"text-editor.default\">\n\t\t\t\t<div class=\"elementor-widget-container\">\n\t\t\t\t\t\t\t\t\t<p>\u00a1Sea ecol\u00f3gico con sus productos para el cuidado de la piel! En Affiliated Dermatology, ofrecemos un programa de reciclaje donde usted puede devolver sus botellas vac\u00edas de productos, que usted ha comprado en nuestra pr\u00e1ctica, y recibir 15% de descuento en su pr\u00f3xima compra de productos. \u00a1Pase por una de nuestras oficinas hoy para tomar su tarjeta de ponche-y no se olvide de preguntarnos acerca de nuestros viernes de doble ponche tambi\u00e9n!<\/p>\t\t\t\t\t\t\t\t<\/div>\n\t\t\t\t<\/div>\n\t\t\t\t\t<\/div>\n\t\t<\/div>\n\t\t\t\t\t<\/div>\n\t\t<\/section>\n\t\t\t\t<section class=\"elementor-section elementor-top-section elementor-element elementor-element-bef6107 elementor-section-boxed elementor-section-height-default elementor-section-height-default\" data-id=\"bef6107\" data-element_type=\"section\" data-e-type=\"section\">\n\t\t\t\t\t\t<div class=\"elementor-container elementor-column-gap-default\">\n\t\t\t\t\t<div class=\"elementor-column elementor-col-100 elementor-top-column elementor-element elementor-element-14c82cb\" data-id=\"14c82cb\" data-element_type=\"column\" data-e-type=\"column\">\n\t\t\t<div class=\"elementor-widget-wrap elementor-element-populated\">\n\t\t\t\t\t\t<div class=\"elementor-element elementor-element-7aea1a9 elementor-widget-divider--view-line elementor-widget elementor-widget-divider\" data-id=\"7aea1a9\" data-element_type=\"widget\" data-e-type=\"widget\" data-widget_type=\"divider.default\">\n\t\t\t\t<div class=\"elementor-widget-container\">\n\t\t\t\t\t\t\t<div class=\"elementor-divider\">\n\t\t\t<span class=\"elementor-divider-separator\">\n\t\t\t\t\t\t<\/span>\n\t\t<\/div>\n\t\t\t\t\t\t<\/div>\n\t\t\t\t<\/div>\n\t\t\t\t<div class=\"elementor-element elementor-element-e84d8c3 elementor-widget elementor-widget-heading\" data-id=\"e84d8c3\" data-element_type=\"widget\" data-e-type=\"widget\" data-widget_type=\"heading.default\">\n\t\t\t\t<div class=\"elementor-widget-container\">\n\t\t\t\t\t<h3 class=\"elementor-heading-title elementor-size-default\">Solicitar una cita<\/h3>\t\t\t\t<\/div>\n\t\t\t\t<\/div>\n\t\t\t\t<div class=\"elementor-element elementor-element-40a6fb3 elementor-widget elementor-widget-text-editor\" data-id=\"40a6fb3\" data-element_type=\"widget\" data-e-type=\"widget\" data-widget_type=\"text-editor.default\">\n\t\t\t\t<div class=\"elementor-widget-container\">\n\t\t\t\t\t\t\t\t\t<p>Si est\u00e1 listo para mejorar la salud y el aspecto de su piel, visite a los l\u00edderes en dermatolog\u00eda est\u00e9tica de Affiliated Dermatology. Para obtener m\u00e1s informaci\u00f3n o para programar una cita en uno de nuestros <a href=\"https:\/\/affderm.com\/es\/lugares\/\">varias consultas de dermatolog\u00eda<\/a> en Arizona, p\u00f3ngase en contacto con nosotros llamando al<strong> (480) 556-0446<\/strong> o dej\u00e1ndonos un mensaje con el siguiente formulario de contacto.<\/p>\t\t\t\t\t\t\t\t<\/div>\n\t\t\t\t<\/div>\n\t\t\t\t<div class=\"elementor-element elementor-element-5c48911 elementor-widget elementor-widget-text-editor\" data-id=\"5c48911\" data-element_type=\"widget\" data-e-type=\"widget\" data-widget_type=\"text-editor.default\">\n\t\t\t\t<div class=\"elementor-widget-container\">\n\t\t\t\t\t\t\t\t\t<div class=\"_form_35\"><\/div><script src=\"https:\/\/affderm.dewy.io\/f\/embed.php?id=35\" type=\"text\/javascript\" charset=\"utf-8\"><\/script>\t\t\t\t\t\t\t\t<\/div>\n\t\t\t\t<\/div>\n\t\t\t\t\t<\/div>\n\t\t<\/div>\n\t\t\t\t\t<\/div>\n\t\t<\/section>\n\t\t\t\t<\/div>","protected":false},"excerpt":{"rendered":"<p>Dermatologist Recommended Skin Care Products Trust Affiliated Dermatology for Safe and Effective Skincare Guidance The team at Affiliated Dermatology has [&hellip;]<\/p>\n","protected":false},"author":1,"featured_media":0,"parent":718,"menu_order":0,"comment_status":"closed","ping_status":"closed","template":"elementor_header_footer","meta":{"_acf_changed":false,"footnotes":""},"class_list":["post-1020","page","type-page","status-publish","hentry"],"acf":[],"yoast_head":"<!-- This site is optimized with the Yoast SEO plugin v27.5 - https:\/\/yoast.com\/product\/yoast-seo-wordpress\/ -->\n<title>Dermatologist Recommended Skin Care Products | Affiliated Dermatology<\/title>\n<meta name=\"description\" content=\"Enhance your results with science-based skincare. We offer effective, medical-grade products to complement your aesthetic treatments. Trust Affiliated Dermatology for safe, effective skincare guidance.\" \/>\n<meta name=\"robots\" content=\"index, follow, max-snippet:-1, max-image-preview:large, max-video-preview:-1\" \/>\n<link rel=\"canonical\" href=\"https:\/\/affderm.com\/es\/servicios\/dermatologia-estetica\/cuidado-de-la-piel-productos-de-bienestar\/\" \/>\n<meta property=\"og:locale\" content=\"es_MX\" \/>\n<meta property=\"og:type\" content=\"article\" \/>\n<meta property=\"og:title\" content=\"Dermatologist Recommended Skin Care Products | Affiliated Dermatology\" \/>\n<meta property=\"og:description\" content=\"Enhance your results with science-based skincare. We offer effective, medical-grade products to complement your aesthetic treatments. Trust Affiliated Dermatology for safe, effective skincare guidance.\" \/>\n<meta property=\"og:url\" content=\"https:\/\/affderm.com\/es\/servicios\/dermatologia-estetica\/cuidado-de-la-piel-productos-de-bienestar\/\" \/>\n<meta property=\"og:site_name\" content=\"Affiliated Dermatology\" \/>\n<meta property=\"article:modified_time\" content=\"2026-04-15T16:20:18+00:00\" \/>\n<meta property=\"og:image\" content=\"https:\/\/affderm.com\/wp-content\/uploads\/2022\/03\/affiliated-dermtology-skin-care-product-lines.png\" \/>\n\t<meta property=\"og:image:width\" content=\"1225\" \/>\n\t<meta property=\"og:image:height\" content=\"440\" \/>\n\t<meta property=\"og:image:type\" content=\"image\/png\" \/>\n<meta name=\"twitter:card\" content=\"summary_large_image\" \/>\n<meta name=\"twitter:label1\" content=\"Tiempo de lectura\" \/>\n\t<meta name=\"twitter:data1\" content=\"2 minutos\" \/>\n<script type=\"application\/ld+json\" class=\"yoast-schema-graph\">{\"@context\":\"https:\\\/\\\/schema.org\",\"@graph\":[{\"@type\":\"WebPage\",\"@id\":\"https:\\\/\\\/affderm.com\\\/services\\\/aesthetic-dermatology\\\/skin-care-wellness-products\\\/\",\"url\":\"https:\\\/\\\/affderm.com\\\/services\\\/aesthetic-dermatology\\\/skin-care-wellness-products\\\/\",\"name\":\"Dermatologist Recommended Skin Care Products | Affiliated Dermatology\",\"isPartOf\":{\"@id\":\"https:\\\/\\\/affderm.com\\\/#website\"},\"primaryImageOfPage\":{\"@id\":\"https:\\\/\\\/affderm.com\\\/services\\\/aesthetic-dermatology\\\/skin-care-wellness-products\\\/#primaryimage\"},\"image\":{\"@id\":\"https:\\\/\\\/affderm.com\\\/services\\\/aesthetic-dermatology\\\/skin-care-wellness-products\\\/#primaryimage\"},\"thumbnailUrl\":\"https:\\\/\\\/affderm.com\\\/wp-content\\\/uploads\\\/2022\\\/03\\\/affiliated-dermtology-skin-care-product-lines.png\",\"datePublished\":\"2022-03-07T11:41:44+00:00\",\"dateModified\":\"2026-04-15T16:20:18+00:00\",\"description\":\"Enhance your results with science-based skincare. We offer effective, medical-grade products to complement your aesthetic treatments. Trust Affiliated Dermatology for safe, effective skincare guidance.\",\"breadcrumb\":{\"@id\":\"https:\\\/\\\/affderm.com\\\/services\\\/aesthetic-dermatology\\\/skin-care-wellness-products\\\/#breadcrumb\"},\"inLanguage\":\"es\",\"potentialAction\":[{\"@type\":\"ReadAction\",\"target\":[\"https:\\\/\\\/affderm.com\\\/services\\\/aesthetic-dermatology\\\/skin-care-wellness-products\\\/\"]}]},{\"@type\":\"ImageObject\",\"inLanguage\":\"es\",\"@id\":\"https:\\\/\\\/affderm.com\\\/services\\\/aesthetic-dermatology\\\/skin-care-wellness-products\\\/#primaryimage\",\"url\":\"https:\\\/\\\/affderm.com\\\/wp-content\\\/uploads\\\/2022\\\/03\\\/affiliated-dermtology-skin-care-product-lines.png\",\"contentUrl\":\"https:\\\/\\\/affderm.com\\\/wp-content\\\/uploads\\\/2022\\\/03\\\/affiliated-dermtology-skin-care-product-lines.png\"},{\"@type\":\"BreadcrumbList\",\"@id\":\"https:\\\/\\\/affderm.com\\\/services\\\/aesthetic-dermatology\\\/skin-care-wellness-products\\\/#breadcrumb\",\"itemListElement\":[{\"@type\":\"ListItem\",\"position\":1,\"name\":\"Home\",\"item\":\"https:\\\/\\\/affderm.com\\\/\"},{\"@type\":\"ListItem\",\"position\":2,\"name\":\"Services\",\"item\":\"https:\\\/\\\/affderm.com\\\/services\\\/\"},{\"@type\":\"ListItem\",\"position\":3,\"name\":\"Aesthetic \\\/ Cosmetic Dermatology\",\"item\":\"https:\\\/\\\/affderm.com\\\/services\\\/aesthetic-dermatology\\\/\"},{\"@type\":\"ListItem\",\"position\":4,\"name\":\"Skin Care Wellness Products\"}]},{\"@type\":\"WebSite\",\"@id\":\"https:\\\/\\\/affderm.com\\\/#website\",\"url\":\"https:\\\/\\\/affderm.com\\\/\",\"name\":\"Affiliated Dermatology\",\"description\":\"Experts in Skin Disease Treatment &amp; Prevention\",\"potentialAction\":[{\"@type\":\"SearchAction\",\"target\":{\"@type\":\"EntryPoint\",\"urlTemplate\":\"https:\\\/\\\/affderm.com\\\/?s={search_term_string}\"},\"query-input\":{\"@type\":\"PropertyValueSpecification\",\"valueRequired\":true,\"valueName\":\"search_term_string\"}}],\"inLanguage\":\"es\"}]}<\/script>\n<!-- \/ Yoast SEO plugin. -->","yoast_head_json":{"title":"Productos para el cuidado de la piel recomendados por dermat\u00f3logos | Affiliated Dermatology","description":"Mejora tus resultados con cuidados de la piel basados en la ciencia. Ofrecemos productos eficaces de calidad m\u00e9dica para complementar tus tratamientos est\u00e9ticos. Conf\u00eda en Affiliated Dermatology para obtener consejos seguros y eficaces sobre el cuidado de la piel.","robots":{"index":"index","follow":"follow","max-snippet":"max-snippet:-1","max-image-preview":"max-image-preview:large","max-video-preview":"max-video-preview:-1"},"canonical":"https:\/\/affderm.com\/es\/servicios\/dermatologia-estetica\/cuidado-de-la-piel-productos-de-bienestar\/","og_locale":"es_MX","og_type":"article","og_title":"Dermatologist Recommended Skin Care Products | Affiliated Dermatology","og_description":"Enhance your results with science-based skincare. We offer effective, medical-grade products to complement your aesthetic treatments. Trust Affiliated Dermatology for safe, effective skincare guidance.","og_url":"https:\/\/affderm.com\/es\/servicios\/dermatologia-estetica\/cuidado-de-la-piel-productos-de-bienestar\/","og_site_name":"Affiliated Dermatology","article_modified_time":"2026-04-15T16:20:18+00:00","og_image":[{"width":1225,"height":440,"url":"https:\/\/affderm.com\/wp-content\/uploads\/2022\/03\/affiliated-dermtology-skin-care-product-lines.png","type":"image\/png"}],"twitter_card":"summary_large_image","twitter_misc":{"Tiempo de lectura":"2 minutos"},"schema":{"@context":"https:\/\/schema.org","@graph":[{"@type":"WebPage","@id":"https:\/\/affderm.com\/services\/aesthetic-dermatology\/skin-care-wellness-products\/","url":"https:\/\/affderm.com\/services\/aesthetic-dermatology\/skin-care-wellness-products\/","name":"Productos para el cuidado de la piel recomendados por dermat\u00f3logos | Affiliated Dermatology","isPartOf":{"@id":"https:\/\/affderm.com\/#website"},"primaryImageOfPage":{"@id":"https:\/\/affderm.com\/services\/aesthetic-dermatology\/skin-care-wellness-products\/#primaryimage"},"image":{"@id":"https:\/\/affderm.com\/services\/aesthetic-dermatology\/skin-care-wellness-products\/#primaryimage"},"thumbnailUrl":"https:\/\/affderm.com\/wp-content\/uploads\/2022\/03\/affiliated-dermtology-skin-care-product-lines.png","datePublished":"2022-03-07T11:41:44+00:00","dateModified":"2026-04-15T16:20:18+00:00","description":"Mejora tus resultados con cuidados de la piel basados en la ciencia. Ofrecemos productos eficaces de calidad m\u00e9dica para complementar tus tratamientos est\u00e9ticos. Conf\u00eda en Affiliated Dermatology para obtener consejos seguros y eficaces sobre el cuidado de la piel.","breadcrumb":{"@id":"https:\/\/affderm.com\/services\/aesthetic-dermatology\/skin-care-wellness-products\/#breadcrumb"},"inLanguage":"es","potentialAction":[{"@type":"ReadAction","target":["https:\/\/affderm.com\/services\/aesthetic-dermatology\/skin-care-wellness-products\/"]}]},{"@type":"ImageObject","inLanguage":"es","@id":"https:\/\/affderm.com\/services\/aesthetic-dermatology\/skin-care-wellness-products\/#primaryimage","url":"https:\/\/affderm.com\/wp-content\/uploads\/2022\/03\/affiliated-dermtology-skin-care-product-lines.png","contentUrl":"https:\/\/affderm.com\/wp-content\/uploads\/2022\/03\/affiliated-dermtology-skin-care-product-lines.png"},{"@type":"BreadcrumbList","@id":"https:\/\/affderm.com\/services\/aesthetic-dermatology\/skin-care-wellness-products\/#breadcrumb","itemListElement":[{"@type":"ListItem","position":1,"name":"Home","item":"https:\/\/affderm.com\/"},{"@type":"ListItem","position":2,"name":"Services","item":"https:\/\/affderm.com\/services\/"},{"@type":"ListItem","position":3,"name":"Aesthetic \/ Cosmetic Dermatology","item":"https:\/\/affderm.com\/services\/aesthetic-dermatology\/"},{"@type":"ListItem","position":4,"name":"Skin Care Wellness Products"}]},{"@type":"WebSite","@id":"https:\/\/affderm.com\/#website","url":"https:\/\/affderm.com\/","name":"Dermatolog\u00eda afiliada","description":"Expertos en tratamiento y prevenci\u00f3n de enfermedades cut\u00e1neas","potentialAction":[{"@type":"SearchAction","target":{"@type":"EntryPoint","urlTemplate":"https:\/\/affderm.com\/?s={search_term_string}"},"query-input":{"@type":"PropertyValueSpecification","valueRequired":true,"valueName":"search_term_string"}}],"inLanguage":"es"}]}},"_links":{"self":[{"href":"https:\/\/affderm.com\/es\/wp-json\/wp\/v2\/pages\/1020","targetHints":{"allow":["GET"]}}],"collection":[{"href":"https:\/\/affderm.com\/es\/wp-json\/wp\/v2\/pages"}],"about":[{"href":"https:\/\/affderm.com\/es\/wp-json\/wp\/v2\/types\/page"}],"author":[{"embeddable":true,"href":"https:\/\/affderm.com\/es\/wp-json\/wp\/v2\/users\/1"}],"replies":[{"embeddable":true,"href":"https:\/\/affderm.com\/es\/wp-json\/wp\/v2\/comments?post=1020"}],"version-history":[{"count":0,"href":"https:\/\/affderm.com\/es\/wp-json\/wp\/v2\/pages\/1020\/revisions"}],"up":[{"embeddable":true,"href":"https:\/\/affderm.com\/es\/wp-json\/wp\/v2\/pages\/718"}],"wp:attachment":[{"href":"https:\/\/affderm.com\/es\/wp-json\/wp\/v2\/media?parent=1020"}],"curies":[{"name":"wp","href":"https:\/\/api.w.org\/{rel}","templated":true}]}}