{"id":1071,"date":"2022-03-08T06:00:16","date_gmt":"2022-03-08T06:00:16","guid":{"rendered":"http:\/\/120.72.95.94:55147\/?page_id=1071"},"modified":"2024-07-31T19:48:29","modified_gmt":"2024-08-01T02:48:29","slug":"inyeccion-antialergica","status":"publish","type":"page","link":"https:\/\/affderm.com\/es\/services\/allergy-testing\/allergy-injection\/","title":{"rendered":"Pruebas y tratamiento de inyecciones antial\u00e9rgicas"},"content":{"rendered":"<div data-elementor-type=\"wp-page\" data-elementor-id=\"1071\" class=\"elementor elementor-1071\">\n\t\t\t\t\t\t<section class=\"elementor-section elementor-top-section elementor-element elementor-element-42c00b1 elementor-section-boxed elementor-section-height-default elementor-section-height-default\" data-id=\"42c00b1\" data-element_type=\"section\" data-e-type=\"section\" data-settings=\"{&quot;background_background&quot;:&quot;classic&quot;}\">\n\t\t\t\t\t\t\t<div class=\"elementor-background-overlay\"><\/div>\n\t\t\t\t\t\t\t<div class=\"elementor-container elementor-column-gap-default\">\n\t\t\t\t\t<div class=\"elementor-column elementor-col-100 elementor-top-column elementor-element elementor-element-818bfdb\" data-id=\"818bfdb\" data-element_type=\"column\" data-e-type=\"column\">\n\t\t\t<div class=\"elementor-widget-wrap elementor-element-populated\">\n\t\t\t\t\t\t<div class=\"elementor-element elementor-element-ca90c7c elementor-widget elementor-widget-heading\" data-id=\"ca90c7c\" data-element_type=\"widget\" data-e-type=\"widget\" data-widget_type=\"heading.default\">\n\t\t\t\t<div class=\"elementor-widget-container\">\n\t\t\t\t\t<h1 class=\"elementor-heading-title elementor-size-default\">Inyecciones antial\u00e9rgicas e inyecciones antial\u00e9rgicas<\/h1>\t\t\t\t<\/div>\n\t\t\t\t<\/div>\n\t\t\t\t\t<\/div>\n\t\t<\/div>\n\t\t\t\t\t<\/div>\n\t\t<\/section>\n\t\t\t\t<section class=\"elementor-section elementor-top-section elementor-element elementor-element-1584f48 elementor-section-boxed elementor-section-height-default elementor-section-height-default\" data-id=\"1584f48\" data-element_type=\"section\" data-e-type=\"section\">\n\t\t\t\t\t\t<div class=\"elementor-container elementor-column-gap-default\">\n\t\t\t\t\t<div class=\"elementor-column elementor-col-100 elementor-top-column elementor-element elementor-element-ba6e248\" data-id=\"ba6e248\" data-element_type=\"column\" data-e-type=\"column\">\n\t\t\t<div class=\"elementor-widget-wrap elementor-element-populated\">\n\t\t\t\t\t\t<section class=\"elementor-section elementor-inner-section elementor-element elementor-element-7f59dcb elementor-section-full_width elementor-section-height-default elementor-section-height-default\" data-id=\"7f59dcb\" data-element_type=\"section\" data-e-type=\"section\">\n\t\t\t\t\t\t<div class=\"elementor-container elementor-column-gap-default\">\n\t\t\t\t\t<div class=\"elementor-column elementor-col-33 elementor-inner-column elementor-element elementor-element-f0eadb8\" data-id=\"f0eadb8\" data-element_type=\"column\" data-e-type=\"column\">\n\t\t\t<div class=\"elementor-widget-wrap elementor-element-populated\">\n\t\t\t\t\t\t<div class=\"elementor-element elementor-element-b4effbf elementor-widget elementor-widget-heading\" data-id=\"b4effbf\" data-element_type=\"widget\" data-e-type=\"widget\" data-widget_type=\"heading.default\">\n\t\t\t\t<div class=\"elementor-widget-container\">\n\t\t\t\t\t<h2 class=\"elementor-heading-title elementor-size-default\">Prueba de inyecci\u00f3n de alergia en Phoenix, AZ<\/h2>\t\t\t\t<\/div>\n\t\t\t\t<\/div>\n\t\t\t\t<div class=\"elementor-element elementor-element-2c264dd elementor-widget elementor-widget-text-editor\" data-id=\"2c264dd\" data-element_type=\"widget\" data-e-type=\"widget\" data-widget_type=\"text-editor.default\">\n\t\t\t\t<div class=\"elementor-widget-container\">\n\t\t\t\t\t\t\t\t\t<p>Es posible que necesite un <a href=\"https:\/\/affderm.com\/es\/servicios\/pruebas-de-alergia\/\">prueba de alergia<\/a> que utiliza una aguja para inyectar una peque\u00f1a cantidad de extracto de al\u00e9rgeno en la piel del brazo (prueba intrad\u00e9rmica). El lugar de la inyecci\u00f3n se examina al cabo de unos 15 minutos para detectar signos de reacci\u00f3n al\u00e9rgica. Su alerg\u00f3logo puede recomendarle esta prueba para detectar un al\u00e9rgeno espec\u00edfico, como la penicilina.<\/p>\t\t\t\t\t\t\t\t<\/div>\n\t\t\t\t<\/div>\n\t\t\t\t<div class=\"elementor-element elementor-element-e6d1842 elementor-widget elementor-widget-button\" data-id=\"e6d1842\" data-element_type=\"widget\" data-e-type=\"widget\" data-widget_type=\"button.default\">\n\t\t\t\t<div class=\"elementor-widget-container\">\n\t\t\t\t\t\t\t\t\t<div class=\"elementor-button-wrapper\">\n\t\t\t\t\t<a class=\"elementor-button elementor-button-link elementor-size-sm\" href=\"https:\/\/l.klara.com\/R9YiMF6k4Ux8PCxU\" target=\"_blank\">\n\t\t\t\t\t\t<span class=\"elementor-button-content-wrapper\">\n\t\t\t\t\t\t\t\t\t<span class=\"elementor-button-text\">Concertar una cita<\/span>\n\t\t\t\t\t<\/span>\n\t\t\t\t\t<\/a>\n\t\t\t\t<\/div>\n\t\t\t\t\t\t\t\t<\/div>\n\t\t\t\t<\/div>\n\t\t\t\t\t<\/div>\n\t\t<\/div>\n\t\t\t\t<div class=\"elementor-column elementor-col-66 elementor-inner-column elementor-element elementor-element-537be28\" data-id=\"537be28\" data-element_type=\"column\" data-e-type=\"column\">\n\t\t\t<div class=\"elementor-widget-wrap elementor-element-populated\">\n\t\t\t\t\t\t<div class=\"elementor-element elementor-element-470e916 img-happy-rt elementor-widget elementor-widget-image\" data-id=\"470e916\" data-element_type=\"widget\" data-e-type=\"widget\" data-widget_type=\"image.default\">\n\t\t\t\t<div class=\"elementor-widget-container\">\n\t\t\t\t\t\t\t\t\t\t\t\t\t\t\t<img fetchpriority=\"high\" decoding=\"async\" width=\"1225\" height=\"440\" src=\"https:\/\/affderm.com\/wp-content\/uploads\/2022\/03\/affiliated-dermtology-allergy-shots.png\" class=\"attachment-full size-full wp-image-1073\" alt=\"\" srcset=\"https:\/\/affderm.com\/wp-content\/uploads\/2022\/03\/affiliated-dermtology-allergy-shots.png 1225w, https:\/\/affderm.com\/wp-content\/uploads\/2022\/03\/affiliated-dermtology-allergy-shots-800x287.png 800w, https:\/\/affderm.com\/wp-content\/uploads\/2022\/03\/affiliated-dermtology-allergy-shots-1200x431.png 1200w, https:\/\/affderm.com\/wp-content\/uploads\/2022\/03\/affiliated-dermtology-allergy-shots-768x276.png 768w\" sizes=\"(max-width: 1225px) 100vw, 1225px\" \/>\t\t\t\t\t\t\t\t\t\t\t\t\t\t\t<\/div>\n\t\t\t\t<\/div>\n\t\t\t\t\t<\/div>\n\t\t<\/div>\n\t\t\t\t\t<\/div>\n\t\t<\/section>\n\t\t\t\t<div class=\"elementor-element elementor-element-9e8bda9 elementor-widget elementor-widget-spacer\" data-id=\"9e8bda9\" data-element_type=\"widget\" data-e-type=\"widget\" data-widget_type=\"spacer.default\">\n\t\t\t\t<div class=\"elementor-widget-container\">\n\t\t\t\t\t\t\t<div class=\"elementor-spacer\">\n\t\t\t<div class=\"elementor-spacer-inner\"><\/div>\n\t\t<\/div>\n\t\t\t\t\t\t<\/div>\n\t\t\t\t<\/div>\n\t\t\t\t<div class=\"elementor-element elementor-element-9c5b067 elementor-widget elementor-widget-heading\" data-id=\"9c5b067\" data-element_type=\"widget\" data-e-type=\"widget\" data-widget_type=\"heading.default\">\n\t\t\t\t<div class=\"elementor-widget-container\">\n\t\t\t\t\t<h2 class=\"elementor-heading-title elementor-size-default\">Tratamientos de inyecciones antial\u00e9rgicas en Phoenix, AZ<\/h2>\t\t\t\t<\/div>\n\t\t\t\t<\/div>\n\t\t\t\t<div class=\"elementor-element elementor-element-12acfa6 elementor-widget elementor-widget-text-editor\" data-id=\"12acfa6\" data-element_type=\"widget\" data-e-type=\"widget\" data-widget_type=\"text-editor.default\">\n\t\t\t\t<div class=\"elementor-widget-container\">\n\t\t\t\t\t\t\t\t\t<p>La inmunoterapia con al\u00e9rgenos, tambi\u00e9n conocida como vacunas antial\u00e9rgicas, es una forma de tratamiento a largo plazo que disminuye los s\u00edntomas de muchas personas con s\u00edntomas cr\u00f3nicos de alergia. Las vacunas antial\u00e9rgicas son inyecciones peri\u00f3dicas durante un periodo de tiempo para detener o reducir los ataques de alergia. Las vacunas antial\u00e9rgicas son una forma de tratamiento llamada inmunoterapia, en la que cada inyecci\u00f3n contiene una peque\u00f1a cantidad de la sustancia o sustancias espec\u00edficas que desencadenan las reacciones al\u00e9rgicas.<\/p>\t\t\t\t\t\t\t\t<\/div>\n\t\t\t\t<\/div>\n\t\t\t\t<div class=\"elementor-element elementor-element-fbc2b99 elementor-widget elementor-widget-text-editor\" data-id=\"fbc2b99\" data-element_type=\"widget\" data-e-type=\"widget\" data-widget_type=\"text-editor.default\">\n\t\t\t\t<div class=\"elementor-widget-container\">\n\t\t\t\t\t\t\t\t\t<p>Su plan de tratamiento de la alergia puede incluir medicamentos, inmunoterapia, cambios en su entorno laboral o dom\u00e9stico, o cambios en la dieta. Pida a su alerg\u00f3logo que le explique cualquier cosa sobre su diagn\u00f3stico o tratamiento que no entienda. Con los resultados de las pruebas que identifican sus al\u00e9rgenos y un plan de tratamiento que le ayude a tomar el control, podr\u00e1 reducir o eliminar los signos y s\u00edntomas de la alergia.<\/p>\t\t\t\t\t\t\t\t<\/div>\n\t\t\t\t<\/div>\n\t\t\t\t\t<\/div>\n\t\t<\/div>\n\t\t\t\t\t<\/div>\n\t\t<\/section>\n\t\t\t\t<section class=\"elementor-section elementor-top-section elementor-element elementor-element-bef6107 elementor-section-boxed elementor-section-height-default elementor-section-height-default\" data-id=\"bef6107\" data-element_type=\"section\" data-e-type=\"section\">\n\t\t\t\t\t\t<div class=\"elementor-container elementor-column-gap-default\">\n\t\t\t\t\t<div class=\"elementor-column elementor-col-100 elementor-top-column elementor-element elementor-element-14c82cb\" data-id=\"14c82cb\" data-element_type=\"column\" data-e-type=\"column\">\n\t\t\t<div class=\"elementor-widget-wrap elementor-element-populated\">\n\t\t\t\t\t\t<div class=\"elementor-element elementor-element-e84d8c3 elementor-widget elementor-widget-heading\" data-id=\"e84d8c3\" data-element_type=\"widget\" data-e-type=\"widget\" data-widget_type=\"heading.default\">\n\t\t\t\t<div class=\"elementor-widget-container\">\n\t\t\t\t\t<h3 class=\"elementor-heading-title elementor-size-default\">Solicitar una cita para una inyecci\u00f3n o vacuna antial\u00e9rgica<\/h3>\t\t\t\t<\/div>\n\t\t\t\t<\/div>\n\t\t\t\t<div class=\"elementor-element elementor-element-40a6fb3 elementor-widget elementor-widget-text-editor\" data-id=\"40a6fb3\" data-element_type=\"widget\" data-e-type=\"widget\" data-widget_type=\"text-editor.default\">\n\t\t\t\t<div class=\"elementor-widget-container\">\n\t\t\t\t\t\t\t\t\t<p>Para m\u00e1s informaci\u00f3n o para concertar una cita para inyecciones antial\u00e9rgicas en uno de nuestros <a href=\"https:\/\/affderm.com\/es\/lugares\/\">varias consultas de dermatolog\u00eda<\/a> en Arizona, p\u00f3ngase en contacto con nosotros llamando al <strong>(480) 556-0446<\/strong> o dej\u00e1ndonos un mensaje con el siguiente formulario de contacto.<\/p>\t\t\t\t\t\t\t\t<\/div>\n\t\t\t\t<\/div>\n\t\t\t\t<div class=\"elementor-element elementor-element-a7b27ec elementor-widget elementor-widget-text-editor\" data-id=\"a7b27ec\" data-element_type=\"widget\" data-e-type=\"widget\" data-widget_type=\"text-editor.default\">\n\t\t\t\t<div class=\"elementor-widget-container\">\n\t\t\t\t\t\t\t\t\t<div class=\"_form_35\"><\/div><script src=\"https:\/\/affderm.dewy.io\/f\/embed.php?id=35\" type=\"text\/javascript\" charset=\"utf-8\"><\/script>\t\t\t\t\t\t\t\t<\/div>\n\t\t\t\t<\/div>\n\t\t\t\t\t<\/div>\n\t\t<\/div>\n\t\t\t\t\t<\/div>\n\t\t<\/section>\n\t\t\t\t<section class=\"elementor-section elementor-top-section elementor-element elementor-element-35e3ccd elementor-section-boxed elementor-section-height-default elementor-section-height-default\" data-id=\"35e3ccd\" data-element_type=\"section\" data-e-type=\"section\">\n\t\t\t\t\t\t<div class=\"elementor-container elementor-column-gap-default\">\n\t\t\t\t\t<div class=\"elementor-column elementor-col-100 elementor-top-column elementor-element elementor-element-e33ea55\" data-id=\"e33ea55\" data-element_type=\"column\" data-e-type=\"column\">\n\t\t\t<div class=\"elementor-widget-wrap elementor-element-populated\">\n\t\t\t\t\t\t<section class=\"elementor-section elementor-inner-section elementor-element elementor-element-ce8902c elementor-section-full_width elementor-section-height-default elementor-section-height-default\" data-id=\"ce8902c\" data-element_type=\"section\" data-e-type=\"section\" data-settings=\"{&quot;background_background&quot;:&quot;classic&quot;}\">\n\t\t\t\t\t\t<div class=\"elementor-container elementor-column-gap-default\">\n\t\t\t\t\t<div class=\"elementor-column elementor-col-100 elementor-inner-column elementor-element elementor-element-128e049\" data-id=\"128e049\" data-element_type=\"column\" data-e-type=\"column\">\n\t\t\t<div class=\"elementor-widget-wrap elementor-element-populated\">\n\t\t\t\t\t\t<div class=\"elementor-element elementor-element-1914438 elementor-widget elementor-widget-heading\" data-id=\"1914438\" data-element_type=\"widget\" data-e-type=\"widget\" data-widget_type=\"heading.default\">\n\t\t\t\t<div class=\"elementor-widget-container\">\n\t\t\t\t\t<h3 class=\"elementor-heading-title elementor-size-default\">Concertar una cita<\/h3>\t\t\t\t<\/div>\n\t\t\t\t<\/div>\n\t\t\t\t<div class=\"elementor-element elementor-element-33c4c87 elementor-widget elementor-widget-text-editor\" data-id=\"33c4c87\" data-element_type=\"widget\" data-e-type=\"widget\" data-widget_type=\"text-editor.default\">\n\t\t\t\t<div class=\"elementor-widget-container\">\n\t\t\t\t\t\t\t\t\t<p>Tanto si desea recibir tratamiento para una afecci\u00f3n cut\u00e1nea como para un procedimiento est\u00e9tico, puede estar seguro de que ser\u00e1 tratado con atenci\u00f3n profesional y personal por uno de nuestros expertos en el cuidado de la piel. No dude en llamarnos al <strong>(480) 556-0446<\/strong> o d\u00e9jenos un mensaje en l\u00ednea utilizando nuestro <a href=\"https:\/\/affderm.com\/es\/contacto\/\"><strong>Contacte<\/strong><\/a> forma.<\/p>\t\t\t\t\t\t\t\t<\/div>\n\t\t\t\t<\/div>\n\t\t\t\t\t<\/div>\n\t\t<\/div>\n\t\t\t\t\t<\/div>\n\t\t<\/section>\n\t\t\t\t<section class=\"elementor-section elementor-inner-section elementor-element elementor-element-7a3e072 elementor-section-full_width elementor-section-height-default elementor-section-height-default\" data-id=\"7a3e072\" data-element_type=\"section\" data-e-type=\"section\" data-settings=\"{&quot;background_background&quot;:&quot;classic&quot;}\">\n\t\t\t\t\t\t<div class=\"elementor-container elementor-column-gap-default\">\n\t\t\t\t\t<div class=\"elementor-column elementor-col-100 elementor-inner-column elementor-element elementor-element-8ebe8a2\" data-id=\"8ebe8a2\" data-element_type=\"column\" data-e-type=\"column\">\n\t\t\t<div class=\"elementor-widget-wrap elementor-element-populated\">\n\t\t\t\t\t\t<div class=\"elementor-element elementor-element-f64b84e elementor-widget elementor-widget-button\" data-id=\"f64b84e\" data-element_type=\"widget\" data-e-type=\"widget\" data-widget_type=\"button.default\">\n\t\t\t\t<div class=\"elementor-widget-container\">\n\t\t\t\t\t\t\t\t\t<div class=\"elementor-button-wrapper\">\n\t\t\t\t\t<a class=\"elementor-button elementor-button-link elementor-size-sm\" href=\"https:\/\/l.klara.com\/R9YiMF6k4Ux8PCxU\" target=\"_blank\">\n\t\t\t\t\t\t<span class=\"elementor-button-content-wrapper\">\n\t\t\t\t\t\t\t\t\t<span class=\"elementor-button-text\">Concertar una cita<\/span>\n\t\t\t\t\t<\/span>\n\t\t\t\t\t<\/a>\n\t\t\t\t<\/div>\n\t\t\t\t\t\t\t\t<\/div>\n\t\t\t\t<\/div>\n\t\t\t\t\t<\/div>\n\t\t<\/div>\n\t\t\t\t\t<\/div>\n\t\t<\/section>\n\t\t\t\t\t<\/div>\n\t\t<\/div>\n\t\t\t\t\t<\/div>\n\t\t<\/section>\n\t\t\t\t<\/div>","protected":false},"excerpt":{"rendered":"<p>Allergy Injection Testing &#038; Allergy Shots Allergy Injection Testing in Phoenix, AZ You may need an allergy test that uses [&hellip;]<\/p>\n","protected":false},"author":1,"featured_media":0,"parent":1068,"menu_order":0,"comment_status":"closed","ping_status":"closed","template":"elementor_header_footer","meta":{"_acf_changed":false,"footnotes":""},"class_list":["post-1071","page","type-page","status-publish","hentry"],"acf":[],"yoast_head":"<!-- This site is optimized with the Yoast SEO plugin v27.4 - https:\/\/yoast.com\/product\/yoast-seo-wordpress\/ -->\n<title>Allergy Injection Tests &amp; Allergy Shots in Phoenix, AZ<\/title>\n<meta name=\"description\" content=\"Affiliated Dermatology has offices throughout the greater Phoenix metro area where you can receive state of the art allergy testing and treatment.\" \/>\n<meta name=\"robots\" content=\"index, follow, max-snippet:-1, max-image-preview:large, max-video-preview:-1\" \/>\n<link rel=\"canonical\" href=\"https:\/\/affderm.com\/es\/servicios\/pruebas-de-alergia\/inyeccion-antialergica\/\" \/>\n<meta property=\"og:locale\" content=\"es_MX\" \/>\n<meta property=\"og:type\" content=\"article\" \/>\n<meta property=\"og:title\" content=\"Allergy Injection Tests &amp; Allergy Shots in Phoenix, AZ\" \/>\n<meta property=\"og:description\" content=\"Affiliated Dermatology has offices throughout the greater Phoenix metro area where you can receive state of the art allergy testing and treatment.\" \/>\n<meta property=\"og:url\" content=\"https:\/\/affderm.com\/es\/servicios\/pruebas-de-alergia\/inyeccion-antialergica\/\" \/>\n<meta property=\"og:site_name\" content=\"Affiliated Dermatology\" \/>\n<meta property=\"article:modified_time\" content=\"2024-08-01T02:48:29+00:00\" \/>\n<meta property=\"og:image\" content=\"https:\/\/affderm.com\/wp-content\/uploads\/2022\/03\/affiliated-dermtology-allergy-shots.png\" \/>\n<meta name=\"twitter:card\" content=\"summary_large_image\" \/>\n<meta name=\"twitter:label1\" content=\"Tiempo de lectura\" \/>\n\t<meta name=\"twitter:data1\" content=\"2 minutos\" \/>\n<script type=\"application\/ld+json\" class=\"yoast-schema-graph\">{\"@context\":\"https:\\\/\\\/schema.org\",\"@graph\":[{\"@type\":\"WebPage\",\"@id\":\"https:\\\/\\\/affderm.com\\\/services\\\/allergy-testing\\\/allergy-injection\\\/\",\"url\":\"https:\\\/\\\/affderm.com\\\/services\\\/allergy-testing\\\/allergy-injection\\\/\",\"name\":\"Allergy Injection Tests & Allergy Shots in Phoenix, AZ\",\"isPartOf\":{\"@id\":\"https:\\\/\\\/affderm.com\\\/#website\"},\"primaryImageOfPage\":{\"@id\":\"https:\\\/\\\/affderm.com\\\/services\\\/allergy-testing\\\/allergy-injection\\\/#primaryimage\"},\"image\":{\"@id\":\"https:\\\/\\\/affderm.com\\\/services\\\/allergy-testing\\\/allergy-injection\\\/#primaryimage\"},\"thumbnailUrl\":\"https:\\\/\\\/affderm.com\\\/wp-content\\\/uploads\\\/2022\\\/03\\\/affiliated-dermtology-allergy-shots.png\",\"datePublished\":\"2022-03-08T06:00:16+00:00\",\"dateModified\":\"2024-08-01T02:48:29+00:00\",\"description\":\"Affiliated Dermatology has offices throughout the greater Phoenix metro area where you can receive state of the art allergy testing and treatment.\",\"breadcrumb\":{\"@id\":\"https:\\\/\\\/affderm.com\\\/services\\\/allergy-testing\\\/allergy-injection\\\/#breadcrumb\"},\"inLanguage\":\"es\",\"potentialAction\":[{\"@type\":\"ReadAction\",\"target\":[\"https:\\\/\\\/affderm.com\\\/services\\\/allergy-testing\\\/allergy-injection\\\/\"]}]},{\"@type\":\"ImageObject\",\"inLanguage\":\"es\",\"@id\":\"https:\\\/\\\/affderm.com\\\/services\\\/allergy-testing\\\/allergy-injection\\\/#primaryimage\",\"url\":\"https:\\\/\\\/affderm.com\\\/wp-content\\\/uploads\\\/2022\\\/03\\\/affiliated-dermtology-allergy-shots.png\",\"contentUrl\":\"https:\\\/\\\/affderm.com\\\/wp-content\\\/uploads\\\/2022\\\/03\\\/affiliated-dermtology-allergy-shots.png\"},{\"@type\":\"BreadcrumbList\",\"@id\":\"https:\\\/\\\/affderm.com\\\/services\\\/allergy-testing\\\/allergy-injection\\\/#breadcrumb\",\"itemListElement\":[{\"@type\":\"ListItem\",\"position\":1,\"name\":\"Home\",\"item\":\"https:\\\/\\\/affderm.com\\\/\"},{\"@type\":\"ListItem\",\"position\":2,\"name\":\"Services\",\"item\":\"https:\\\/\\\/affderm.com\\\/services\\\/\"},{\"@type\":\"ListItem\",\"position\":3,\"name\":\"Allergy Testing &#038; Solutions in Arizona\",\"item\":\"https:\\\/\\\/affderm.com\\\/services\\\/allergy-testing\\\/\"},{\"@type\":\"ListItem\",\"position\":4,\"name\":\"Allergy Injection Testing and Shot Treatment\"}]},{\"@type\":\"WebSite\",\"@id\":\"https:\\\/\\\/affderm.com\\\/#website\",\"url\":\"https:\\\/\\\/affderm.com\\\/\",\"name\":\"Affiliated Dermatology\",\"description\":\"Experts in Skin Disease Treatment &amp; Prevention\",\"potentialAction\":[{\"@type\":\"SearchAction\",\"target\":{\"@type\":\"EntryPoint\",\"urlTemplate\":\"https:\\\/\\\/affderm.com\\\/?s={search_term_string}\"},\"query-input\":{\"@type\":\"PropertyValueSpecification\",\"valueRequired\":true,\"valueName\":\"search_term_string\"}}],\"inLanguage\":\"es\"}]}<\/script>\n<!-- \/ Yoast SEO plugin. -->","yoast_head_json":{"title":"Pruebas de inyecci\u00f3n para alergias y vacunas para alergias en Phoenix, AZ","description":"Affiliated Dermatology tiene oficinas en toda el \u00e1rea metropolitana de Phoenix, donde puede recibir pruebas de alergia y tratamiento de vanguardia.","robots":{"index":"index","follow":"follow","max-snippet":"max-snippet:-1","max-image-preview":"max-image-preview:large","max-video-preview":"max-video-preview:-1"},"canonical":"https:\/\/affderm.com\/es\/servicios\/pruebas-de-alergia\/inyeccion-antialergica\/","og_locale":"es_MX","og_type":"article","og_title":"Allergy Injection Tests & Allergy Shots in Phoenix, AZ","og_description":"Affiliated Dermatology has offices throughout the greater Phoenix metro area where you can receive state of the art allergy testing and treatment.","og_url":"https:\/\/affderm.com\/es\/servicios\/pruebas-de-alergia\/inyeccion-antialergica\/","og_site_name":"Affiliated Dermatology","article_modified_time":"2024-08-01T02:48:29+00:00","og_image":[{"url":"https:\/\/affderm.com\/wp-content\/uploads\/2022\/03\/affiliated-dermtology-allergy-shots.png","type":"","width":"","height":""}],"twitter_card":"summary_large_image","twitter_misc":{"Tiempo de lectura":"2 minutos"},"schema":{"@context":"https:\/\/schema.org","@graph":[{"@type":"WebPage","@id":"https:\/\/affderm.com\/services\/allergy-testing\/allergy-injection\/","url":"https:\/\/affderm.com\/services\/allergy-testing\/allergy-injection\/","name":"Pruebas de inyecci\u00f3n para alergias y vacunas para alergias en Phoenix, AZ","isPartOf":{"@id":"https:\/\/affderm.com\/#website"},"primaryImageOfPage":{"@id":"https:\/\/affderm.com\/services\/allergy-testing\/allergy-injection\/#primaryimage"},"image":{"@id":"https:\/\/affderm.com\/services\/allergy-testing\/allergy-injection\/#primaryimage"},"thumbnailUrl":"https:\/\/affderm.com\/wp-content\/uploads\/2022\/03\/affiliated-dermtology-allergy-shots.png","datePublished":"2022-03-08T06:00:16+00:00","dateModified":"2024-08-01T02:48:29+00:00","description":"Affiliated Dermatology tiene oficinas en toda el \u00e1rea metropolitana de Phoenix, donde puede recibir pruebas de alergia y tratamiento de vanguardia.","breadcrumb":{"@id":"https:\/\/affderm.com\/services\/allergy-testing\/allergy-injection\/#breadcrumb"},"inLanguage":"es","potentialAction":[{"@type":"ReadAction","target":["https:\/\/affderm.com\/services\/allergy-testing\/allergy-injection\/"]}]},{"@type":"ImageObject","inLanguage":"es","@id":"https:\/\/affderm.com\/services\/allergy-testing\/allergy-injection\/#primaryimage","url":"https:\/\/affderm.com\/wp-content\/uploads\/2022\/03\/affiliated-dermtology-allergy-shots.png","contentUrl":"https:\/\/affderm.com\/wp-content\/uploads\/2022\/03\/affiliated-dermtology-allergy-shots.png"},{"@type":"BreadcrumbList","@id":"https:\/\/affderm.com\/services\/allergy-testing\/allergy-injection\/#breadcrumb","itemListElement":[{"@type":"ListItem","position":1,"name":"Home","item":"https:\/\/affderm.com\/"},{"@type":"ListItem","position":2,"name":"Services","item":"https:\/\/affderm.com\/services\/"},{"@type":"ListItem","position":3,"name":"Allergy Testing &#038; Solutions in Arizona","item":"https:\/\/affderm.com\/services\/allergy-testing\/"},{"@type":"ListItem","position":4,"name":"Allergy Injection Testing and Shot Treatment"}]},{"@type":"WebSite","@id":"https:\/\/affderm.com\/#website","url":"https:\/\/affderm.com\/","name":"Dermatolog\u00eda afiliada","description":"Expertos en tratamiento y prevenci\u00f3n de enfermedades cut\u00e1neas","potentialAction":[{"@type":"SearchAction","target":{"@type":"EntryPoint","urlTemplate":"https:\/\/affderm.com\/?s={search_term_string}"},"query-input":{"@type":"PropertyValueSpecification","valueRequired":true,"valueName":"search_term_string"}}],"inLanguage":"es"}]}},"_links":{"self":[{"href":"https:\/\/affderm.com\/es\/wp-json\/wp\/v2\/pages\/1071","targetHints":{"allow":["GET"]}}],"collection":[{"href":"https:\/\/affderm.com\/es\/wp-json\/wp\/v2\/pages"}],"about":[{"href":"https:\/\/affderm.com\/es\/wp-json\/wp\/v2\/types\/page"}],"author":[{"embeddable":true,"href":"https:\/\/affderm.com\/es\/wp-json\/wp\/v2\/users\/1"}],"replies":[{"embeddable":true,"href":"https:\/\/affderm.com\/es\/wp-json\/wp\/v2\/comments?post=1071"}],"version-history":[{"count":0,"href":"https:\/\/affderm.com\/es\/wp-json\/wp\/v2\/pages\/1071\/revisions"}],"up":[{"embeddable":true,"href":"https:\/\/affderm.com\/es\/wp-json\/wp\/v2\/pages\/1068"}],"wp:attachment":[{"href":"https:\/\/affderm.com\/es\/wp-json\/wp\/v2\/media?parent=1071"}],"curies":[{"name":"wp","href":"https:\/\/api.w.org\/{rel}","templated":true}]}}