{"id":1140,"date":"2022-03-08T12:33:38","date_gmt":"2022-03-08T12:33:38","guid":{"rendered":"http:\/\/120.72.95.94:55147\/?page_id=1140"},"modified":"2022-07-28T07:12:23","modified_gmt":"2022-07-28T07:12:23","slug":"informacion-al-paciente","status":"publish","type":"page","link":"https:\/\/affderm.com\/es\/patient-information\/","title":{"rendered":"Informaci\u00f3n del Paciente"},"content":{"rendered":"","protected":false},"excerpt":{"rendered":"","protected":false},"author":1,"featured_media":0,"parent":0,"menu_order":0,"comment_status":"closed","ping_status":"closed","template":"","meta":{"_acf_changed":false,"footnotes":""},"class_list":["post-1140","page","type-page","status-publish","hentry"],"acf":[],"yoast_head":"<!-- This site is optimized with the Yoast SEO plugin v27.4 - https:\/\/yoast.com\/product\/yoast-seo-wordpress\/ -->\n<title>Patient Information - Affiliated Dermatology<\/title>\n<meta name=\"description\" content=\"Affiliated Dermatology provides comprehensive, state-of-the-art dermatological treatments for medical and aesthetic issues that affect the skin, hair, and nails to patients in Scottsdale and greater Phoenix Arizona.\" \/>\n<meta name=\"robots\" content=\"index, follow, max-snippet:-1, max-image-preview:large, max-video-preview:-1\" \/>\n<link rel=\"canonical\" href=\"https:\/\/affderm.com\/es\/informacion-al-paciente\/\" \/>\n<meta property=\"og:locale\" content=\"es_MX\" \/>\n<meta property=\"og:type\" content=\"article\" \/>\n<meta property=\"og:title\" content=\"Patient Information - Affiliated Dermatology\" \/>\n<meta property=\"og:description\" content=\"Affiliated Dermatology provides comprehensive, state-of-the-art dermatological treatments for medical and aesthetic issues that affect the skin, hair, and nails to patients in Scottsdale and greater Phoenix Arizona.\" \/>\n<meta property=\"og:url\" content=\"https:\/\/affderm.com\/es\/informacion-al-paciente\/\" \/>\n<meta property=\"og:site_name\" content=\"Affiliated Dermatology\" \/>\n<meta property=\"article:modified_time\" content=\"2022-07-28T07:12:23+00:00\" \/>\n<meta name=\"twitter:card\" content=\"summary_large_image\" \/>\n<script type=\"application\/ld+json\" class=\"yoast-schema-graph\">{\"@context\":\"https:\\\/\\\/schema.org\",\"@graph\":[{\"@type\":\"WebPage\",\"@id\":\"https:\\\/\\\/affderm.com\\\/patient-information\\\/\",\"url\":\"https:\\\/\\\/affderm.com\\\/patient-information\\\/\",\"name\":\"Patient Information - Affiliated Dermatology\",\"isPartOf\":{\"@id\":\"https:\\\/\\\/affderm.com\\\/#website\"},\"datePublished\":\"2022-03-08T12:33:38+00:00\",\"dateModified\":\"2022-07-28T07:12:23+00:00\",\"description\":\"Affiliated Dermatology provides comprehensive, state-of-the-art dermatological treatments for medical and aesthetic issues that affect the skin, hair, and nails to patients in Scottsdale and greater Phoenix Arizona.\",\"breadcrumb\":{\"@id\":\"https:\\\/\\\/affderm.com\\\/patient-information\\\/#breadcrumb\"},\"inLanguage\":\"es\",\"potentialAction\":[{\"@type\":\"ReadAction\",\"target\":[\"https:\\\/\\\/affderm.com\\\/patient-information\\\/\"]}]},{\"@type\":\"BreadcrumbList\",\"@id\":\"https:\\\/\\\/affderm.com\\\/patient-information\\\/#breadcrumb\",\"itemListElement\":[{\"@type\":\"ListItem\",\"position\":1,\"name\":\"Home\",\"item\":\"https:\\\/\\\/affderm.com\\\/\"},{\"@type\":\"ListItem\",\"position\":2,\"name\":\"Patient Information\"}]},{\"@type\":\"WebSite\",\"@id\":\"https:\\\/\\\/affderm.com\\\/#website\",\"url\":\"https:\\\/\\\/affderm.com\\\/\",\"name\":\"Affiliated Dermatology\",\"description\":\"Experts in Skin Disease Treatment &amp; Prevention\",\"potentialAction\":[{\"@type\":\"SearchAction\",\"target\":{\"@type\":\"EntryPoint\",\"urlTemplate\":\"https:\\\/\\\/affderm.com\\\/?s={search_term_string}\"},\"query-input\":{\"@type\":\"PropertyValueSpecification\",\"valueRequired\":true,\"valueName\":\"search_term_string\"}}],\"inLanguage\":\"es\"}]}<\/script>\n<!-- \/ Yoast SEO plugin. -->","yoast_head_json":{"title":"Informaci\u00f3n para el paciente - Affiliated Dermatology","description":"Affiliated Dermatology ofrece tratamientos dermatol\u00f3gicos integrales y de vanguardia para problemas m\u00e9dicos y est\u00e9ticos que afectan a la piel, el cabello y las u\u00f1as a pacientes de Scottsdale y la zona metropolitana de Phoenix, Arizona.","robots":{"index":"index","follow":"follow","max-snippet":"max-snippet:-1","max-image-preview":"max-image-preview:large","max-video-preview":"max-video-preview:-1"},"canonical":"https:\/\/affderm.com\/es\/informacion-al-paciente\/","og_locale":"es_MX","og_type":"article","og_title":"Patient Information - Affiliated Dermatology","og_description":"Affiliated Dermatology provides comprehensive, state-of-the-art dermatological treatments for medical and aesthetic issues that affect the skin, hair, and nails to patients in Scottsdale and greater Phoenix Arizona.","og_url":"https:\/\/affderm.com\/es\/informacion-al-paciente\/","og_site_name":"Affiliated Dermatology","article_modified_time":"2022-07-28T07:12:23+00:00","twitter_card":"summary_large_image","schema":{"@context":"https:\/\/schema.org","@graph":[{"@type":"WebPage","@id":"https:\/\/affderm.com\/patient-information\/","url":"https:\/\/affderm.com\/patient-information\/","name":"Informaci\u00f3n para el paciente - Affiliated Dermatology","isPartOf":{"@id":"https:\/\/affderm.com\/#website"},"datePublished":"2022-03-08T12:33:38+00:00","dateModified":"2022-07-28T07:12:23+00:00","description":"Affiliated Dermatology ofrece tratamientos dermatol\u00f3gicos integrales y de vanguardia para problemas m\u00e9dicos y est\u00e9ticos que afectan a la piel, el cabello y las u\u00f1as a pacientes de Scottsdale y la zona metropolitana de Phoenix, Arizona.","breadcrumb":{"@id":"https:\/\/affderm.com\/patient-information\/#breadcrumb"},"inLanguage":"es","potentialAction":[{"@type":"ReadAction","target":["https:\/\/affderm.com\/patient-information\/"]}]},{"@type":"BreadcrumbList","@id":"https:\/\/affderm.com\/patient-information\/#breadcrumb","itemListElement":[{"@type":"ListItem","position":1,"name":"Home","item":"https:\/\/affderm.com\/"},{"@type":"ListItem","position":2,"name":"Patient Information"}]},{"@type":"WebSite","@id":"https:\/\/affderm.com\/#website","url":"https:\/\/affderm.com\/","name":"Dermatolog\u00eda afiliada","description":"Expertos en tratamiento y prevenci\u00f3n de enfermedades cut\u00e1neas","potentialAction":[{"@type":"SearchAction","target":{"@type":"EntryPoint","urlTemplate":"https:\/\/affderm.com\/?s={search_term_string}"},"query-input":{"@type":"PropertyValueSpecification","valueRequired":true,"valueName":"search_term_string"}}],"inLanguage":"es"}]}},"_links":{"self":[{"href":"https:\/\/affderm.com\/es\/wp-json\/wp\/v2\/pages\/1140","targetHints":{"allow":["GET"]}}],"collection":[{"href":"https:\/\/affderm.com\/es\/wp-json\/wp\/v2\/pages"}],"about":[{"href":"https:\/\/affderm.com\/es\/wp-json\/wp\/v2\/types\/page"}],"author":[{"embeddable":true,"href":"https:\/\/affderm.com\/es\/wp-json\/wp\/v2\/users\/1"}],"replies":[{"embeddable":true,"href":"https:\/\/affderm.com\/es\/wp-json\/wp\/v2\/comments?post=1140"}],"version-history":[{"count":0,"href":"https:\/\/affderm.com\/es\/wp-json\/wp\/v2\/pages\/1140\/revisions"}],"wp:attachment":[{"href":"https:\/\/affderm.com\/es\/wp-json\/wp\/v2\/media?parent=1140"}],"curies":[{"name":"wp","href":"https:\/\/api.w.org\/{rel}","templated":true}]}}