{"id":1224,"date":"2022-03-09T06:22:26","date_gmt":"2022-03-09T06:22:26","guid":{"rendered":"http:\/\/120.72.95.94:55147\/?page_id=1224"},"modified":"2022-07-28T06:31:00","modified_gmt":"2022-07-28T06:31:00","slug":"carreras","status":"publish","type":"page","link":"https:\/\/affderm.com\/es\/about\/careers\/","title":{"rendered":"Carreras profesionales"},"content":{"rendered":"<div data-elementor-type=\"wp-page\" data-elementor-id=\"1224\" class=\"elementor elementor-1224\">\n\t\t\t\t\t\t<section class=\"elementor-section elementor-top-section elementor-element elementor-element-42c00b1 elementor-section-boxed elementor-section-height-default elementor-section-height-default\" data-id=\"42c00b1\" data-element_type=\"section\" data-e-type=\"section\" data-settings=\"{&quot;background_background&quot;:&quot;classic&quot;}\">\n\t\t\t\t\t\t\t<div class=\"elementor-background-overlay\"><\/div>\n\t\t\t\t\t\t\t<div class=\"elementor-container elementor-column-gap-default\">\n\t\t\t\t\t<div class=\"elementor-column elementor-col-100 elementor-top-column elementor-element elementor-element-818bfdb\" data-id=\"818bfdb\" data-element_type=\"column\" data-e-type=\"column\">\n\t\t\t<div class=\"elementor-widget-wrap elementor-element-populated\">\n\t\t\t\t\t\t<div class=\"elementor-element elementor-element-ca90c7c elementor-widget elementor-widget-heading\" data-id=\"ca90c7c\" data-element_type=\"widget\" data-e-type=\"widget\" data-widget_type=\"heading.default\">\n\t\t\t\t<div class=\"elementor-widget-container\">\n\t\t\t\t\t<h2 class=\"elementor-heading-title elementor-size-default\">Carreras profesionales<\/h2>\t\t\t\t<\/div>\n\t\t\t\t<\/div>\n\t\t\t\t\t<\/div>\n\t\t<\/div>\n\t\t\t\t\t<\/div>\n\t\t<\/section>\n\t\t\t\t<section class=\"elementor-section elementor-top-section elementor-element elementor-element-18ea388 elementor-section-boxed elementor-section-height-default elementor-section-height-default\" data-id=\"18ea388\" data-element_type=\"section\" data-e-type=\"section\">\n\t\t\t\t\t\t<div class=\"elementor-container elementor-column-gap-default\">\n\t\t\t\t\t<div class=\"elementor-column elementor-col-100 elementor-top-column elementor-element elementor-element-b8609a5\" data-id=\"b8609a5\" data-element_type=\"column\" data-e-type=\"column\">\n\t\t\t<div class=\"elementor-widget-wrap elementor-element-populated\">\n\t\t\t\t\t\t<div class=\"elementor-element elementor-element-470e916 img-happy-rt elementor-widget elementor-widget-image\" data-id=\"470e916\" data-element_type=\"widget\" data-e-type=\"widget\" data-widget_type=\"image.default\">\n\t\t\t\t<div class=\"elementor-widget-container\">\n\t\t\t\t\t\t\t\t\t\t\t\t\t\t\t<img fetchpriority=\"high\" decoding=\"async\" width=\"2140\" height=\"1088\" src=\"https:\/\/affderm.com\/wp-content\/uploads\/2022\/03\/Affiliated-Dermatology-Careers-2185529802-1525369643173.jpg\" class=\"attachment-full size-full wp-image-1226\" alt=\"\" srcset=\"https:\/\/affderm.com\/wp-content\/uploads\/2022\/03\/Affiliated-Dermatology-Careers-2185529802-1525369643173.jpg 2140w, https:\/\/affderm.com\/wp-content\/uploads\/2022\/03\/Affiliated-Dermatology-Careers-2185529802-1525369643173-800x407.jpg 800w, https:\/\/affderm.com\/wp-content\/uploads\/2022\/03\/Affiliated-Dermatology-Careers-2185529802-1525369643173-1200x610.jpg 1200w, https:\/\/affderm.com\/wp-content\/uploads\/2022\/03\/Affiliated-Dermatology-Careers-2185529802-1525369643173-768x390.jpg 768w, https:\/\/affderm.com\/wp-content\/uploads\/2022\/03\/Affiliated-Dermatology-Careers-2185529802-1525369643173-1536x781.jpg 1536w, https:\/\/affderm.com\/wp-content\/uploads\/2022\/03\/Affiliated-Dermatology-Careers-2185529802-1525369643173-2048x1041.jpg 2048w\" sizes=\"(max-width: 2140px) 100vw, 2140px\" \/>\t\t\t\t\t\t\t\t\t\t\t\t\t\t\t<\/div>\n\t\t\t\t<\/div>\n\t\t\t\t\t<\/div>\n\t\t<\/div>\n\t\t\t\t\t<\/div>\n\t\t<\/section>\n\t\t\t\t<section class=\"elementor-section elementor-top-section elementor-element elementor-element-1584f48 elementor-section-boxed elementor-section-height-default elementor-section-height-default\" data-id=\"1584f48\" data-element_type=\"section\" data-e-type=\"section\">\n\t\t\t\t\t\t<div class=\"elementor-container elementor-column-gap-default\">\n\t\t\t\t\t<div class=\"elementor-column elementor-col-100 elementor-top-column elementor-element elementor-element-ba6e248\" data-id=\"ba6e248\" data-element_type=\"column\" data-e-type=\"column\">\n\t\t\t<div class=\"elementor-widget-wrap elementor-element-populated\">\n\t\t\t\t\t\t<div class=\"elementor-element elementor-element-89a9ca5 elementor-widget elementor-widget-heading\" data-id=\"89a9ca5\" data-element_type=\"widget\" data-e-type=\"widget\" data-widget_type=\"heading.default\">\n\t\t\t\t<div class=\"elementor-widget-container\">\n\t\t\t\t\t<h3 class=\"elementor-heading-title elementor-size-default\">\u00danete a nuestro equipo<\/h3>\t\t\t\t<\/div>\n\t\t\t\t<\/div>\n\t\t\t\t<section class=\"elementor-section elementor-inner-section elementor-element elementor-element-7721a62 elementor-section-full_width elementor-section-height-default elementor-section-height-default\" data-id=\"7721a62\" data-element_type=\"section\" data-e-type=\"section\">\n\t\t\t\t\t\t<div class=\"elementor-container elementor-column-gap-default\">\n\t\t\t\t\t<div class=\"elementor-column elementor-col-50 elementor-inner-column elementor-element elementor-element-eccf7c1\" data-id=\"eccf7c1\" data-element_type=\"column\" data-e-type=\"column\">\n\t\t\t<div class=\"elementor-widget-wrap elementor-element-populated\">\n\t\t\t\t\t\t<div class=\"elementor-element elementor-element-12acfa6 elementor-widget elementor-widget-text-editor\" data-id=\"12acfa6\" data-element_type=\"widget\" data-e-type=\"widget\" data-widget_type=\"text-editor.default\">\n\t\t\t\t<div class=\"elementor-widget-container\">\n\t\t\t\t\t\t\t\t\t<p>La atenci\u00f3n profesional y de alta calidad es nuestra prioridad en Affiliated Dermatology. Hacemos que tanto nuestros pacientes como la econom\u00eda sean m\u00e1s saludables a medida que creamos m\u00e1s carreras y contratamos a m\u00e1s personas. Usted tambi\u00e9n puede formar parte de nuestro crecimiento y nuestra misi\u00f3n. \u00danase a la #AffDermFamily mientras ayudamos a nuestros pacientes a cuidar su piel. Echa un vistazo a nuestros puestos vacantes y presenta tu candidatura hoy mismo.<\/p>\t\t\t\t\t\t\t\t<\/div>\n\t\t\t\t<\/div>\n\t\t\t\t\t<\/div>\n\t\t<\/div>\n\t\t\t\t<div class=\"elementor-column elementor-col-50 elementor-inner-column elementor-element elementor-element-3b1b954\" data-id=\"3b1b954\" data-element_type=\"column\" data-e-type=\"column\">\n\t\t\t<div class=\"elementor-widget-wrap elementor-element-populated\">\n\t\t\t\t\t\t<div class=\"elementor-element elementor-element-952cf83 elementor-widget elementor-widget-image\" data-id=\"952cf83\" data-element_type=\"widget\" data-e-type=\"widget\" data-widget_type=\"image.default\">\n\t\t\t\t<div class=\"elementor-widget-container\">\n\t\t\t\t\t\t\t\t\t\t\t\t\t\t\t\t<a href=\"https:\/\/www.glassdoor.com\/Overview\/Working-at-Affiliated-Dermatology-EI_IE2367726.11,33.htm\">\n\t\t\t\t\t\t\t<img decoding=\"async\" width=\"196\" height=\"64\" src=\"https:\/\/affderm.com\/wp-content\/uploads\/2022\/03\/eng_CHECK_US_273x90.png\" class=\"attachment-large size-large wp-image-1228\" alt=\"\" \/>\t\t\t\t\t\t\t\t<\/a>\n\t\t\t\t\t\t\t\t\t\t\t\t\t\t\t<\/div>\n\t\t\t\t<\/div>\n\t\t\t\t\t<\/div>\n\t\t<\/div>\n\t\t\t\t\t<\/div>\n\t\t<\/section>\n\t\t\t\t<div class=\"elementor-element elementor-element-b3a2a80 elementor-widget elementor-widget-text-editor\" data-id=\"b3a2a80\" data-element_type=\"widget\" data-e-type=\"widget\" data-widget_type=\"text-editor.default\">\n\t\t\t\t<div class=\"elementor-widget-container\">\n\t\t\t\t\t\t\t\t\t<p><em>Estamos deseando trabajar con usted.<\/em><\/p>\t\t\t\t\t\t\t\t<\/div>\n\t\t\t\t<\/div>\n\t\t\t\t<div class=\"elementor-element elementor-element-a399170 elementor-widget elementor-widget-heading\" data-id=\"a399170\" data-element_type=\"widget\" data-e-type=\"widget\" data-widget_type=\"heading.default\">\n\t\t\t\t<div class=\"elementor-widget-container\">\n\t\t\t\t\t<h3 class=\"elementor-heading-title elementor-size-default\">Nuestro calendario de contrataci\u00f3n<\/h3>\t\t\t\t<\/div>\n\t\t\t\t<\/div>\n\t\t\t\t<div class=\"elementor-element elementor-element-bcbbffc elementor-widget elementor-widget-image\" data-id=\"bcbbffc\" data-element_type=\"widget\" data-e-type=\"widget\" data-widget_type=\"image.default\">\n\t\t\t\t<div class=\"elementor-widget-container\">\n\t\t\t\t\t\t\t\t\t\t\t\t\t\t\t<img decoding=\"async\" width=\"800\" height=\"141\" src=\"https:\/\/affderm.com\/wp-content\/uploads\/2022\/03\/AFD-Website-Graphic-Hiring-Timeline-1-1200x212.png\" class=\"attachment-large size-large wp-image-1229\" alt=\"\" srcset=\"https:\/\/affderm.com\/wp-content\/uploads\/2022\/03\/AFD-Website-Graphic-Hiring-Timeline-1-1200x212.png 1200w, https:\/\/affderm.com\/wp-content\/uploads\/2022\/03\/AFD-Website-Graphic-Hiring-Timeline-1-800x141.png 800w, https:\/\/affderm.com\/wp-content\/uploads\/2022\/03\/AFD-Website-Graphic-Hiring-Timeline-1-768x136.png 768w, https:\/\/affderm.com\/wp-content\/uploads\/2022\/03\/AFD-Website-Graphic-Hiring-Timeline-1-1536x271.png 1536w, https:\/\/affderm.com\/wp-content\/uploads\/2022\/03\/AFD-Website-Graphic-Hiring-Timeline-1.png 1700w\" sizes=\"(max-width: 800px) 100vw, 800px\" \/>\t\t\t\t\t\t\t\t\t\t\t\t\t\t\t<\/div>\n\t\t\t\t<\/div>\n\t\t\t\t<div class=\"elementor-element elementor-element-204d23d elementor-widget elementor-widget-heading\" data-id=\"204d23d\" data-element_type=\"widget\" data-e-type=\"widget\" data-widget_type=\"heading.default\">\n\t\t\t\t<div class=\"elementor-widget-container\">\n\t\t\t\t\t<h3 class=\"elementor-heading-title elementor-size-default\">Para ver nuestras ofertas de empleo actuales, consulte nuestro Portal de empleo:<\/h3>\t\t\t\t<\/div>\n\t\t\t\t<\/div>\n\t\t\t\t\t<\/div>\n\t\t<\/div>\n\t\t\t\t\t<\/div>\n\t\t<\/section>\n\t\t\t\t<section class=\"elementor-section elementor-top-section elementor-element elementor-element-bef6107 elementor-section-boxed elementor-section-height-default elementor-section-height-default\" data-id=\"bef6107\" data-element_type=\"section\" data-e-type=\"section\">\n\t\t\t\t\t\t<div class=\"elementor-container elementor-column-gap-default\">\n\t\t\t\t\t<div class=\"elementor-column elementor-col-100 elementor-top-column elementor-element elementor-element-14c82cb\" data-id=\"14c82cb\" data-element_type=\"column\" data-e-type=\"column\">\n\t\t\t<div class=\"elementor-widget-wrap elementor-element-populated\">\n\t\t\t\t\t\t<div class=\"elementor-element elementor-element-7aea1a9 elementor-widget-divider--view-line elementor-widget elementor-widget-divider\" data-id=\"7aea1a9\" data-element_type=\"widget\" data-e-type=\"widget\" data-widget_type=\"divider.default\">\n\t\t\t\t<div class=\"elementor-widget-container\">\n\t\t\t\t\t\t\t<div class=\"elementor-divider\">\n\t\t\t<span class=\"elementor-divider-separator\">\n\t\t\t\t\t\t<\/span>\n\t\t<\/div>\n\t\t\t\t\t\t<\/div>\n\t\t\t\t<\/div>\n\t\t\t\t\t<\/div>\n\t\t<\/div>\n\t\t\t\t\t<\/div>\n\t\t<\/section>\n\t\t\t\t<section class=\"elementor-section elementor-top-section elementor-element elementor-element-7c4fe9e elementor-section-height-min-height elementor-section-boxed elementor-section-height-default elementor-section-items-middle\" data-id=\"7c4fe9e\" data-element_type=\"section\" data-e-type=\"section\">\n\t\t\t\t\t\t<div class=\"elementor-container elementor-column-gap-default\">\n\t\t\t\t\t<div class=\"elementor-column elementor-col-100 elementor-top-column elementor-element elementor-element-a65b874\" data-id=\"a65b874\" data-element_type=\"column\" data-e-type=\"column\">\n\t\t\t<div class=\"elementor-widget-wrap elementor-element-populated\">\n\t\t\t\t\t\t<div class=\"elementor-element elementor-element-5c5abb8 elementor-widget elementor-widget-html\" data-id=\"5c5abb8\" data-element_type=\"widget\" data-e-type=\"widget\" data-widget_type=\"html.default\">\n\t\t\t\t<div class=\"elementor-widget-container\">\n\t\t\t\t\t<iframe style=\"width: 100%; height: 500px; border: none;\" src=\"https:\/\/www.paycomonline.net\/v4\/ats\/web.php\/jobs?clientkey=A14AA9FF5179E700B3F6BCBE2A542B9C\" bis_size=\"{&quot;x&quot;:241,&quot;y&quot;:1432,&quot;w&quot;:1025,&quot;h&quot;:792,&quot;abs_x&quot;:241,&quot;abs_y&quot;:1432}\" bis_id=\"fr_til5k6dyn6mvkiy7sjs0qk\" bis_depth=\"0\" bis_chainid=\"1\"><\/iframe>\t\t\t\t<\/div>\n\t\t\t\t<\/div>\n\t\t\t\t\t<\/div>\n\t\t<\/div>\n\t\t\t\t\t<\/div>\n\t\t<\/section>\n\t\t\t\t<\/div>","protected":false},"excerpt":{"rendered":"<p>Careers Join Our Team! Professional, high-quality care is our priority here at Affiliated Dermatology. We make both our patients and [&hellip;]<\/p>\n","protected":false},"author":1,"featured_media":0,"parent":579,"menu_order":0,"comment_status":"closed","ping_status":"closed","template":"elementor_header_footer","meta":{"_acf_changed":false,"footnotes":""},"class_list":["post-1224","page","type-page","status-publish","hentry"],"acf":[],"yoast_head":"<!-- This site is optimized with the Yoast SEO plugin v27.4 - https:\/\/yoast.com\/product\/yoast-seo-wordpress\/ -->\n<title>Careers - Affiliated Dermatology<\/title>\n<meta name=\"description\" content=\"Careers at Affiliated Dermatology help the economy become healthier as we create more jobs and hire more people in Scottsdale and greater Phoenix Arizona.\" \/>\n<meta name=\"robots\" content=\"index, follow, max-snippet:-1, max-image-preview:large, max-video-preview:-1\" \/>\n<link rel=\"canonical\" href=\"https:\/\/affderm.com\/es\/acerca-de\/carreras\/\" \/>\n<meta property=\"og:locale\" content=\"es_MX\" \/>\n<meta property=\"og:type\" content=\"article\" \/>\n<meta property=\"og:title\" content=\"Careers - Affiliated Dermatology\" \/>\n<meta property=\"og:description\" content=\"Careers at Affiliated Dermatology help the economy become healthier as we create more jobs and hire more people in Scottsdale and greater Phoenix Arizona.\" \/>\n<meta property=\"og:url\" content=\"https:\/\/affderm.com\/es\/acerca-de\/carreras\/\" \/>\n<meta property=\"og:site_name\" content=\"Affiliated Dermatology\" \/>\n<meta property=\"article:modified_time\" content=\"2022-07-28T06:31:00+00:00\" \/>\n<meta property=\"og:image\" content=\"https:\/\/affderm.com\/wp-content\/uploads\/2022\/03\/Affiliated-Dermatology-Careers-2185529802-1525369643173.jpg\" \/>\n<meta name=\"twitter:card\" content=\"summary_large_image\" \/>\n<meta name=\"twitter:label1\" content=\"Tiempo de lectura\" \/>\n\t<meta name=\"twitter:data1\" content=\"2 minutos\" \/>\n<script type=\"application\/ld+json\" class=\"yoast-schema-graph\">{\"@context\":\"https:\\\/\\\/schema.org\",\"@graph\":[{\"@type\":\"WebPage\",\"@id\":\"https:\\\/\\\/affderm.com\\\/about\\\/careers\\\/\",\"url\":\"https:\\\/\\\/affderm.com\\\/about\\\/careers\\\/\",\"name\":\"Careers - Affiliated Dermatology\",\"isPartOf\":{\"@id\":\"https:\\\/\\\/affderm.com\\\/#website\"},\"primaryImageOfPage\":{\"@id\":\"https:\\\/\\\/affderm.com\\\/about\\\/careers\\\/#primaryimage\"},\"image\":{\"@id\":\"https:\\\/\\\/affderm.com\\\/about\\\/careers\\\/#primaryimage\"},\"thumbnailUrl\":\"https:\\\/\\\/affderm.com\\\/wp-content\\\/uploads\\\/2022\\\/03\\\/Affiliated-Dermatology-Careers-2185529802-1525369643173.jpg\",\"datePublished\":\"2022-03-09T06:22:26+00:00\",\"dateModified\":\"2022-07-28T06:31:00+00:00\",\"description\":\"Careers at Affiliated Dermatology help the economy become healthier as we create more jobs and hire more people in Scottsdale and greater Phoenix Arizona.\",\"breadcrumb\":{\"@id\":\"https:\\\/\\\/affderm.com\\\/about\\\/careers\\\/#breadcrumb\"},\"inLanguage\":\"es\",\"potentialAction\":[{\"@type\":\"ReadAction\",\"target\":[\"https:\\\/\\\/affderm.com\\\/about\\\/careers\\\/\"]}]},{\"@type\":\"ImageObject\",\"inLanguage\":\"es\",\"@id\":\"https:\\\/\\\/affderm.com\\\/about\\\/careers\\\/#primaryimage\",\"url\":\"https:\\\/\\\/affderm.com\\\/wp-content\\\/uploads\\\/2022\\\/03\\\/Affiliated-Dermatology-Careers-2185529802-1525369643173.jpg\",\"contentUrl\":\"https:\\\/\\\/affderm.com\\\/wp-content\\\/uploads\\\/2022\\\/03\\\/Affiliated-Dermatology-Careers-2185529802-1525369643173.jpg\"},{\"@type\":\"BreadcrumbList\",\"@id\":\"https:\\\/\\\/affderm.com\\\/about\\\/careers\\\/#breadcrumb\",\"itemListElement\":[{\"@type\":\"ListItem\",\"position\":1,\"name\":\"Home\",\"item\":\"https:\\\/\\\/affderm.com\\\/\"},{\"@type\":\"ListItem\",\"position\":2,\"name\":\"About\",\"item\":\"https:\\\/\\\/affderm.com\\\/about\\\/\"},{\"@type\":\"ListItem\",\"position\":3,\"name\":\"Careers\"}]},{\"@type\":\"WebSite\",\"@id\":\"https:\\\/\\\/affderm.com\\\/#website\",\"url\":\"https:\\\/\\\/affderm.com\\\/\",\"name\":\"Affiliated Dermatology\",\"description\":\"Experts in Skin Disease Treatment &amp; Prevention\",\"potentialAction\":[{\"@type\":\"SearchAction\",\"target\":{\"@type\":\"EntryPoint\",\"urlTemplate\":\"https:\\\/\\\/affderm.com\\\/?s={search_term_string}\"},\"query-input\":{\"@type\":\"PropertyValueSpecification\",\"valueRequired\":true,\"valueName\":\"search_term_string\"}}],\"inLanguage\":\"es\"}]}<\/script>\n<!-- \/ Yoast SEO plugin. -->","yoast_head_json":{"title":"Empleo - Affiliated Dermatology","description":"Las carreras profesionales en Affiliated Dermatology ayudan a que la econom\u00eda sea m\u00e1s saludable, ya que creamos m\u00e1s puestos de trabajo y contratamos a m\u00e1s personas en Scottsdale y en el \u00e1rea metropolitana de Phoenix, Arizona.","robots":{"index":"index","follow":"follow","max-snippet":"max-snippet:-1","max-image-preview":"max-image-preview:large","max-video-preview":"max-video-preview:-1"},"canonical":"https:\/\/affderm.com\/es\/acerca-de\/carreras\/","og_locale":"es_MX","og_type":"article","og_title":"Careers - Affiliated Dermatology","og_description":"Careers at Affiliated Dermatology help the economy become healthier as we create more jobs and hire more people in Scottsdale and greater Phoenix Arizona.","og_url":"https:\/\/affderm.com\/es\/acerca-de\/carreras\/","og_site_name":"Affiliated Dermatology","article_modified_time":"2022-07-28T06:31:00+00:00","og_image":[{"url":"https:\/\/affderm.com\/wp-content\/uploads\/2022\/03\/Affiliated-Dermatology-Careers-2185529802-1525369643173.jpg","type":"","width":"","height":""}],"twitter_card":"summary_large_image","twitter_misc":{"Tiempo de lectura":"2 minutos"},"schema":{"@context":"https:\/\/schema.org","@graph":[{"@type":"WebPage","@id":"https:\/\/affderm.com\/about\/careers\/","url":"https:\/\/affderm.com\/about\/careers\/","name":"Empleo - Affiliated Dermatology","isPartOf":{"@id":"https:\/\/affderm.com\/#website"},"primaryImageOfPage":{"@id":"https:\/\/affderm.com\/about\/careers\/#primaryimage"},"image":{"@id":"https:\/\/affderm.com\/about\/careers\/#primaryimage"},"thumbnailUrl":"https:\/\/affderm.com\/wp-content\/uploads\/2022\/03\/Affiliated-Dermatology-Careers-2185529802-1525369643173.jpg","datePublished":"2022-03-09T06:22:26+00:00","dateModified":"2022-07-28T06:31:00+00:00","description":"Las carreras profesionales en Affiliated Dermatology ayudan a que la econom\u00eda sea m\u00e1s saludable, ya que creamos m\u00e1s puestos de trabajo y contratamos a m\u00e1s personas en Scottsdale y en el \u00e1rea metropolitana de Phoenix, Arizona.","breadcrumb":{"@id":"https:\/\/affderm.com\/about\/careers\/#breadcrumb"},"inLanguage":"es","potentialAction":[{"@type":"ReadAction","target":["https:\/\/affderm.com\/about\/careers\/"]}]},{"@type":"ImageObject","inLanguage":"es","@id":"https:\/\/affderm.com\/about\/careers\/#primaryimage","url":"https:\/\/affderm.com\/wp-content\/uploads\/2022\/03\/Affiliated-Dermatology-Careers-2185529802-1525369643173.jpg","contentUrl":"https:\/\/affderm.com\/wp-content\/uploads\/2022\/03\/Affiliated-Dermatology-Careers-2185529802-1525369643173.jpg"},{"@type":"BreadcrumbList","@id":"https:\/\/affderm.com\/about\/careers\/#breadcrumb","itemListElement":[{"@type":"ListItem","position":1,"name":"Home","item":"https:\/\/affderm.com\/"},{"@type":"ListItem","position":2,"name":"About","item":"https:\/\/affderm.com\/about\/"},{"@type":"ListItem","position":3,"name":"Careers"}]},{"@type":"WebSite","@id":"https:\/\/affderm.com\/#website","url":"https:\/\/affderm.com\/","name":"Dermatolog\u00eda afiliada","description":"Expertos en tratamiento y prevenci\u00f3n de enfermedades cut\u00e1neas","potentialAction":[{"@type":"SearchAction","target":{"@type":"EntryPoint","urlTemplate":"https:\/\/affderm.com\/?s={search_term_string}"},"query-input":{"@type":"PropertyValueSpecification","valueRequired":true,"valueName":"search_term_string"}}],"inLanguage":"es"}]}},"_links":{"self":[{"href":"https:\/\/affderm.com\/es\/wp-json\/wp\/v2\/pages\/1224","targetHints":{"allow":["GET"]}}],"collection":[{"href":"https:\/\/affderm.com\/es\/wp-json\/wp\/v2\/pages"}],"about":[{"href":"https:\/\/affderm.com\/es\/wp-json\/wp\/v2\/types\/page"}],"author":[{"embeddable":true,"href":"https:\/\/affderm.com\/es\/wp-json\/wp\/v2\/users\/1"}],"replies":[{"embeddable":true,"href":"https:\/\/affderm.com\/es\/wp-json\/wp\/v2\/comments?post=1224"}],"version-history":[{"count":0,"href":"https:\/\/affderm.com\/es\/wp-json\/wp\/v2\/pages\/1224\/revisions"}],"up":[{"embeddable":true,"href":"https:\/\/affderm.com\/es\/wp-json\/wp\/v2\/pages\/579"}],"wp:attachment":[{"href":"https:\/\/affderm.com\/es\/wp-json\/wp\/v2\/media?parent=1224"}],"curies":[{"name":"wp","href":"https:\/\/api.w.org\/{rel}","templated":true}]}}