{"id":1259,"date":"2022-03-09T08:22:18","date_gmt":"2022-03-09T08:22:18","guid":{"rendered":"http:\/\/120.72.95.94:55147\/?page_id=1259"},"modified":"2023-11-07T12:42:11","modified_gmt":"2023-11-07T19:42:11","slug":"fundacion-de-arizona-contra-el-cancer-de-piel","status":"publish","type":"page","link":"https:\/\/affderm.com\/es\/about\/arizona-skin-cancer-foundation\/","title":{"rendered":"Fundaci\u00f3n Arizona contra el C\u00e1ncer de Piel"},"content":{"rendered":"<div data-elementor-type=\"wp-page\" data-elementor-id=\"1259\" class=\"elementor elementor-1259\">\n\t\t\t\t\t\t<section class=\"elementor-section elementor-top-section elementor-element elementor-element-42c00b1 elementor-section-boxed elementor-section-height-default elementor-section-height-default\" data-id=\"42c00b1\" data-element_type=\"section\" data-e-type=\"section\" data-settings=\"{&quot;background_background&quot;:&quot;classic&quot;}\">\n\t\t\t\t\t\t\t<div class=\"elementor-background-overlay\"><\/div>\n\t\t\t\t\t\t\t<div class=\"elementor-container elementor-column-gap-default\">\n\t\t\t\t\t<div class=\"elementor-column elementor-col-100 elementor-top-column elementor-element elementor-element-818bfdb\" data-id=\"818bfdb\" data-element_type=\"column\" data-e-type=\"column\">\n\t\t\t<div class=\"elementor-widget-wrap elementor-element-populated\">\n\t\t\t\t\t\t<div class=\"elementor-element elementor-element-ca90c7c elementor-widget elementor-widget-heading\" data-id=\"ca90c7c\" data-element_type=\"widget\" data-e-type=\"widget\" data-widget_type=\"heading.default\">\n\t\t\t\t<div class=\"elementor-widget-container\">\n\t\t\t\t\t<h1 class=\"elementor-heading-title elementor-size-default\">Fundaci\u00f3n Arizona contra el C\u00e1ncer de Piel<\/h1>\t\t\t\t<\/div>\n\t\t\t\t<\/div>\n\t\t\t\t\t<\/div>\n\t\t<\/div>\n\t\t\t\t\t<\/div>\n\t\t<\/section>\n\t\t\t\t<section class=\"elementor-section elementor-top-section elementor-element elementor-element-18ea388 elementor-section-boxed elementor-section-height-default elementor-section-height-default\" data-id=\"18ea388\" data-element_type=\"section\" data-e-type=\"section\">\n\t\t\t\t\t\t<div class=\"elementor-container elementor-column-gap-default\">\n\t\t\t\t\t<div class=\"elementor-column elementor-col-100 elementor-top-column elementor-element elementor-element-b8609a5\" data-id=\"b8609a5\" data-element_type=\"column\" data-e-type=\"column\">\n\t\t\t<div class=\"elementor-widget-wrap elementor-element-populated\">\n\t\t\t\t\t\t<div class=\"elementor-element elementor-element-470e916 img-happy-rt elementor-widget elementor-widget-image\" data-id=\"470e916\" data-element_type=\"widget\" data-e-type=\"widget\" data-widget_type=\"image.default\">\n\t\t\t\t<div class=\"elementor-widget-container\">\n\t\t\t\t\t\t\t\t\t\t\t\t\t\t\t<img fetchpriority=\"high\" decoding=\"async\" width=\"1225\" height=\"440\" src=\"https:\/\/affderm.com\/wp-content\/uploads\/2022\/03\/affiliated-dermtology-arizona-skin-cancer-foundation1.png\" class=\"attachment-full size-full wp-image-1261\" alt=\"\" srcset=\"https:\/\/affderm.com\/wp-content\/uploads\/2022\/03\/affiliated-dermtology-arizona-skin-cancer-foundation1.png 1225w, https:\/\/affderm.com\/wp-content\/uploads\/2022\/03\/affiliated-dermtology-arizona-skin-cancer-foundation1-800x287.png 800w, https:\/\/affderm.com\/wp-content\/uploads\/2022\/03\/affiliated-dermtology-arizona-skin-cancer-foundation1-1200x431.png 1200w, https:\/\/affderm.com\/wp-content\/uploads\/2022\/03\/affiliated-dermtology-arizona-skin-cancer-foundation1-768x276.png 768w\" sizes=\"(max-width: 1225px) 100vw, 1225px\" \/>\t\t\t\t\t\t\t\t\t\t\t\t\t\t\t<\/div>\n\t\t\t\t<\/div>\n\t\t\t\t\t<\/div>\n\t\t<\/div>\n\t\t\t\t\t<\/div>\n\t\t<\/section>\n\t\t\t\t<section class=\"elementor-section elementor-top-section elementor-element elementor-element-1584f48 elementor-section-boxed elementor-section-height-default elementor-section-height-default\" data-id=\"1584f48\" data-element_type=\"section\" data-e-type=\"section\">\n\t\t\t\t\t\t<div class=\"elementor-container elementor-column-gap-default\">\n\t\t\t\t\t<div class=\"elementor-column elementor-col-100 elementor-top-column elementor-element elementor-element-ba6e248\" data-id=\"ba6e248\" data-element_type=\"column\" data-e-type=\"column\">\n\t\t\t<div class=\"elementor-widget-wrap elementor-element-populated\">\n\t\t\t\t\t\t<div class=\"elementor-element elementor-element-ae4af64 elementor-widget elementor-widget-heading\" data-id=\"ae4af64\" data-element_type=\"widget\" data-e-type=\"widget\" data-widget_type=\"heading.default\">\n\t\t\t\t<div class=\"elementor-widget-container\">\n\t\t\t\t\t<h2 class=\"elementor-heading-title elementor-size-default\">TRANSFORMANDO A LOS ENFERMOS EN SUPERVIVIENTES\u2122.<\/h2>\t\t\t\t<\/div>\n\t\t\t\t<\/div>\n\t\t\t\t<section class=\"elementor-section elementor-inner-section elementor-element elementor-element-bfc1842 elementor-section-full_width elementor-section-height-default elementor-section-height-default\" data-id=\"bfc1842\" data-element_type=\"section\" data-e-type=\"section\">\n\t\t\t\t\t\t<div class=\"elementor-container elementor-column-gap-default\">\n\t\t\t\t\t<div class=\"elementor-column elementor-col-50 elementor-inner-column elementor-element elementor-element-8bec3a3\" data-id=\"8bec3a3\" data-element_type=\"column\" data-e-type=\"column\">\n\t\t\t<div class=\"elementor-widget-wrap elementor-element-populated\">\n\t\t\t\t\t\t<div class=\"elementor-element elementor-element-12acfa6 elementor-widget elementor-widget-text-editor\" data-id=\"12acfa6\" data-element_type=\"widget\" data-e-type=\"widget\" data-widget_type=\"text-editor.default\">\n\t\t\t\t<div class=\"elementor-widget-container\">\n\t\t\t\t\t\t\t\t\t<p>Affiliated Dermatology se enorgullece de apoyar a la Arizona Skin Cancer Foundation. Fundaci\u00f3n de C\u00e1ncer de Piel de Arizona fue <a href=\"http:\/\/www.skinexam.org\/\">creada en 2011<\/a> proporcionar ayuda econ\u00f3mica a las personas con c\u00e1ncer de piel que no pueden costearse el tratamiento. La educaci\u00f3n y sensibilizaci\u00f3n de la comunidad, el tratamiento y la prevenci\u00f3n son objetivos clave de la fundaci\u00f3n.<\/p>\t\t\t\t\t\t\t\t<\/div>\n\t\t\t\t<\/div>\n\t\t\t\t<div class=\"elementor-element elementor-element-7b6cbe4 elementor-widget elementor-widget-text-editor\" data-id=\"7b6cbe4\" data-element_type=\"widget\" data-e-type=\"widget\" data-widget_type=\"text-editor.default\">\n\t\t\t\t<div class=\"elementor-widget-container\">\n\t\t\t\t\t\t\t\t\t<p>A trav\u00e9s del programa de ayudas de la Fundaci\u00f3n, <a href=\"https:\/\/affderm.com\/es\/acerca-de\/\">Dermatolog\u00eda afiliada<\/a> puede prestar servicios m\u00e9dicos a pacientes que no tienen seguro m\u00e9dico.<\/p>\t\t\t\t\t\t\t\t<\/div>\n\t\t\t\t<\/div>\n\t\t\t\t<div class=\"elementor-element elementor-element-f688de5 elementor-widget elementor-widget-heading\" data-id=\"f688de5\" data-element_type=\"widget\" data-e-type=\"widget\" data-widget_type=\"heading.default\">\n\t\t\t\t<div class=\"elementor-widget-container\">\n\t\t\t\t\t<h2 class=\"elementor-heading-title elementor-size-default\">Formas de donar<\/h2>\t\t\t\t<\/div>\n\t\t\t\t<\/div>\n\t\t\t\t<div class=\"elementor-element elementor-element-80052ba elementor-widget elementor-widget-text-editor\" data-id=\"80052ba\" data-element_type=\"widget\" data-e-type=\"widget\" data-widget_type=\"text-editor.default\">\n\t\t\t\t<div class=\"elementor-widget-container\">\n\t\t\t\t\t\t\t\t\t<p>Con su apoyo, la Arizona Skin Cancer Foundation puede proporcionar ayuda econ\u00f3mica a las personas con c\u00e1ncer de piel que no pueden permitirse el tratamiento. Su donaci\u00f3n puede marcar una verdadera diferencia en la vida de las v\u00edctimas del c\u00e1ncer de piel. No podr\u00edamos hacerlo sin la generosidad de donantes como usted. Haga hoy mismo un donativo deducible de impuestos. Gracias por su apoyo.<\/p>\t\t\t\t\t\t\t\t<\/div>\n\t\t\t\t<\/div>\n\t\t\t\t\t<\/div>\n\t\t<\/div>\n\t\t\t\t<div class=\"elementor-column elementor-col-50 elementor-inner-column elementor-element elementor-element-3a9b181\" data-id=\"3a9b181\" data-element_type=\"column\" data-e-type=\"column\">\n\t\t\t<div class=\"elementor-widget-wrap elementor-element-populated\">\n\t\t\t\t\t\t<div class=\"elementor-element elementor-element-8124d91 elementor-widget elementor-widget-image\" data-id=\"8124d91\" data-element_type=\"widget\" data-e-type=\"widget\" data-widget_type=\"image.default\">\n\t\t\t\t<div class=\"elementor-widget-container\">\n\t\t\t\t\t\t\t\t\t\t\t\t\t\t\t<img decoding=\"async\" width=\"300\" height=\"284\" src=\"https:\/\/affderm.com\/wp-content\/uploads\/2022\/03\/ascflogo.png\" class=\"attachment-large size-large wp-image-1262\" alt=\"\" \/>\t\t\t\t\t\t\t\t\t\t\t\t\t\t\t<\/div>\n\t\t\t\t<\/div>\n\t\t\t\t\t<\/div>\n\t\t<\/div>\n\t\t\t\t\t<\/div>\n\t\t<\/section>\n\t\t\t\t<div class=\"elementor-element elementor-element-7aa4f97 elementor-widget elementor-widget-text-editor\" data-id=\"7aa4f97\" data-element_type=\"widget\" data-e-type=\"widget\" data-widget_type=\"text-editor.default\">\n\t\t\t\t<div class=\"elementor-widget-container\">\n\t\t\t\t\t\t\t\t\t<ul><li><strong>Si prefiere donar por correo, env\u00ede su donativo a:\u00a0<\/strong><ul><li>Arizona Skin Cancer Foundation | 20401 N. 73rd Street, Suite 230 | Scottsdale, AZ 85255<\/li><\/ul><\/li><li><strong>Para donar por tel\u00e9fono o fax, marque\u00a0<\/strong><ul><li>Tel\u00e9fono 480-223-6888<\/li><li>Fax: 480-223-6889<\/li><\/ul><\/li><li><strong>Para donar en l\u00ednea:<\/strong><ul><li>Mediante un enlace seguro a trav\u00e9s de <a href=\"https:\/\/www.paypal.com\/donate\/?token=UPqqg9EEKSfixjoXFLXTrnBCIipno7Wi5VNzdd6RJHgnxAi38PaZuvqSxGejFd-qN_5n4m&amp;country.x=US&amp;locale.x=US\" target=\"_blank\" rel=\"noopener noreferrer\">PayPal<\/a><\/li><\/ul><\/li><\/ul>\t\t\t\t\t\t\t\t<\/div>\n\t\t\t\t<\/div>\n\t\t\t\t<div class=\"elementor-element elementor-element-d4582fd elementor-widget elementor-widget-text-editor\" data-id=\"d4582fd\" data-element_type=\"widget\" data-e-type=\"widget\" data-widget_type=\"text-editor.default\">\n\t\t\t\t<div class=\"elementor-widget-container\">\n\t\t\t\t\t\t\t\t\t<p>Para m\u00e1s informaci\u00f3n sobre la Arizona Skin Cancer Foundation y el programa de asistencia, visite: El sitio web de la Arizona Skin Cancer Foundation haciendo clic en <a href=\"http:\/\/www.skinexam.org\/\">aqu\u00ed<\/a>.<\/p><p>Si necesita m\u00e1s informaci\u00f3n de Affiliated Dermatology, por favor <a href=\"https:\/\/affderm.com\/es\/contacto\/\">Contacte<\/a> \u00a1hoy!<\/p>\t\t\t\t\t\t\t\t<\/div>\n\t\t\t\t<\/div>\n\t\t\t\t\t<\/div>\n\t\t<\/div>\n\t\t\t\t\t<\/div>\n\t\t<\/section>\n\t\t\t\t<\/div>","protected":false},"excerpt":{"rendered":"<p>Arizona Skin Cancer Foundation TRANSFORMING SUFFERERS INTO SURVIVORS\u2122 Affiliated Dermatology is a proud supporter of the Arizona Skin Cancer Foundation. [&hellip;]<\/p>\n","protected":false},"author":1,"featured_media":0,"parent":579,"menu_order":0,"comment_status":"closed","ping_status":"closed","template":"elementor_header_footer","meta":{"_acf_changed":false,"footnotes":""},"class_list":["post-1259","page","type-page","status-publish","hentry"],"acf":[],"yoast_head":"<!-- This site is optimized with the Yoast SEO plugin v27.4 - https:\/\/yoast.com\/product\/yoast-seo-wordpress\/ -->\n<title>We Support the Arizona Skin Cancer Foundation | Affiliated Dermatology<\/title>\n<meta name=\"description\" content=\"Arizona Skin Cancer Foundation provides comprehensive, state-of-the-art skin cancer treatments to those who cannot afford to be treated in Arizona.\" \/>\n<meta name=\"robots\" content=\"index, follow, max-snippet:-1, max-image-preview:large, max-video-preview:-1\" \/>\n<link rel=\"canonical\" href=\"https:\/\/affderm.com\/es\/acerca-de\/fundacion-de-arizona-contra-el-cancer-de-piel\/\" \/>\n<meta property=\"og:locale\" content=\"es_MX\" \/>\n<meta property=\"og:type\" content=\"article\" \/>\n<meta property=\"og:title\" content=\"We Support the Arizona Skin Cancer Foundation | Affiliated Dermatology\" \/>\n<meta property=\"og:description\" content=\"Arizona Skin Cancer Foundation provides comprehensive, state-of-the-art skin cancer treatments to those who cannot afford to be treated in Arizona.\" \/>\n<meta property=\"og:url\" content=\"https:\/\/affderm.com\/es\/acerca-de\/fundacion-de-arizona-contra-el-cancer-de-piel\/\" \/>\n<meta property=\"og:site_name\" content=\"Affiliated Dermatology\" \/>\n<meta property=\"article:modified_time\" content=\"2023-11-07T19:42:11+00:00\" \/>\n<meta property=\"og:image\" content=\"https:\/\/affderm.com\/wp-content\/uploads\/2022\/03\/affiliated-dermtology-arizona-skin-cancer-foundation1.png\" \/>\n<meta name=\"twitter:card\" content=\"summary_large_image\" \/>\n<meta name=\"twitter:label1\" content=\"Tiempo de lectura\" \/>\n\t<meta name=\"twitter:data1\" content=\"2 minutos\" \/>\n<script type=\"application\/ld+json\" class=\"yoast-schema-graph\">{\"@context\":\"https:\\\/\\\/schema.org\",\"@graph\":[{\"@type\":\"WebPage\",\"@id\":\"https:\\\/\\\/affderm.com\\\/about\\\/arizona-skin-cancer-foundation\\\/\",\"url\":\"https:\\\/\\\/affderm.com\\\/about\\\/arizona-skin-cancer-foundation\\\/\",\"name\":\"We Support the Arizona Skin Cancer Foundation | Affiliated Dermatology\",\"isPartOf\":{\"@id\":\"https:\\\/\\\/affderm.com\\\/#website\"},\"primaryImageOfPage\":{\"@id\":\"https:\\\/\\\/affderm.com\\\/about\\\/arizona-skin-cancer-foundation\\\/#primaryimage\"},\"image\":{\"@id\":\"https:\\\/\\\/affderm.com\\\/about\\\/arizona-skin-cancer-foundation\\\/#primaryimage\"},\"thumbnailUrl\":\"https:\\\/\\\/affderm.com\\\/wp-content\\\/uploads\\\/2022\\\/03\\\/affiliated-dermtology-arizona-skin-cancer-foundation1.png\",\"datePublished\":\"2022-03-09T08:22:18+00:00\",\"dateModified\":\"2023-11-07T19:42:11+00:00\",\"description\":\"Arizona Skin Cancer Foundation provides comprehensive, state-of-the-art skin cancer treatments to those who cannot afford to be treated in Arizona.\",\"breadcrumb\":{\"@id\":\"https:\\\/\\\/affderm.com\\\/about\\\/arizona-skin-cancer-foundation\\\/#breadcrumb\"},\"inLanguage\":\"es\",\"potentialAction\":[{\"@type\":\"ReadAction\",\"target\":[\"https:\\\/\\\/affderm.com\\\/about\\\/arizona-skin-cancer-foundation\\\/\"]}]},{\"@type\":\"ImageObject\",\"inLanguage\":\"es\",\"@id\":\"https:\\\/\\\/affderm.com\\\/about\\\/arizona-skin-cancer-foundation\\\/#primaryimage\",\"url\":\"https:\\\/\\\/affderm.com\\\/wp-content\\\/uploads\\\/2022\\\/03\\\/affiliated-dermtology-arizona-skin-cancer-foundation1.png\",\"contentUrl\":\"https:\\\/\\\/affderm.com\\\/wp-content\\\/uploads\\\/2022\\\/03\\\/affiliated-dermtology-arizona-skin-cancer-foundation1.png\"},{\"@type\":\"BreadcrumbList\",\"@id\":\"https:\\\/\\\/affderm.com\\\/about\\\/arizona-skin-cancer-foundation\\\/#breadcrumb\",\"itemListElement\":[{\"@type\":\"ListItem\",\"position\":1,\"name\":\"Home\",\"item\":\"https:\\\/\\\/affderm.com\\\/\"},{\"@type\":\"ListItem\",\"position\":2,\"name\":\"About\",\"item\":\"https:\\\/\\\/affderm.com\\\/about\\\/\"},{\"@type\":\"ListItem\",\"position\":3,\"name\":\"Arizona Skin Cancer Foundation\"}]},{\"@type\":\"WebSite\",\"@id\":\"https:\\\/\\\/affderm.com\\\/#website\",\"url\":\"https:\\\/\\\/affderm.com\\\/\",\"name\":\"Affiliated Dermatology\",\"description\":\"Experts in Skin Disease Treatment &amp; Prevention\",\"potentialAction\":[{\"@type\":\"SearchAction\",\"target\":{\"@type\":\"EntryPoint\",\"urlTemplate\":\"https:\\\/\\\/affderm.com\\\/?s={search_term_string}\"},\"query-input\":{\"@type\":\"PropertyValueSpecification\",\"valueRequired\":true,\"valueName\":\"search_term_string\"}}],\"inLanguage\":\"es\"}]}<\/script>\n<!-- \/ Yoast SEO plugin. -->","yoast_head_json":{"title":"Apoyamos la Fundaci\u00f3n del C\u00e1ncer de Piel de Arizona | Affiliated Dermatology","description":"La Arizona Skin Cancer Foundation ofrece tratamientos completos y avanzados contra el c\u00e1ncer de piel a quienes no pueden permitirse recibir tratamiento en Arizona.","robots":{"index":"index","follow":"follow","max-snippet":"max-snippet:-1","max-image-preview":"max-image-preview:large","max-video-preview":"max-video-preview:-1"},"canonical":"https:\/\/affderm.com\/es\/acerca-de\/fundacion-de-arizona-contra-el-cancer-de-piel\/","og_locale":"es_MX","og_type":"article","og_title":"We Support the Arizona Skin Cancer Foundation | Affiliated Dermatology","og_description":"Arizona Skin Cancer Foundation provides comprehensive, state-of-the-art skin cancer treatments to those who cannot afford to be treated in Arizona.","og_url":"https:\/\/affderm.com\/es\/acerca-de\/fundacion-de-arizona-contra-el-cancer-de-piel\/","og_site_name":"Affiliated Dermatology","article_modified_time":"2023-11-07T19:42:11+00:00","og_image":[{"url":"https:\/\/affderm.com\/wp-content\/uploads\/2022\/03\/affiliated-dermtology-arizona-skin-cancer-foundation1.png","type":"","width":"","height":""}],"twitter_card":"summary_large_image","twitter_misc":{"Tiempo de lectura":"2 minutos"},"schema":{"@context":"https:\/\/schema.org","@graph":[{"@type":"WebPage","@id":"https:\/\/affderm.com\/about\/arizona-skin-cancer-foundation\/","url":"https:\/\/affderm.com\/about\/arizona-skin-cancer-foundation\/","name":"Apoyamos la Fundaci\u00f3n del C\u00e1ncer de Piel de Arizona | Affiliated Dermatology","isPartOf":{"@id":"https:\/\/affderm.com\/#website"},"primaryImageOfPage":{"@id":"https:\/\/affderm.com\/about\/arizona-skin-cancer-foundation\/#primaryimage"},"image":{"@id":"https:\/\/affderm.com\/about\/arizona-skin-cancer-foundation\/#primaryimage"},"thumbnailUrl":"https:\/\/affderm.com\/wp-content\/uploads\/2022\/03\/affiliated-dermtology-arizona-skin-cancer-foundation1.png","datePublished":"2022-03-09T08:22:18+00:00","dateModified":"2023-11-07T19:42:11+00:00","description":"La Arizona Skin Cancer Foundation ofrece tratamientos completos y avanzados contra el c\u00e1ncer de piel a quienes no pueden permitirse recibir tratamiento en Arizona.","breadcrumb":{"@id":"https:\/\/affderm.com\/about\/arizona-skin-cancer-foundation\/#breadcrumb"},"inLanguage":"es","potentialAction":[{"@type":"ReadAction","target":["https:\/\/affderm.com\/about\/arizona-skin-cancer-foundation\/"]}]},{"@type":"ImageObject","inLanguage":"es","@id":"https:\/\/affderm.com\/about\/arizona-skin-cancer-foundation\/#primaryimage","url":"https:\/\/affderm.com\/wp-content\/uploads\/2022\/03\/affiliated-dermtology-arizona-skin-cancer-foundation1.png","contentUrl":"https:\/\/affderm.com\/wp-content\/uploads\/2022\/03\/affiliated-dermtology-arizona-skin-cancer-foundation1.png"},{"@type":"BreadcrumbList","@id":"https:\/\/affderm.com\/about\/arizona-skin-cancer-foundation\/#breadcrumb","itemListElement":[{"@type":"ListItem","position":1,"name":"Home","item":"https:\/\/affderm.com\/"},{"@type":"ListItem","position":2,"name":"About","item":"https:\/\/affderm.com\/about\/"},{"@type":"ListItem","position":3,"name":"Arizona Skin Cancer Foundation"}]},{"@type":"WebSite","@id":"https:\/\/affderm.com\/#website","url":"https:\/\/affderm.com\/","name":"Dermatolog\u00eda afiliada","description":"Expertos en tratamiento y prevenci\u00f3n de enfermedades cut\u00e1neas","potentialAction":[{"@type":"SearchAction","target":{"@type":"EntryPoint","urlTemplate":"https:\/\/affderm.com\/?s={search_term_string}"},"query-input":{"@type":"PropertyValueSpecification","valueRequired":true,"valueName":"search_term_string"}}],"inLanguage":"es"}]}},"_links":{"self":[{"href":"https:\/\/affderm.com\/es\/wp-json\/wp\/v2\/pages\/1259","targetHints":{"allow":["GET"]}}],"collection":[{"href":"https:\/\/affderm.com\/es\/wp-json\/wp\/v2\/pages"}],"about":[{"href":"https:\/\/affderm.com\/es\/wp-json\/wp\/v2\/types\/page"}],"author":[{"embeddable":true,"href":"https:\/\/affderm.com\/es\/wp-json\/wp\/v2\/users\/1"}],"replies":[{"embeddable":true,"href":"https:\/\/affderm.com\/es\/wp-json\/wp\/v2\/comments?post=1259"}],"version-history":[{"count":0,"href":"https:\/\/affderm.com\/es\/wp-json\/wp\/v2\/pages\/1259\/revisions"}],"up":[{"embeddable":true,"href":"https:\/\/affderm.com\/es\/wp-json\/wp\/v2\/pages\/579"}],"wp:attachment":[{"href":"https:\/\/affderm.com\/es\/wp-json\/wp\/v2\/media?parent=1259"}],"curies":[{"name":"wp","href":"https:\/\/api.w.org\/{rel}","templated":true}]}}