{"id":1571,"date":"2022-03-10T12:05:04","date_gmt":"2022-03-10T12:05:04","guid":{"rendered":"http:\/\/120.72.95.94:55147\/?page_id=1571"},"modified":"2022-09-16T17:29:16","modified_gmt":"2022-09-17T00:29:16","slug":"tarjetas-regalo","status":"publish","type":"page","link":"https:\/\/affderm.com\/es\/gift-cards\/","title":{"rendered":"Tarjetas regalo"},"content":{"rendered":"<div data-elementor-type=\"wp-page\" data-elementor-id=\"1571\" class=\"elementor elementor-1571\">\n\t\t\t\t\t\t<section class=\"elementor-section elementor-top-section elementor-element elementor-element-42c00b1 elementor-section-boxed elementor-section-height-default elementor-section-height-default\" data-id=\"42c00b1\" data-element_type=\"section\" data-e-type=\"section\" data-settings=\"{&quot;background_background&quot;:&quot;classic&quot;}\">\n\t\t\t\t\t\t\t<div class=\"elementor-background-overlay\"><\/div>\n\t\t\t\t\t\t\t<div class=\"elementor-container elementor-column-gap-default\">\n\t\t\t\t\t<div class=\"elementor-column elementor-col-100 elementor-top-column elementor-element elementor-element-818bfdb\" data-id=\"818bfdb\" data-element_type=\"column\" data-e-type=\"column\">\n\t\t\t<div class=\"elementor-widget-wrap elementor-element-populated\">\n\t\t\t\t\t\t<div class=\"elementor-element elementor-element-ca90c7c elementor-widget elementor-widget-heading\" data-id=\"ca90c7c\" data-element_type=\"widget\" data-e-type=\"widget\" data-widget_type=\"heading.default\">\n\t\t\t\t<div class=\"elementor-widget-container\">\n\t\t\t\t\t<h2 class=\"elementor-heading-title elementor-size-default\">Tarjetas regalo dermatolog\u00eda y cuidado de la piel<\/h2>\t\t\t\t<\/div>\n\t\t\t\t<\/div>\n\t\t\t\t\t<\/div>\n\t\t<\/div>\n\t\t\t\t\t<\/div>\n\t\t<\/section>\n\t\t\t\t<section class=\"elementor-section elementor-top-section elementor-element elementor-element-18ea388 elementor-section-boxed elementor-section-height-default elementor-section-height-default\" data-id=\"18ea388\" data-element_type=\"section\" data-e-type=\"section\">\n\t\t\t\t\t\t<div class=\"elementor-container elementor-column-gap-default\">\n\t\t\t\t\t<div class=\"elementor-column elementor-col-100 elementor-top-column elementor-element elementor-element-b8609a5\" data-id=\"b8609a5\" data-element_type=\"column\" data-e-type=\"column\">\n\t\t\t<div class=\"elementor-widget-wrap elementor-element-populated\">\n\t\t\t\t\t\t<div class=\"elementor-element elementor-element-470e916 img-happy-rt elementor-widget elementor-widget-image\" data-id=\"470e916\" data-element_type=\"widget\" data-e-type=\"widget\" data-widget_type=\"image.default\">\n\t\t\t\t<div class=\"elementor-widget-container\">\n\t\t\t\t\t\t\t\t\t\t\t\t\t\t\t<img fetchpriority=\"high\" decoding=\"async\" width=\"1536\" height=\"512\" src=\"https:\/\/affderm.com\/wp-content\/uploads\/2022\/03\/gift-cards-skin-care.png\" class=\"attachment-full size-full wp-image-1573\" alt=\"\" srcset=\"https:\/\/affderm.com\/wp-content\/uploads\/2022\/03\/gift-cards-skin-care.png 1536w, https:\/\/affderm.com\/wp-content\/uploads\/2022\/03\/gift-cards-skin-care-800x267.png 800w, https:\/\/affderm.com\/wp-content\/uploads\/2022\/03\/gift-cards-skin-care-1200x400.png 1200w, https:\/\/affderm.com\/wp-content\/uploads\/2022\/03\/gift-cards-skin-care-768x256.png 768w\" sizes=\"(max-width: 1536px) 100vw, 1536px\" \/>\t\t\t\t\t\t\t\t\t\t\t\t\t\t\t<\/div>\n\t\t\t\t<\/div>\n\t\t\t\t\t<\/div>\n\t\t<\/div>\n\t\t\t\t\t<\/div>\n\t\t<\/section>\n\t\t\t\t<section class=\"elementor-section elementor-top-section elementor-element elementor-element-1584f48 elementor-section-boxed elementor-section-height-default elementor-section-height-default\" data-id=\"1584f48\" data-element_type=\"section\" data-e-type=\"section\">\n\t\t\t\t\t\t<div class=\"elementor-container elementor-column-gap-default\">\n\t\t\t\t\t<div class=\"elementor-column elementor-col-100 elementor-top-column elementor-element elementor-element-ba6e248\" data-id=\"ba6e248\" data-element_type=\"column\" data-e-type=\"column\">\n\t\t\t<div class=\"elementor-widget-wrap elementor-element-populated\">\n\t\t\t\t\t\t<div class=\"elementor-element elementor-element-b4effbf elementor-widget elementor-widget-heading\" data-id=\"b4effbf\" data-element_type=\"widget\" data-e-type=\"widget\" data-widget_type=\"heading.default\">\n\t\t\t\t<div class=\"elementor-widget-container\">\n\t\t\t\t\t<h3 class=\"elementor-heading-title elementor-size-default\">Env\u00ede tarjetas regalo electr\u00f3nicas personalizadas para Affiliated Dermatology. Se env\u00edan por correo electr\u00f3nico o SMS en segundos y son perfectas para regalos de \u00faltima hora.<\/h3>\t\t\t\t<\/div>\n\t\t\t\t<\/div>\n\t\t\t\t<div class=\"elementor-element elementor-element-12acfa6 elementor-widget elementor-widget-text-editor\" data-id=\"12acfa6\" data-element_type=\"widget\" data-e-type=\"widget\" data-widget_type=\"text-editor.default\">\n\t\t\t\t<div class=\"elementor-widget-container\">\n\t\t\t\t\t\t\t\t\t<p>\u00bfEst\u00e1 de compras para alguien especial pero no sabe qu\u00e9 regalarle? S\u00e1ltese las tiendas y regale una piel bonita con las tarjetas regalo de Affiliated Dermatology. Convenientemente comprar e-tarjetas de regalo en l\u00ednea o pasar por cualquiera de nuestras oficinas de la manera antigua para un certificado de regalo. Ofrecemos <a href=\"https:\/\/affderm.com\/es\/servicios\/dermatologia-estetica\/\">tratamientos est\u00e9ticos<\/a> y productos para todo tipo de pieles, para que sus seres queridos puedan disfrutar de una piel sana en cumplea\u00f1os, aniversarios y otros acontecimientos especiales.<\/p>\t\t\t\t\t\t\t\t<\/div>\n\t\t\t\t<\/div>\n\t\t\t\t<div class=\"elementor-element elementor-element-a32bbc4 elementor-widget elementor-widget-button\" data-id=\"a32bbc4\" data-element_type=\"widget\" data-e-type=\"widget\" data-widget_type=\"button.default\">\n\t\t\t\t<div class=\"elementor-widget-container\">\n\t\t\t\t\t\t\t\t\t<div class=\"elementor-button-wrapper\">\n\t\t\t\t\t<a class=\"elementor-button elementor-button-link elementor-size-md\" href=\"https:\/\/www.giftfly.com\/shop\/affiliated-dermatology1\">\n\t\t\t\t\t\t<span class=\"elementor-button-content-wrapper\">\n\t\t\t\t\t\t\t\t\t<span class=\"elementor-button-text\">COMPRAR AHORA<\/span>\n\t\t\t\t\t<\/span>\n\t\t\t\t\t<\/a>\n\t\t\t\t<\/div>\n\t\t\t\t\t\t\t\t<\/div>\n\t\t\t\t<\/div>\n\t\t\t\t<div class=\"elementor-element elementor-element-bd7e11e elementor-widget elementor-widget-text-editor\" data-id=\"bd7e11e\" data-element_type=\"widget\" data-e-type=\"widget\" data-widget_type=\"text-editor.default\">\n\t\t\t\t<div class=\"elementor-widget-container\">\n\t\t\t\t\t\t\t\t\t<p><strong>\u00bfPreguntas sobre nuestras tarjetas regalo?<\/strong> No dude en llamarnos al <strong>(480) 556-0446<\/strong> o d\u00e9jenos un mensaje a trav\u00e9s de nuestro <a href=\"https:\/\/affderm.com\/es\/contacto\/\">formulario de contacto<\/a> y nos pondremos en contacto con usted lo antes posible.<\/p>\t\t\t\t\t\t\t\t<\/div>\n\t\t\t\t<\/div>\n\t\t\t\t<div class=\"elementor-element elementor-element-96c2929 elementor-widget-divider--view-line elementor-widget elementor-widget-divider\" data-id=\"96c2929\" data-element_type=\"widget\" data-e-type=\"widget\" data-widget_type=\"divider.default\">\n\t\t\t\t<div class=\"elementor-widget-container\">\n\t\t\t\t\t\t\t<div class=\"elementor-divider\">\n\t\t\t<span class=\"elementor-divider-separator\">\n\t\t\t\t\t\t<\/span>\n\t\t<\/div>\n\t\t\t\t\t\t<\/div>\n\t\t\t\t<\/div>\n\t\t\t\t<div class=\"elementor-element elementor-element-006872a elementor-widget elementor-widget-text-editor\" data-id=\"006872a\" data-element_type=\"widget\" data-e-type=\"widget\" data-widget_type=\"text-editor.default\">\n\t\t\t\t<div class=\"elementor-widget-container\">\n\t\t\t\t\t\t\t\t\t<strong>Las tarjetas regalo con importe de bonificaci\u00f3n NO pueden combinarse con otras promociones u ofertas especiales.<\/strong>\t\t\t\t\t\t\t\t<\/div>\n\t\t\t\t<\/div>\n\t\t\t\t<div class=\"elementor-element elementor-element-69c9469 elementor-widget elementor-widget-text-editor\" data-id=\"69c9469\" data-element_type=\"widget\" data-e-type=\"widget\" data-widget_type=\"text-editor.default\">\n\t\t\t\t<div class=\"elementor-widget-container\">\n\t\t\t\t\t\t\t\t\t<p>Las tarjetas regalo no son transferibles ni reembolsables y no pueden canjearse por dinero en efectivo. Las tarjetas regalo se pueden canjear al instante tras la compra, no tienen gastos de procesamiento adicionales y no caducan.<\/p>\t\t\t\t\t\t\t\t<\/div>\n\t\t\t\t<\/div>\n\t\t\t\t\t<\/div>\n\t\t<\/div>\n\t\t\t\t\t<\/div>\n\t\t<\/section>\n\t\t\t\t<\/div>","protected":false},"excerpt":{"rendered":"<p>Dermatology and Skin Care Gift Cards Send personalized eGift Cards for Affiliated Dermatology. Sent via email or text in seconds\u2060\u2014perfect [&hellip;]<\/p>\n","protected":false},"author":1,"featured_media":0,"parent":0,"menu_order":0,"comment_status":"closed","ping_status":"closed","template":"elementor_header_footer","meta":{"_acf_changed":false,"footnotes":""},"class_list":["post-1571","page","type-page","status-publish","hentry"],"acf":[],"yoast_head":"<!-- This site is optimized with the Yoast SEO plugin v27.5 - https:\/\/yoast.com\/product\/yoast-seo-wordpress\/ -->\n<title>Skin Care Gift Cards - Affiliated Dermatology<\/title>\n<meta name=\"description\" content=\"Give the gift of glowing skin with Affiliated Dermatology&#039;s digital gift cards! Your loved one can use these on treatments like Botox, facials, and more.\" \/>\n<meta name=\"robots\" content=\"index, follow, max-snippet:-1, max-image-preview:large, max-video-preview:-1\" \/>\n<link rel=\"canonical\" href=\"https:\/\/affderm.com\/es\/tarjetas-regalo\/\" \/>\n<meta property=\"og:locale\" content=\"es_MX\" \/>\n<meta property=\"og:type\" content=\"article\" \/>\n<meta property=\"og:title\" content=\"Skin Care Gift Cards - Affiliated Dermatology\" \/>\n<meta property=\"og:description\" content=\"Give the gift of glowing skin with Affiliated Dermatology&#039;s digital gift cards! Your loved one can use these on treatments like Botox, facials, and more.\" \/>\n<meta property=\"og:url\" content=\"https:\/\/affderm.com\/es\/tarjetas-regalo\/\" \/>\n<meta property=\"og:site_name\" content=\"Affiliated Dermatology\" \/>\n<meta property=\"article:modified_time\" content=\"2022-09-17T00:29:16+00:00\" \/>\n<meta property=\"og:image\" content=\"https:\/\/affderm.com\/wp-content\/uploads\/2022\/03\/gift-cards-skin-care.png\" \/>\n<meta name=\"twitter:card\" content=\"summary_large_image\" \/>\n<meta name=\"twitter:label1\" content=\"Tiempo de lectura\" \/>\n\t<meta name=\"twitter:data1\" content=\"1 minuto\" \/>\n<script type=\"application\/ld+json\" class=\"yoast-schema-graph\">{\"@context\":\"https:\\\/\\\/schema.org\",\"@graph\":[{\"@type\":\"WebPage\",\"@id\":\"https:\\\/\\\/affderm.com\\\/gift-cards\\\/\",\"url\":\"https:\\\/\\\/affderm.com\\\/gift-cards\\\/\",\"name\":\"Skin Care Gift Cards - Affiliated Dermatology\",\"isPartOf\":{\"@id\":\"https:\\\/\\\/affderm.com\\\/#website\"},\"primaryImageOfPage\":{\"@id\":\"https:\\\/\\\/affderm.com\\\/gift-cards\\\/#primaryimage\"},\"image\":{\"@id\":\"https:\\\/\\\/affderm.com\\\/gift-cards\\\/#primaryimage\"},\"thumbnailUrl\":\"https:\\\/\\\/affderm.com\\\/wp-content\\\/uploads\\\/2022\\\/03\\\/gift-cards-skin-care.png\",\"datePublished\":\"2022-03-10T12:05:04+00:00\",\"dateModified\":\"2022-09-17T00:29:16+00:00\",\"description\":\"Give the gift of glowing skin with Affiliated Dermatology's digital gift cards! Your loved one can use these on treatments like Botox, facials, and more.\",\"breadcrumb\":{\"@id\":\"https:\\\/\\\/affderm.com\\\/gift-cards\\\/#breadcrumb\"},\"inLanguage\":\"es\",\"potentialAction\":[{\"@type\":\"ReadAction\",\"target\":[\"https:\\\/\\\/affderm.com\\\/gift-cards\\\/\"]}]},{\"@type\":\"ImageObject\",\"inLanguage\":\"es\",\"@id\":\"https:\\\/\\\/affderm.com\\\/gift-cards\\\/#primaryimage\",\"url\":\"https:\\\/\\\/affderm.com\\\/wp-content\\\/uploads\\\/2022\\\/03\\\/gift-cards-skin-care.png\",\"contentUrl\":\"https:\\\/\\\/affderm.com\\\/wp-content\\\/uploads\\\/2022\\\/03\\\/gift-cards-skin-care.png\"},{\"@type\":\"BreadcrumbList\",\"@id\":\"https:\\\/\\\/affderm.com\\\/gift-cards\\\/#breadcrumb\",\"itemListElement\":[{\"@type\":\"ListItem\",\"position\":1,\"name\":\"Home\",\"item\":\"https:\\\/\\\/affderm.com\\\/\"},{\"@type\":\"ListItem\",\"position\":2,\"name\":\"Gift Cards\"}]},{\"@type\":\"WebSite\",\"@id\":\"https:\\\/\\\/affderm.com\\\/#website\",\"url\":\"https:\\\/\\\/affderm.com\\\/\",\"name\":\"Affiliated Dermatology\",\"description\":\"Experts in Skin Disease Treatment &amp; Prevention\",\"potentialAction\":[{\"@type\":\"SearchAction\",\"target\":{\"@type\":\"EntryPoint\",\"urlTemplate\":\"https:\\\/\\\/affderm.com\\\/?s={search_term_string}\"},\"query-input\":{\"@type\":\"PropertyValueSpecification\",\"valueRequired\":true,\"valueName\":\"search_term_string\"}}],\"inLanguage\":\"es\"}]}<\/script>\n<!-- \/ Yoast SEO plugin. -->","yoast_head_json":{"title":"Tarjetas regalo para el cuidado de la piel - Affiliated Dermatology","description":"Regale una piel radiante con las tarjetas regalo digitales de Affiliated Dermatology. Su ser querido puede utilizar estos en tratamientos como Botox, tratamientos faciales, y mucho m\u00e1s.","robots":{"index":"index","follow":"follow","max-snippet":"max-snippet:-1","max-image-preview":"max-image-preview:large","max-video-preview":"max-video-preview:-1"},"canonical":"https:\/\/affderm.com\/es\/tarjetas-regalo\/","og_locale":"es_MX","og_type":"article","og_title":"Skin Care Gift Cards - Affiliated Dermatology","og_description":"Give the gift of glowing skin with Affiliated Dermatology's digital gift cards! Your loved one can use these on treatments like Botox, facials, and more.","og_url":"https:\/\/affderm.com\/es\/tarjetas-regalo\/","og_site_name":"Affiliated Dermatology","article_modified_time":"2022-09-17T00:29:16+00:00","og_image":[{"url":"https:\/\/affderm.com\/wp-content\/uploads\/2022\/03\/gift-cards-skin-care.png","type":"","width":"","height":""}],"twitter_card":"summary_large_image","twitter_misc":{"Tiempo de lectura":"1 minuto"},"schema":{"@context":"https:\/\/schema.org","@graph":[{"@type":"WebPage","@id":"https:\/\/affderm.com\/gift-cards\/","url":"https:\/\/affderm.com\/gift-cards\/","name":"Tarjetas regalo para el cuidado de la piel - Affiliated Dermatology","isPartOf":{"@id":"https:\/\/affderm.com\/#website"},"primaryImageOfPage":{"@id":"https:\/\/affderm.com\/gift-cards\/#primaryimage"},"image":{"@id":"https:\/\/affderm.com\/gift-cards\/#primaryimage"},"thumbnailUrl":"https:\/\/affderm.com\/wp-content\/uploads\/2022\/03\/gift-cards-skin-care.png","datePublished":"2022-03-10T12:05:04+00:00","dateModified":"2022-09-17T00:29:16+00:00","description":"Regale una piel radiante con las tarjetas regalo digitales de Affiliated Dermatology. Su ser querido puede utilizar estos en tratamientos como Botox, tratamientos faciales, y mucho m\u00e1s.","breadcrumb":{"@id":"https:\/\/affderm.com\/gift-cards\/#breadcrumb"},"inLanguage":"es","potentialAction":[{"@type":"ReadAction","target":["https:\/\/affderm.com\/gift-cards\/"]}]},{"@type":"ImageObject","inLanguage":"es","@id":"https:\/\/affderm.com\/gift-cards\/#primaryimage","url":"https:\/\/affderm.com\/wp-content\/uploads\/2022\/03\/gift-cards-skin-care.png","contentUrl":"https:\/\/affderm.com\/wp-content\/uploads\/2022\/03\/gift-cards-skin-care.png"},{"@type":"BreadcrumbList","@id":"https:\/\/affderm.com\/gift-cards\/#breadcrumb","itemListElement":[{"@type":"ListItem","position":1,"name":"Home","item":"https:\/\/affderm.com\/"},{"@type":"ListItem","position":2,"name":"Gift Cards"}]},{"@type":"WebSite","@id":"https:\/\/affderm.com\/#website","url":"https:\/\/affderm.com\/","name":"Dermatolog\u00eda afiliada","description":"Expertos en tratamiento y prevenci\u00f3n de enfermedades cut\u00e1neas","potentialAction":[{"@type":"SearchAction","target":{"@type":"EntryPoint","urlTemplate":"https:\/\/affderm.com\/?s={search_term_string}"},"query-input":{"@type":"PropertyValueSpecification","valueRequired":true,"valueName":"search_term_string"}}],"inLanguage":"es"}]}},"_links":{"self":[{"href":"https:\/\/affderm.com\/es\/wp-json\/wp\/v2\/pages\/1571","targetHints":{"allow":["GET"]}}],"collection":[{"href":"https:\/\/affderm.com\/es\/wp-json\/wp\/v2\/pages"}],"about":[{"href":"https:\/\/affderm.com\/es\/wp-json\/wp\/v2\/types\/page"}],"author":[{"embeddable":true,"href":"https:\/\/affderm.com\/es\/wp-json\/wp\/v2\/users\/1"}],"replies":[{"embeddable":true,"href":"https:\/\/affderm.com\/es\/wp-json\/wp\/v2\/comments?post=1571"}],"version-history":[{"count":0,"href":"https:\/\/affderm.com\/es\/wp-json\/wp\/v2\/pages\/1571\/revisions"}],"wp:attachment":[{"href":"https:\/\/affderm.com\/es\/wp-json\/wp\/v2\/media?parent=1571"}],"curies":[{"name":"wp","href":"https:\/\/api.w.org\/{rel}","templated":true}]}}