{"id":1598,"date":"2022-03-11T09:33:01","date_gmt":"2022-03-11T09:33:01","guid":{"rendered":"http:\/\/120.72.95.94:55147\/?page_id=1598"},"modified":"2024-10-02T14:44:21","modified_gmt":"2024-10-02T21:44:21","slug":"abrimos-aqui-por-la-salud-de-su-piel","status":"publish","type":"page","link":"https:\/\/affderm.com\/es\/welcome-affiliated-dermatology\/were-open-here-for-your-skin-health\/","title":{"rendered":"Estamos abiertos y aqu\u00ed para la salud de su piel"},"content":{"rendered":"<div data-elementor-type=\"wp-page\" data-elementor-id=\"1598\" class=\"elementor elementor-1598\">\n\t\t\t\t\t\t<section class=\"elementor-section elementor-top-section elementor-element elementor-element-42c00b1 elementor-section-boxed elementor-section-height-default elementor-section-height-default\" data-id=\"42c00b1\" data-element_type=\"section\" data-e-type=\"section\" data-settings=\"{&quot;background_background&quot;:&quot;classic&quot;}\">\n\t\t\t\t\t\t\t<div class=\"elementor-background-overlay\"><\/div>\n\t\t\t\t\t\t\t<div class=\"elementor-container elementor-column-gap-default\">\n\t\t\t\t\t<div class=\"elementor-column elementor-col-100 elementor-top-column elementor-element elementor-element-818bfdb\" data-id=\"818bfdb\" data-element_type=\"column\" data-e-type=\"column\">\n\t\t\t<div class=\"elementor-widget-wrap elementor-element-populated\">\n\t\t\t\t\t\t<div class=\"elementor-element elementor-element-ca90c7c elementor-widget elementor-widget-heading\" data-id=\"ca90c7c\" data-element_type=\"widget\" data-e-type=\"widget\" data-widget_type=\"heading.default\">\n\t\t\t\t<div class=\"elementor-widget-container\">\n\t\t\t\t\t<h2 class=\"elementor-heading-title elementor-size-default\">Estamos abiertos y aqu\u00ed para la salud de su piel<\/h2>\t\t\t\t<\/div>\n\t\t\t\t<\/div>\n\t\t\t\t\t<\/div>\n\t\t<\/div>\n\t\t\t\t\t<\/div>\n\t\t<\/section>\n\t\t\t\t<section class=\"elementor-section elementor-top-section elementor-element elementor-element-18ea388 elementor-section-boxed elementor-section-height-default elementor-section-height-default\" data-id=\"18ea388\" data-element_type=\"section\" data-e-type=\"section\">\n\t\t\t\t\t\t<div class=\"elementor-container elementor-column-gap-default\">\n\t\t\t\t\t<div class=\"elementor-column elementor-col-100 elementor-top-column elementor-element elementor-element-b8609a5\" data-id=\"b8609a5\" data-element_type=\"column\" data-e-type=\"column\">\n\t\t\t<div class=\"elementor-widget-wrap elementor-element-populated\">\n\t\t\t\t\t\t<div class=\"elementor-element elementor-element-470e916 img-happy-rt elementor-widget elementor-widget-image\" data-id=\"470e916\" data-element_type=\"widget\" data-e-type=\"widget\" data-widget_type=\"image.default\">\n\t\t\t\t<div class=\"elementor-widget-container\">\n\t\t\t\t\t\t\t\t\t\t\t\t\t\t\t<img decoding=\"async\" src=\"https:\/\/affderm.com\/wp-content\/uploads\/2022\/03\/dermatologist-phoenix-az-1.png\" title=\"\" alt=\"\" loading=\"lazy\" \/>\t\t\t\t\t\t\t\t\t\t\t\t\t\t\t<\/div>\n\t\t\t\t<\/div>\n\t\t\t\t\t<\/div>\n\t\t<\/div>\n\t\t\t\t\t<\/div>\n\t\t<\/section>\n\t\t\t\t<section class=\"elementor-section elementor-top-section elementor-element elementor-element-1584f48 elementor-section-boxed elementor-section-height-default elementor-section-height-default\" data-id=\"1584f48\" data-element_type=\"section\" data-e-type=\"section\">\n\t\t\t\t\t\t<div class=\"elementor-container elementor-column-gap-default\">\n\t\t\t\t\t<div class=\"elementor-column elementor-col-100 elementor-top-column elementor-element elementor-element-ba6e248\" data-id=\"ba6e248\" data-element_type=\"column\" data-e-type=\"column\">\n\t\t\t<div class=\"elementor-widget-wrap elementor-element-populated\">\n\t\t\t\t\t\t<div class=\"elementor-element elementor-element-efb71fa elementor-widget elementor-widget-text-editor\" data-id=\"efb71fa\" data-element_type=\"widget\" data-e-type=\"widget\" data-widget_type=\"text-editor.default\">\n\t\t\t\t<div class=\"elementor-widget-container\">\n\t\t\t\t\t\t\t\t\t<p>Como consulta m\u00e9dica y quir\u00fargica, Affiliated Dermatology\u00ae est\u00e1 abierta y comprometida con la prestaci\u00f3n de servicios dermatol\u00f3gicos. Con el fin de acomodar de forma segura a nuestros pacientes m\u00e9dicos y de c\u00e1ncer de piel, estamos tomando las precauciones necesarias para mantener un ambiente seguro en nuestra pr\u00e1ctica, incluyendo la comprobaci\u00f3n diaria de las temperaturas y la salud personal de nuestro personal y pacientes.<\/p>\t\t\t\t\t\t\t\t<\/div>\n\t\t\t\t<\/div>\n\t\t\t\t<div class=\"elementor-element elementor-element-12acfa6 elementor-widget elementor-widget-text-editor\" data-id=\"12acfa6\" data-element_type=\"widget\" data-e-type=\"widget\" data-widget_type=\"text-editor.default\">\n\t\t\t\t<div class=\"elementor-widget-container\">\n\t\t\t\t\t\t\t\t\t<p>Affiliated Dermatology\u00ae presta servicios sanitarios esenciales y participa habitualmente en la obtenci\u00f3n, el diagn\u00f3stico y el tratamiento del c\u00e1ncer de piel melanoma y otras dolencias m\u00e9dicas cut\u00e1neas de sus pacientes. Como parte de un sector de infraestructuras cr\u00edticas identificado por el Departamento de Seguridad Nacional de EE.UU., Affiliated Dermatology\u00ae es una empresa esencial seg\u00fan la descripci\u00f3n del Estado de Arizona y otras entidades gubernamentales. Aunque nuestros horarios pueden fluctuar dependiendo de las necesidades de los pacientes y del personal, su salud y seguridad son siempre nuestra primera prioridad y por esta raz\u00f3n, nuestras oficinas permanecer\u00e1n abiertas.<\/p>\t\t\t\t\t\t\t\t<\/div>\n\t\t\t\t<\/div>\n\t\t\t\t<div class=\"elementor-element elementor-element-161c370 elementor-widget elementor-widget-text-editor\" data-id=\"161c370\" data-element_type=\"widget\" data-e-type=\"widget\" data-widget_type=\"text-editor.default\">\n\t\t\t\t<div class=\"elementor-widget-container\">\n\t\t\t\t\t\t\t\t\t<p>En AffDerm, estamos comprometidos con el bienestar de nuestros pacientes y nuestro equipo, por lo que nos gustar\u00eda tomar un momento para informarle de que estamos tomando todas las precauciones para asegurar que nuestras oficinas est\u00e1n debidamente protegidos y esterilizados.<\/p>\t\t\t\t\t\t\t\t<\/div>\n\t\t\t\t<\/div>\n\t\t\t\t<div class=\"elementor-element elementor-element-b4effbf elementor-widget elementor-widget-heading\" data-id=\"b4effbf\" data-element_type=\"widget\" data-e-type=\"widget\" data-widget_type=\"heading.default\">\n\t\t\t\t<div class=\"elementor-widget-container\">\n\t\t\t\t\t<h3 class=\"elementor-heading-title elementor-size-default\">C\u00f3mo AffDerm est\u00e1 siendo proactiva.<\/h3>\t\t\t\t<\/div>\n\t\t\t\t<\/div>\n\t\t\t\t<div class=\"elementor-element elementor-element-02952fd elementor-widget elementor-widget-text-editor\" data-id=\"02952fd\" data-element_type=\"widget\" data-e-type=\"widget\" data-widget_type=\"text-editor.default\">\n\t\t\t\t<div class=\"elementor-widget-container\">\n\t\t\t\t\t\t\t\t\t<p>Nuestro equipo se lava las manos con regularidad y desinfecta varias veces al d\u00eda las zonas de mayor tr\u00e1nsito (pomos de puertas, salas, iPads, ordenadores, etc.).<\/p>\t\t\t\t\t\t\t\t<\/div>\n\t\t\t\t<\/div>\n\t\t\t\t<div class=\"elementor-element elementor-element-2368bbc elementor-widget elementor-widget-text-editor\" data-id=\"2368bbc\" data-element_type=\"widget\" data-e-type=\"widget\" data-widget_type=\"text-editor.default\">\n\t\t\t\t<div class=\"elementor-widget-container\">\n\t\t\t\t\t\t\t\t\t<ul><li>Exigimos mascarillas\/protectores faciales a todos los pacientes, personal e invitados al entrar en un establecimiento AffDerm, independientemente de su estado de vacunaci\u00f3n.<ul><li>Revestimientos faciales homologados:<ul><li>Mascarilla N95 sin v\u00e1lvula<\/li><li>Mascarilla quir\u00fargica<\/li><li>Mascarilla casera (polipropileno de doble capa y\/o algod\u00f3n)<\/li><\/ul><\/li><li>Cubiertas faciales NO homologadas:<ul><li>Coberturas de tela: pa\u00f1uelo, pa\u00f1oleta o pa\u00f1uelo.<\/li><li>Todas las mascarillas con v\u00e1lvulas de exhalaci\u00f3n\/ventilaci\u00f3n<\/li><li>Pantalla facial (a menos que sea necesario debido a una afecci\u00f3n m\u00e9dica)<\/li><li>M\u00e1scaras de punto<\/li><li>Cuello polar<\/li><\/ul><\/li><li><em>Pedimos a aquellos que lleguen a AffDerm sin un protector facial aprobado que cambien la fecha de sus citas.<\/em><\/li><\/ul><\/li><li>Estamos comprobando la temperatura y la salud personal de nuestros pacientes en la puerta.<ul><li><em>Pedimos a quienes tengan fiebre de 100,4\u00b0 F o m\u00e1s, o muestren signos de enfermedad, que cambien sus citas.<\/em><\/li><\/ul><\/li><li>Estamos comprobando la temperatura y la salud personal de cada empleado dos veces al d\u00eda.<ul><li><em>Pedimos a los empleados que tengan fiebre de 100,4\u00b0 F o m\u00e1s, o muestren signos de enfermedad, que se vayan a casa.<\/em><\/li><\/ul><\/li><li>Ofrecemos citas para el acn\u00e9, erupciones cut\u00e1neas, lunares sospechosos y lesiones, as\u00ed como la reposici\u00f3n de recetas.<\/li><li>Nos mantenemos a dos metros y practicamos el distanciamiento social cuando las obligaciones laborales nos lo permiten.<\/li><li>Estamos reduciendo el n\u00famero de sillas en los vest\u00edbulos para permitir el distanciamiento social entre los pacientes mientras esperan sus citas.<\/li><li>Estamos pidiendo a los pacientes, en determinadas horas y oficinas, que esperen en el coche o en el vest\u00edbulo del edificio (si est\u00e1 disponible) despu\u00e9s de registrarse y antes de que se les d\u00e9 cita. Esta pol\u00edtica solo se aplicar\u00e1 cuando sea necesario y no se exigir\u00e1 en todas las visitas.<\/li><li>Pedimos a las personas que vengan con sus seres queridos que esperen en el coche mientras el paciente est\u00e1 en la consulta para la cita. Cualquier otra asistencia o instrucciones para el cuidado postoperatorio ser\u00e1n proporcionadas por un asistente m\u00e9dico.<ul><li><em>Habr\u00e1 excepciones para los cuidadores profesionales, los agentes de asistencia sanitaria y los familiares que requieran asistencia peri\u00f3dica para atender sus necesidades sanitarias.<\/em><\/li><\/ul><\/li><li>Disponemos de material para fomentar la higiene y el lavado de manos.<\/li><li>Hacemos un seguimiento activo de todas las recomendaciones, comunicaciones y estad\u00edsticas de salud p\u00fablica de los CDC, el Departamento de Servicios de Salud de Arizona y otras organizaciones sanitarias destacadas.<\/li><\/ul>\t\t\t\t\t\t\t\t<\/div>\n\t\t\t\t<\/div>\n\t\t\t\t<div class=\"elementor-element elementor-element-2fdcaf6 elementor-widget elementor-widget-heading\" data-id=\"2fdcaf6\" data-element_type=\"widget\" data-e-type=\"widget\" data-widget_type=\"heading.default\">\n\t\t\t\t<div class=\"elementor-widget-container\">\n\t\t\t\t\t<h3 class=\"elementor-heading-title elementor-size-default\">C\u00f3mo ser proactivo.<\/h3>\t\t\t\t<\/div>\n\t\t\t\t<\/div>\n\t\t\t\t<div class=\"elementor-element elementor-element-e72bedc elementor-widget elementor-widget-text-editor\" data-id=\"e72bedc\" data-element_type=\"widget\" data-e-type=\"widget\" data-widget_type=\"text-editor.default\">\n\t\t\t\t<div class=\"elementor-widget-container\">\n\t\t\t\t\t\t\t\t\t<p>Para evitar la propagaci\u00f3n de la enfermedad y cumplir con las directrices de los CDC, le pedimos respetuosamente que se quede en casa si:<\/p>\t\t\t\t\t\t\t\t<\/div>\n\t\t\t\t<\/div>\n\t\t\t\t<div class=\"elementor-element elementor-element-e0012e0 elementor-widget elementor-widget-text-editor\" data-id=\"e0012e0\" data-element_type=\"widget\" data-e-type=\"widget\" data-widget_type=\"text-editor.default\">\n\t\t\t\t<div class=\"elementor-widget-container\">\n\t\t\t\t\t\t\t\t\t<ul><li>Presenta fiebre, resfriado o s\u00edntomas gripales.<\/li><li>Ha viajado recientemente a un pa\u00eds de alto riesgo.<\/li><li>Has estado expuesto a alguien que cumple estos criterios.<\/li><\/ul>\t\t\t\t\t\t\t\t<\/div>\n\t\t\t\t<\/div>\n\t\t\t\t\t<\/div>\n\t\t<\/div>\n\t\t\t\t\t<\/div>\n\t\t<\/section>\n\t\t\t\t<section class=\"elementor-section elementor-top-section elementor-element elementor-element-040f9aa elementor-section-boxed elementor-section-height-default elementor-section-height-default\" data-id=\"040f9aa\" data-element_type=\"section\" data-e-type=\"section\" data-settings=\"{&quot;background_background&quot;:&quot;classic&quot;}\">\n\t\t\t\t\t\t<div class=\"elementor-container elementor-column-gap-default\">\n\t\t\t\t\t<div class=\"elementor-column elementor-col-100 elementor-top-column elementor-element elementor-element-24eaa22\" data-id=\"24eaa22\" data-element_type=\"column\" data-e-type=\"column\">\n\t\t\t<div class=\"elementor-widget-wrap elementor-element-populated\">\n\t\t\t\t\t\t<div class=\"elementor-element elementor-element-f2322d0 elementor-widget elementor-widget-heading\" data-id=\"f2322d0\" data-element_type=\"widget\" data-e-type=\"widget\" data-widget_type=\"heading.default\">\n\t\t\t\t<div class=\"elementor-widget-container\">\n\t\t\t\t\t<h3 class=\"elementor-heading-title elementor-size-default\">C\u00f3mo podemos ser todos proactivos.<\/h3>\t\t\t\t<\/div>\n\t\t\t\t<\/div>\n\t\t\t\t<div class=\"elementor-element elementor-element-9c49cb8 elementor-widget elementor-widget-text-editor\" data-id=\"9c49cb8\" data-element_type=\"widget\" data-e-type=\"widget\" data-widget_type=\"text-editor.default\">\n\t\t\t\t<div class=\"elementor-widget-container\">\n\t\t\t\t\t\t\t\t\t<p>Recuerda que para evitar la propagaci\u00f3n del COVID-19, debes tomar las siguientes precauciones:<\/p>\t\t\t\t\t\t\t\t<\/div>\n\t\t\t\t<\/div>\n\t\t\t\t<div class=\"elementor-element elementor-element-1d88efc elementor-widget elementor-widget-text-editor\" data-id=\"1d88efc\" data-element_type=\"widget\" data-e-type=\"widget\" data-widget_type=\"text-editor.default\">\n\t\t\t\t<div class=\"elementor-widget-container\">\n\t\t\t\t\t\t\t\t\t<ul><li>L\u00e1vese las manos a menudo con agua y jab\u00f3n durante al menos 20 segundos.<\/li><li>Utilice un desinfectante de manos que contenga al menos alcohol 60% si no dispone de agua y jab\u00f3n.<\/li><li>Evite tocarse los ojos, la nariz y la boca con las manos sin lavar.<\/li><li>Evite el contacto estrecho con personas enfermas.<\/li><li>Evite dar la mano si se siente enfermo o est\u00e1 cerca de otras personas que puedan estar enfermas.<\/li><li>Qu\u00e9date en casa cuando est\u00e9s enfermo.<\/li><li>C\u00fabrase la boca al toser o estornudar con un pa\u00f1uelo de papel y t\u00edrelo a la basura.<\/li><li>Limpie y desinfecte los objetos y superficies que se tocan con frecuencia.<\/li><\/ul>\t\t\t\t\t\t\t\t<\/div>\n\t\t\t\t<\/div>\n\t\t\t\t<div class=\"elementor-element elementor-element-69d0fb6 elementor-widget elementor-widget-text-editor\" data-id=\"69d0fb6\" data-element_type=\"widget\" data-e-type=\"widget\" data-widget_type=\"text-editor.default\">\n\t\t\t\t<div class=\"elementor-widget-container\">\n\t\t\t\t\t\t\t\t\t<p><em>Para m\u00e1s informaci\u00f3n sobre el virus, consulte la p\u00e1gina <a href=\"https:\/\/www.cdc.gov\/\">Sitio web de los CDC.<\/a><\/em><\/p>\t\t\t\t\t\t\t\t<\/div>\n\t\t\t\t<\/div>\n\t\t\t\t<div class=\"elementor-element elementor-element-d15f67c elementor-widget elementor-widget-heading\" data-id=\"d15f67c\" data-element_type=\"widget\" data-e-type=\"widget\" data-widget_type=\"heading.default\">\n\t\t\t\t<div class=\"elementor-widget-container\">\n\t\t\t\t\t<h3 class=\"elementor-heading-title elementor-size-default\">Estamos a su disposici\u00f3n.<\/h3>\t\t\t\t<\/div>\n\t\t\t\t<\/div>\n\t\t\t\t<div class=\"elementor-element elementor-element-66c6004 elementor-widget elementor-widget-text-editor\" data-id=\"66c6004\" data-element_type=\"widget\" data-e-type=\"widget\" data-widget_type=\"text-editor.default\">\n\t\t\t\t<div class=\"elementor-widget-container\">\n\t\t\t\t\t\t\t\t\t<p><strong>Gracias por su apoyo y comprensi\u00f3n mientras atravesamos juntos esta situaci\u00f3n \u00fanica como comunidad.<\/strong> Nuestra m\u00e1xima prioridad es la seguridad de nuestro equipo, los pacientes y sus familias, y esperamos que todos ustedes se mantengan sanos durante este tiempo. Estaremos encantados de atenderle, as\u00ed que no dude en ponerse en contacto con nosotros si necesita concertar una cita de dermatolog\u00eda m\u00e9dica.<\/p>\t\t\t\t\t\t\t\t<\/div>\n\t\t\t\t<\/div>\n\t\t\t\t\t<\/div>\n\t\t<\/div>\n\t\t\t\t\t<\/div>\n\t\t<\/section>\n\t\t\t\t<\/div>","protected":false},"excerpt":{"rendered":"<p>We\u2019re Open &#038; Here for Your Skin Health As a medical and surgical practice, Affiliated Dermatology\u00ae is open and committed [&hellip;]<\/p>\n","protected":false},"author":1,"featured_media":0,"parent":1596,"menu_order":0,"comment_status":"closed","ping_status":"closed","template":"elementor_header_footer","meta":{"_acf_changed":false,"footnotes":""},"class_list":["post-1598","page","type-page","status-publish","hentry"],"acf":[],"yoast_head":"<!-- This site is optimized with the Yoast SEO plugin v27.4 - https:\/\/yoast.com\/product\/yoast-seo-wordpress\/ -->\n<title>We&#039;re Open &amp; Here for Your Skin Health - Affiliated Dermatology<\/title>\n<meta name=\"description\" content=\"Affiliated Dermatology provides comprehensive, state-of-the-art dermatological treatments for medical and aesthetic issues that affect the skin, hair, and nails to patients in Scottsdale and greater Phoenix Arizona.\" \/>\n<meta name=\"robots\" content=\"index, follow, max-snippet:-1, max-image-preview:large, max-video-preview:-1\" \/>\n<link rel=\"canonical\" href=\"https:\/\/affderm.com\/es\/bienvenido-dermatologia-afiliada\/abrimos-aqui-por-la-salud-de-su-piel\/\" \/>\n<meta property=\"og:locale\" content=\"es_MX\" \/>\n<meta property=\"og:type\" content=\"article\" \/>\n<meta property=\"og:title\" content=\"We&#039;re Open &amp; Here for Your Skin Health - Affiliated Dermatology\" \/>\n<meta property=\"og:description\" content=\"Affiliated Dermatology provides comprehensive, state-of-the-art dermatological treatments for medical and aesthetic issues that affect the skin, hair, and nails to patients in Scottsdale and greater Phoenix Arizona.\" \/>\n<meta property=\"og:url\" content=\"https:\/\/affderm.com\/es\/bienvenido-dermatologia-afiliada\/abrimos-aqui-por-la-salud-de-su-piel\/\" \/>\n<meta property=\"og:site_name\" content=\"Affiliated Dermatology\" \/>\n<meta property=\"article:modified_time\" content=\"2024-10-02T21:44:21+00:00\" \/>\n<meta property=\"og:image\" content=\"https:\/\/affderm.com\/wp-content\/uploads\/2022\/03\/dermatologist-phoenix-az-1.png\" \/>\n<meta name=\"twitter:card\" content=\"summary_large_image\" \/>\n<meta name=\"twitter:label1\" content=\"Tiempo de lectura\" \/>\n\t<meta name=\"twitter:data1\" content=\"4 minutos\" \/>\n<script type=\"application\/ld+json\" class=\"yoast-schema-graph\">{\"@context\":\"https:\\\/\\\/schema.org\",\"@graph\":[{\"@type\":\"WebPage\",\"@id\":\"https:\\\/\\\/affderm.com\\\/welcome-affiliated-dermatology\\\/were-open-here-for-your-skin-health\\\/\",\"url\":\"https:\\\/\\\/affderm.com\\\/welcome-affiliated-dermatology\\\/were-open-here-for-your-skin-health\\\/\",\"name\":\"We're Open & Here for Your Skin Health - Affiliated Dermatology\",\"isPartOf\":{\"@id\":\"https:\\\/\\\/affderm.com\\\/#website\"},\"primaryImageOfPage\":{\"@id\":\"https:\\\/\\\/affderm.com\\\/welcome-affiliated-dermatology\\\/were-open-here-for-your-skin-health\\\/#primaryimage\"},\"image\":{\"@id\":\"https:\\\/\\\/affderm.com\\\/welcome-affiliated-dermatology\\\/were-open-here-for-your-skin-health\\\/#primaryimage\"},\"thumbnailUrl\":\"https:\\\/\\\/affderm.com\\\/wp-content\\\/uploads\\\/2022\\\/03\\\/dermatologist-phoenix-az-1.png\",\"datePublished\":\"2022-03-11T09:33:01+00:00\",\"dateModified\":\"2024-10-02T21:44:21+00:00\",\"description\":\"Affiliated Dermatology provides comprehensive, state-of-the-art dermatological treatments for medical and aesthetic issues that affect the skin, hair, and nails to patients in Scottsdale and greater Phoenix Arizona.\",\"breadcrumb\":{\"@id\":\"https:\\\/\\\/affderm.com\\\/welcome-affiliated-dermatology\\\/were-open-here-for-your-skin-health\\\/#breadcrumb\"},\"inLanguage\":\"es\",\"potentialAction\":[{\"@type\":\"ReadAction\",\"target\":[\"https:\\\/\\\/affderm.com\\\/welcome-affiliated-dermatology\\\/were-open-here-for-your-skin-health\\\/\"]}]},{\"@type\":\"ImageObject\",\"inLanguage\":\"es\",\"@id\":\"https:\\\/\\\/affderm.com\\\/welcome-affiliated-dermatology\\\/were-open-here-for-your-skin-health\\\/#primaryimage\",\"url\":\"https:\\\/\\\/affderm.com\\\/wp-content\\\/uploads\\\/2022\\\/03\\\/dermatologist-phoenix-az-1.png\",\"contentUrl\":\"https:\\\/\\\/affderm.com\\\/wp-content\\\/uploads\\\/2022\\\/03\\\/dermatologist-phoenix-az-1.png\"},{\"@type\":\"BreadcrumbList\",\"@id\":\"https:\\\/\\\/affderm.com\\\/welcome-affiliated-dermatology\\\/were-open-here-for-your-skin-health\\\/#breadcrumb\",\"itemListElement\":[{\"@type\":\"ListItem\",\"position\":1,\"name\":\"Home\",\"item\":\"https:\\\/\\\/affderm.com\\\/\"},{\"@type\":\"ListItem\",\"position\":2,\"name\":\"welcome affiliated dermatology\",\"item\":\"https:\\\/\\\/affderm.com\\\/?page_id=1596\"},{\"@type\":\"ListItem\",\"position\":3,\"name\":\"We\u2019re Open &#038; Here for Your Skin Health\"}]},{\"@type\":\"WebSite\",\"@id\":\"https:\\\/\\\/affderm.com\\\/#website\",\"url\":\"https:\\\/\\\/affderm.com\\\/\",\"name\":\"Affiliated Dermatology\",\"description\":\"Experts in Skin Disease Treatment &amp; Prevention\",\"potentialAction\":[{\"@type\":\"SearchAction\",\"target\":{\"@type\":\"EntryPoint\",\"urlTemplate\":\"https:\\\/\\\/affderm.com\\\/?s={search_term_string}\"},\"query-input\":{\"@type\":\"PropertyValueSpecification\",\"valueRequired\":true,\"valueName\":\"search_term_string\"}}],\"inLanguage\":\"es\"}]}<\/script>\n<!-- \/ Yoast SEO plugin. -->","yoast_head_json":{"title":"Estamos abiertos y aqu\u00ed para la salud de su piel - Affiliated Dermatology","description":"Affiliated Dermatology ofrece tratamientos dermatol\u00f3gicos integrales y de vanguardia para problemas m\u00e9dicos y est\u00e9ticos que afectan a la piel, el cabello y las u\u00f1as a pacientes de Scottsdale y la zona metropolitana de Phoenix, Arizona.","robots":{"index":"index","follow":"follow","max-snippet":"max-snippet:-1","max-image-preview":"max-image-preview:large","max-video-preview":"max-video-preview:-1"},"canonical":"https:\/\/affderm.com\/es\/bienvenido-dermatologia-afiliada\/abrimos-aqui-por-la-salud-de-su-piel\/","og_locale":"es_MX","og_type":"article","og_title":"We're Open & Here for Your Skin Health - Affiliated Dermatology","og_description":"Affiliated Dermatology provides comprehensive, state-of-the-art dermatological treatments for medical and aesthetic issues that affect the skin, hair, and nails to patients in Scottsdale and greater Phoenix Arizona.","og_url":"https:\/\/affderm.com\/es\/bienvenido-dermatologia-afiliada\/abrimos-aqui-por-la-salud-de-su-piel\/","og_site_name":"Affiliated Dermatology","article_modified_time":"2024-10-02T21:44:21+00:00","og_image":[{"url":"https:\/\/affderm.com\/wp-content\/uploads\/2022\/03\/dermatologist-phoenix-az-1.png","type":"","width":"","height":""}],"twitter_card":"summary_large_image","twitter_misc":{"Tiempo de lectura":"4 minutos"},"schema":{"@context":"https:\/\/schema.org","@graph":[{"@type":"WebPage","@id":"https:\/\/affderm.com\/welcome-affiliated-dermatology\/were-open-here-for-your-skin-health\/","url":"https:\/\/affderm.com\/welcome-affiliated-dermatology\/were-open-here-for-your-skin-health\/","name":"Estamos abiertos y aqu\u00ed para la salud de su piel - Affiliated Dermatology","isPartOf":{"@id":"https:\/\/affderm.com\/#website"},"primaryImageOfPage":{"@id":"https:\/\/affderm.com\/welcome-affiliated-dermatology\/were-open-here-for-your-skin-health\/#primaryimage"},"image":{"@id":"https:\/\/affderm.com\/welcome-affiliated-dermatology\/were-open-here-for-your-skin-health\/#primaryimage"},"thumbnailUrl":"https:\/\/affderm.com\/wp-content\/uploads\/2022\/03\/dermatologist-phoenix-az-1.png","datePublished":"2022-03-11T09:33:01+00:00","dateModified":"2024-10-02T21:44:21+00:00","description":"Affiliated Dermatology ofrece tratamientos dermatol\u00f3gicos integrales y de vanguardia para problemas m\u00e9dicos y est\u00e9ticos que afectan a la piel, el cabello y las u\u00f1as a pacientes de Scottsdale y la zona metropolitana de Phoenix, Arizona.","breadcrumb":{"@id":"https:\/\/affderm.com\/welcome-affiliated-dermatology\/were-open-here-for-your-skin-health\/#breadcrumb"},"inLanguage":"es","potentialAction":[{"@type":"ReadAction","target":["https:\/\/affderm.com\/welcome-affiliated-dermatology\/were-open-here-for-your-skin-health\/"]}]},{"@type":"ImageObject","inLanguage":"es","@id":"https:\/\/affderm.com\/welcome-affiliated-dermatology\/were-open-here-for-your-skin-health\/#primaryimage","url":"https:\/\/affderm.com\/wp-content\/uploads\/2022\/03\/dermatologist-phoenix-az-1.png","contentUrl":"https:\/\/affderm.com\/wp-content\/uploads\/2022\/03\/dermatologist-phoenix-az-1.png"},{"@type":"BreadcrumbList","@id":"https:\/\/affderm.com\/welcome-affiliated-dermatology\/were-open-here-for-your-skin-health\/#breadcrumb","itemListElement":[{"@type":"ListItem","position":1,"name":"Home","item":"https:\/\/affderm.com\/"},{"@type":"ListItem","position":2,"name":"welcome affiliated dermatology","item":"https:\/\/affderm.com\/?page_id=1596"},{"@type":"ListItem","position":3,"name":"We\u2019re Open &#038; Here for Your Skin Health"}]},{"@type":"WebSite","@id":"https:\/\/affderm.com\/#website","url":"https:\/\/affderm.com\/","name":"Dermatolog\u00eda afiliada","description":"Expertos en tratamiento y prevenci\u00f3n de enfermedades cut\u00e1neas","potentialAction":[{"@type":"SearchAction","target":{"@type":"EntryPoint","urlTemplate":"https:\/\/affderm.com\/?s={search_term_string}"},"query-input":{"@type":"PropertyValueSpecification","valueRequired":true,"valueName":"search_term_string"}}],"inLanguage":"es"}]}},"_links":{"self":[{"href":"https:\/\/affderm.com\/es\/wp-json\/wp\/v2\/pages\/1598","targetHints":{"allow":["GET"]}}],"collection":[{"href":"https:\/\/affderm.com\/es\/wp-json\/wp\/v2\/pages"}],"about":[{"href":"https:\/\/affderm.com\/es\/wp-json\/wp\/v2\/types\/page"}],"author":[{"embeddable":true,"href":"https:\/\/affderm.com\/es\/wp-json\/wp\/v2\/users\/1"}],"replies":[{"embeddable":true,"href":"https:\/\/affderm.com\/es\/wp-json\/wp\/v2\/comments?post=1598"}],"version-history":[{"count":0,"href":"https:\/\/affderm.com\/es\/wp-json\/wp\/v2\/pages\/1598\/revisions"}],"up":[{"embeddable":true,"href":"https:\/\/affderm.com\/es\/wp-json\/wp\/v2\/pages\/1596"}],"wp:attachment":[{"href":"https:\/\/affderm.com\/es\/wp-json\/wp\/v2\/media?parent=1598"}],"curies":[{"name":"wp","href":"https:\/\/api.w.org\/{rel}","templated":true}]}}