{"id":579,"date":"2022-03-04T06:05:57","date_gmt":"2022-03-04T06:05:57","guid":{"rendered":"http:\/\/120.72.95.94:55147\/?page_id=579"},"modified":"2026-01-28T15:43:11","modified_gmt":"2026-01-28T22:43:11","slug":"acerca-de","status":"publish","type":"page","link":"https:\/\/affderm.com\/es\/about\/","title":{"rendered":"Acerca"},"content":{"rendered":"<div data-elementor-type=\"wp-page\" data-elementor-id=\"579\" class=\"elementor elementor-579\">\n\t\t\t\t\t\t<section class=\"elementor-section elementor-top-section elementor-element elementor-element-2f3d7db elementor-section-boxed elementor-section-height-default elementor-section-height-default\" data-id=\"2f3d7db\" data-element_type=\"section\" data-e-type=\"section\" data-settings=\"{&quot;background_background&quot;:&quot;classic&quot;}\">\n\t\t\t\t\t\t\t<div class=\"elementor-background-overlay\"><\/div>\n\t\t\t\t\t\t\t<div class=\"elementor-container elementor-column-gap-default\">\n\t\t\t\t\t<div class=\"elementor-column elementor-col-100 elementor-top-column elementor-element elementor-element-ee6ebbe\" data-id=\"ee6ebbe\" data-element_type=\"column\" data-e-type=\"column\">\n\t\t\t<div class=\"elementor-widget-wrap elementor-element-populated\">\n\t\t\t\t\t\t<div class=\"elementor-element elementor-element-92d2a8a elementor-widget elementor-widget-heading\" data-id=\"92d2a8a\" data-element_type=\"widget\" data-e-type=\"widget\" data-widget_type=\"heading.default\">\n\t\t\t\t<div class=\"elementor-widget-container\">\n\t\t\t\t\t<h2 class=\"elementor-heading-title elementor-size-default\">Acerca<\/h2>\t\t\t\t<\/div>\n\t\t\t\t<\/div>\n\t\t\t\t\t<\/div>\n\t\t<\/div>\n\t\t\t\t\t<\/div>\n\t\t<\/section>\n\t\t\t\t<section class=\"elementor-section elementor-top-section elementor-element elementor-element-3218f3a elementor-section-boxed elementor-section-height-default elementor-section-height-default\" data-id=\"3218f3a\" data-element_type=\"section\" data-e-type=\"section\">\n\t\t\t\t\t\t<div class=\"elementor-container elementor-column-gap-default\">\n\t\t\t\t\t<div class=\"elementor-column elementor-col-100 elementor-top-column elementor-element elementor-element-ef66055\" data-id=\"ef66055\" data-element_type=\"column\" data-e-type=\"column\">\n\t\t\t<div class=\"elementor-widget-wrap elementor-element-populated\">\n\t\t\t\t\t\t<div class=\"elementor-element elementor-element-1dd776f img-happy-rt about-slider elementor-arrows-position-inside elementor-widget elementor-widget-image-carousel\" data-id=\"1dd776f\" data-element_type=\"widget\" data-e-type=\"widget\" data-settings=\"{&quot;slides_to_show&quot;:&quot;1&quot;,&quot;navigation&quot;:&quot;arrows&quot;,&quot;autoplay&quot;:&quot;yes&quot;,&quot;pause_on_hover&quot;:&quot;yes&quot;,&quot;pause_on_interaction&quot;:&quot;yes&quot;,&quot;autoplay_speed&quot;:5000,&quot;infinite&quot;:&quot;yes&quot;,&quot;effect&quot;:&quot;slide&quot;,&quot;speed&quot;:500}\" data-widget_type=\"image-carousel.default\">\n\t\t\t\t<div class=\"elementor-widget-container\">\n\t\t\t\t\t\t\t<div class=\"elementor-image-carousel-wrapper swiper\" role=\"region\" aria-roledescription=\"carousel\" aria-label=\"Carrusel de Im\u00e1genes\" dir=\"ltr\">\n\t\t\t<div class=\"elementor-image-carousel swiper-wrapper swiper-image-stretch\" aria-live=\"off\">\n\t\t\t\t\t\t\t\t<div class=\"swiper-slide\" role=\"group\" aria-roledescription=\"slide\" aria-label=\"1 de 14\" data-no-translation-aria-label=\"\"><figure class=\"swiper-slide-inner\"><img decoding=\"async\" class=\"swiper-slide-image\" src=\"https:\/\/affderm.com\/wp-content\/uploads\/2022\/03\/Affiliated-Dermatology-0072.jpg\" alt=\"Afiliados-Dermatolog\u00eda-0072\" \/><\/figure><\/div><div class=\"swiper-slide\" role=\"group\" aria-roledescription=\"slide\" aria-label=\"2 de 14\" data-no-translation-aria-label=\"\"><figure class=\"swiper-slide-inner\"><img decoding=\"async\" class=\"swiper-slide-image\" src=\"https:\/\/affderm.com\/wp-content\/uploads\/2022\/03\/Affiliated-Dermatology-0304.jpg\" alt=\"Afiliado-Dermatolog\u00eda-0304\" \/><\/figure><\/div><div class=\"swiper-slide\" role=\"group\" aria-roledescription=\"slide\" aria-label=\"3 de 14\" data-no-translation-aria-label=\"\"><figure class=\"swiper-slide-inner\"><img decoding=\"async\" class=\"swiper-slide-image\" src=\"https:\/\/affderm.com\/wp-content\/uploads\/2022\/03\/Affiliated-Dermatology-0210.jpg\" alt=\"Afiliado-Dermatolog\u00eda-0210\" \/><\/figure><\/div><div class=\"swiper-slide\" role=\"group\" aria-roledescription=\"slide\" aria-label=\"4 de 14\" data-no-translation-aria-label=\"\"><figure class=\"swiper-slide-inner\"><img decoding=\"async\" class=\"swiper-slide-image\" src=\"https:\/\/affderm.com\/wp-content\/uploads\/2022\/03\/Affiliated-Dermatology-0163.jpg\" alt=\"Afiliados-Dermatolog\u00eda-0163\" \/><\/figure><\/div><div class=\"swiper-slide\" role=\"group\" aria-roledescription=\"slide\" aria-label=\"5 de 14\" data-no-translation-aria-label=\"\"><figure class=\"swiper-slide-inner\"><img decoding=\"async\" class=\"swiper-slide-image\" src=\"https:\/\/affderm.com\/wp-content\/uploads\/2022\/03\/Affiliated-Dermatology-0222.jpg\" alt=\"Afiliado-Dermatolog\u00eda-0222\" \/><\/figure><\/div><div class=\"swiper-slide\" role=\"group\" aria-roledescription=\"slide\" aria-label=\"6 de 14\" data-no-translation-aria-label=\"\"><figure class=\"swiper-slide-inner\"><img decoding=\"async\" class=\"swiper-slide-image\" src=\"https:\/\/affderm.com\/wp-content\/uploads\/2022\/03\/Affiliated-Dermatology-0238.jpg\" alt=\"Afiliado-Dermatolog\u00eda-0238\" \/><\/figure><\/div><div class=\"swiper-slide\" role=\"group\" aria-roledescription=\"slide\" aria-label=\"7 de 14\" data-no-translation-aria-label=\"\"><figure class=\"swiper-slide-inner\"><img decoding=\"async\" class=\"swiper-slide-image\" src=\"https:\/\/affderm.com\/wp-content\/uploads\/2022\/03\/Affiliated-Dermatology-0161.jpg\" alt=\"Afiliados-Dermatolog\u00eda-0161\" \/><\/figure><\/div><div class=\"swiper-slide\" role=\"group\" aria-roledescription=\"slide\" aria-label=\"8 de 14\" data-no-translation-aria-label=\"\"><figure class=\"swiper-slide-inner\"><img decoding=\"async\" class=\"swiper-slide-image\" src=\"https:\/\/affderm.com\/wp-content\/uploads\/2022\/03\/Affiliated-Dermatology-0019.jpg\" alt=\"Afiliados-Dermatolog\u00eda-0019\" \/><\/figure><\/div><div class=\"swiper-slide\" role=\"group\" aria-roledescription=\"slide\" aria-label=\"9 de 14\" data-no-translation-aria-label=\"\"><figure class=\"swiper-slide-inner\"><img decoding=\"async\" class=\"swiper-slide-image\" src=\"https:\/\/affderm.com\/wp-content\/uploads\/2022\/03\/Affiliated-Dermatology-0280.jpg\" alt=\"Afiliado-Dermatolog\u00eda-0280\" \/><\/figure><\/div><div class=\"swiper-slide\" role=\"group\" aria-roledescription=\"slide\" aria-label=\"10 de 14\" data-no-translation-aria-label=\"\"><figure class=\"swiper-slide-inner\"><img decoding=\"async\" class=\"swiper-slide-image\" src=\"https:\/\/affderm.com\/wp-content\/uploads\/2022\/03\/Affiliated-Dermatology-0169.jpg\" alt=\"Afiliados-Dermatolog\u00eda-0169\" \/><\/figure><\/div><div class=\"swiper-slide\" role=\"group\" aria-roledescription=\"slide\" aria-label=\"11 de 14\" data-no-translation-aria-label=\"\"><figure class=\"swiper-slide-inner\"><img decoding=\"async\" class=\"swiper-slide-image\" src=\"https:\/\/affderm.com\/wp-content\/uploads\/2022\/03\/Affiliated-Dermatology-0265.jpg\" alt=\"Afiliados-Dermatolog\u00eda-0265\" \/><\/figure><\/div><div class=\"swiper-slide\" role=\"group\" aria-roledescription=\"slide\" aria-label=\"12 de 14\" data-no-translation-aria-label=\"\"><figure class=\"swiper-slide-inner\"><img decoding=\"async\" class=\"swiper-slide-image\" src=\"https:\/\/affderm.com\/wp-content\/uploads\/2022\/03\/Affiliated-Dermatology-0158.jpg\" alt=\"Afiliados-Dermatolog\u00eda-0158\" \/><\/figure><\/div><div class=\"swiper-slide\" role=\"group\" aria-roledescription=\"slide\" aria-label=\"13 de 14\" data-no-translation-aria-label=\"\"><figure class=\"swiper-slide-inner\"><img decoding=\"async\" class=\"swiper-slide-image\" src=\"https:\/\/affderm.com\/wp-content\/uploads\/2022\/03\/Affiliated-Dermatology-0051.jpg\" alt=\"Afiliados-Dermatolog\u00eda-0051\" \/><\/figure><\/div><div class=\"swiper-slide\" role=\"group\" aria-roledescription=\"slide\" aria-label=\"14 de 14\" data-no-translation-aria-label=\"\"><figure class=\"swiper-slide-inner\"><img decoding=\"async\" class=\"swiper-slide-image\" src=\"https:\/\/affderm.com\/wp-content\/uploads\/2022\/03\/Affiliated-Dermatology-0132.jpg\" alt=\"Afiliados-Dermatolog\u00eda-0132\" \/><\/figure><\/div>\t\t\t<\/div>\n\t\t\t\t\t\t\t\t\t\t\t\t<div class=\"elementor-swiper-button elementor-swiper-button-prev\" role=\"button\" tabindex=\"0\">\n\t\t\t\t\t\t<svg aria-hidden=\"true\" class=\"e-font-icon-svg e-eicon-chevron-left\" viewbox=\"0 0 1000 1000\" xmlns=\"http:\/\/www.w3.org\/2000\/svg\"><path d=\"M646 125C629 125 613 133 604 142L308 442C296 454 292 471 292 487 292 504 296 521 308 533L604 854C617 867 629 875 646 875 663 875 679 871 692 858 704 846 713 829 713 812 713 796 708 779 692 767L438 487 692 225C700 217 708 204 708 187 708 171 704 154 692 142 675 129 663 125 646 125Z\"><\/path><\/svg>\t\t\t\t\t<\/div>\n\t\t\t\t\t<div class=\"elementor-swiper-button elementor-swiper-button-next\" role=\"button\" tabindex=\"0\">\n\t\t\t\t\t\t<svg aria-hidden=\"true\" class=\"e-font-icon-svg e-eicon-chevron-right\" viewbox=\"0 0 1000 1000\" xmlns=\"http:\/\/www.w3.org\/2000\/svg\"><path d=\"M696 533C708 521 713 504 713 487 713 471 708 454 696 446L400 146C388 133 375 125 354 125 338 125 325 129 313 142 300 154 292 171 292 187 292 204 296 221 308 233L563 492 304 771C292 783 288 800 288 817 288 833 296 850 308 863 321 871 338 875 354 875 371 875 388 867 400 854L696 533Z\"><\/path><\/svg>\t\t\t\t\t<\/div>\n\t\t\t\t\n\t\t\t\t\t\t\t\t\t<\/div>\n\t\t\t\t\t\t<\/div>\n\t\t\t\t<\/div>\n\t\t\t\t\t<\/div>\n\t\t<\/div>\n\t\t\t\t\t<\/div>\n\t\t<\/section>\n\t\t\t\t<section class=\"elementor-section elementor-top-section elementor-element elementor-element-ae52051 elementor-section-boxed elementor-section-height-default elementor-section-height-default\" data-id=\"ae52051\" data-element_type=\"section\" data-e-type=\"section\">\n\t\t\t\t\t\t<div class=\"elementor-container elementor-column-gap-default\">\n\t\t\t\t\t<div class=\"elementor-column elementor-col-100 elementor-top-column elementor-element elementor-element-31c5006\" data-id=\"31c5006\" data-element_type=\"column\" data-e-type=\"column\">\n\t\t\t<div class=\"elementor-widget-wrap elementor-element-populated\">\n\t\t\t\t\t\t<div class=\"elementor-element elementor-element-fadd16e elementor-widget elementor-widget-heading\" data-id=\"fadd16e\" data-element_type=\"widget\" data-e-type=\"widget\" data-widget_type=\"heading.default\">\n\t\t\t\t<div class=\"elementor-widget-container\">\n\t\t\t\t\t<h3 class=\"elementor-heading-title elementor-size-default\">La manera AffDerm\n<\/h3>\t\t\t\t<\/div>\n\t\t\t\t<\/div>\n\t\t\t\t<div class=\"elementor-element elementor-element-d234021 elementor-widget elementor-widget-heading\" data-id=\"d234021\" data-element_type=\"widget\" data-e-type=\"widget\" data-widget_type=\"heading.default\">\n\t\t\t\t<div class=\"elementor-widget-container\">\n\t\t\t\t\t<h3 class=\"elementor-heading-title elementor-size-default\">\u00bfQu\u00e9 nos diferencia de otras consultas dermatol\u00f3gicas?<\/h3>\t\t\t\t<\/div>\n\t\t\t\t<\/div>\n\t\t\t\t<div class=\"elementor-element elementor-element-7863207 elementor-widget elementor-widget-text-editor\" data-id=\"7863207\" data-element_type=\"widget\" data-e-type=\"widget\" data-widget_type=\"text-editor.default\">\n\t\t\t\t<div class=\"elementor-widget-container\">\n\t\t\t\t\t\t\t\t\t<p>Creada en Arizona, Affiliated Dermatology\u00ae est\u00e1 dirigida por m\u00e9dicos de Arizona dedicados a los pacientes de Arizona. Fundada en julio de 2002 por el Dr. Richard L. Averitte, Jr., Affiliated Dermatology\u00ae ha crecido hasta contar con ocho centros que ofrecen prevenci\u00f3n y tratamiento del c\u00e1ncer de piel, servicios de dermatolog\u00eda m\u00e9dica y est\u00e9tica y pruebas de alergia. En 2011, Affiliated Dermatology\u00ae cre\u00f3 un programa de residencia para formar a la pr\u00f3xima generaci\u00f3n de profesionales sanitarios con el fin de ayudar a satisfacer la creciente demanda de Arizona. Adem\u00e1s, Affiliated Dermatology\u00ae cuenta con su propio laboratorio, certificado por CLIA y acreditado por CAP. El Dr. Averitte tambi\u00e9n cre\u00f3 la Arizona Skin Foundation, una organizaci\u00f3n sin \u00e1nimo de lucro dedicada a proporcionar ayuda econ\u00f3mica a personas con c\u00e1ncer de piel que no pueden permitirse el tratamiento.<\/p><p>Affiliated Dermatology\u00ae es un grupo de dermatolog\u00eda de servicio completo, con varias ubicaciones en todo el Valle, que ofrece servicios de dermatolog\u00eda general, detecci\u00f3n y tratamiento del c\u00e1ncer de piel, cirug\u00eda de Mohs, est\u00e9tica y alergia. Nuestro equipo se dedica a ayudar a inspirar y capacitar a tomar decisiones educadas y saludables sobre el cuidado de la piel. La calidad y la innovaci\u00f3n son el n\u00facleo de nuestra pr\u00e1ctica, con lo que el espectro completo de cuidado de la piel y servicios a la gente de Phoenix y para aquellos que viajan aqu\u00ed para nuestro cuidado y servicios.<\/p>\t\t\t\t\t\t\t\t<\/div>\n\t\t\t\t<\/div>\n\t\t\t\t<div class=\"elementor-element elementor-element-e46e62c elementor-widget elementor-widget-text-editor\" data-id=\"e46e62c\" data-element_type=\"widget\" data-e-type=\"widget\" data-widget_type=\"text-editor.default\">\n\t\t\t\t<div class=\"elementor-widget-container\">\n\t\t\t\t\t\t\t\t\t<ul><li>Nuevos pacientes bienvenidos<\/li><li>Se aceptan la mayor\u00eda de los seguros<\/li><li><span class=\"text_exposed_show\">Disponibilidad de citas para el mismo d\u00eda<\/span><\/li><li><span class=\"text_exposed_show\">Citas por la tarde y los s\u00e1bados<\/span><em>\u00a0(No disponible temporalmente)<\/em><\/li><li><span class=\"text_exposed_show\">Servicios de cuidado de la piel para todas las edades, tipos de piel y afecciones<\/span><\/li><li><span class=\"text_exposed_show\">Laboratorio dermatopatol\u00f3gico propio, de calidad y acreditado por el CAP<\/span><\/li><li><span class=\"text_exposed_show\">Un equipo completo de cirujanos de Mohs<\/span><\/li><li><span class=\"text_exposed_show\">Varios dermatopat\u00f3logos especializados<\/span><\/li><li>Consultas est\u00e9ticas gratuitas<\/li><li><a href=\"https:\/\/affderm.com\/es\/hablamos-espanol\/\">Hablamos espa\u00f1ol<\/a><\/li><\/ul>\t\t\t\t\t\t\t\t<\/div>\n\t\t\t\t<\/div>\n\t\t\t\t<div class=\"elementor-element elementor-element-528c8d9 elementor-widget elementor-widget-text-editor\" data-id=\"528c8d9\" data-element_type=\"widget\" data-e-type=\"widget\" data-widget_type=\"text-editor.default\">\n\t\t\t\t<div class=\"elementor-widget-container\">\n\t\t\t\t\t\t\t\t\t<p>En un esfuerzo por mejorar su atenci\u00f3n y la experiencia del paciente, Affiliated Dermatology\u00ae ofrece servicios de diagn\u00f3stico integrales y de alta calidad en nuestras instalaciones. <a href=\"\/es\/acerca-de\/laboratorio-de-dermatopatologia\/\" target=\"_blank\" rel=\"noopener noreferrer\">laboratorio de dermatopatolog\u00eda<\/a>. Con varias oficinas ubicadas estrat\u00e9gicamente en todo el Valle, Affiliated Dermatology\u00ae tiene la huella de distribuci\u00f3n para apoyar eficazmente a los pacientes en todo el Valle, independientemente de su ubicaci\u00f3n. Affiliated Dermatology\u00ae se encuentra en toda el \u00e1rea metropolitana de Phoenix con oficinas en <a href=\"https:\/\/affderm.com\/es\/lugares\/dermatologo-scottsdale\/\">Scottsdale<\/a>, <a href=\"https:\/\/affderm.com\/es\/lugares\/dermatologo-del-valle-de-los-ciervos\/\">Valle de los Ciervos<\/a>, <a href=\"https:\/\/affderm.com\/es\/lugares\/dermatologo-anthem\/\">Himno<\/a>, <a href=\"https:\/\/affderm.com\/es\/lugares\/dermatologo-sorpresa\/\">Sorpresa<\/a>, <a href=\"https:\/\/affderm.com\/es\/lugares\/dermatologo-gilbert\/\">Gilbert<\/a>, <a href=\"https:\/\/affderm.com\/es\/lugares\/dermatologo-tempe\/\">Tempe<\/a>y <a href=\"https:\/\/affderm.com\/es\/lugares\/dermatologo-tolleson\/\">Casco antiguo<\/a>.<\/p>\t\t\t\t\t\t\t\t<\/div>\n\t\t\t\t<\/div>\n\t\t\t\t<div class=\"elementor-element elementor-element-da7448a elementor-widget elementor-widget-heading\" data-id=\"da7448a\" data-element_type=\"widget\" data-e-type=\"widget\" data-widget_type=\"heading.default\">\n\t\t\t\t<div class=\"elementor-widget-container\">\n\t\t\t\t\t<h3 class=\"elementor-heading-title elementor-size-default\">Participaci\u00f3n comunitaria<\/h3>\t\t\t\t<\/div>\n\t\t\t\t<\/div>\n\t\t\t\t<div class=\"elementor-element elementor-element-5e9ceab elementor-widget elementor-widget-text-editor\" data-id=\"5e9ceab\" data-element_type=\"widget\" data-e-type=\"widget\" data-widget_type=\"text-editor.default\">\n\t\t\t\t<div class=\"elementor-widget-container\">\n\t\t\t\t\t\t\t\t\t<p>Nos comprometemos a proporcionar a nuestra comunidad una atenci\u00f3n de calidad, tanto a trav\u00e9s de nuestras cl\u00ednicas como de nuestros esfuerzos de formaci\u00f3n m\u00e9dica. Affiliated Dermatology\u00ae se enorgullece de influir en la formaci\u00f3n de postgrado de los m\u00e9dicos a trav\u00e9s de nuestra\u00a0<a href=\"https:\/\/affderm.com\/es\/acerca-de\/residency-program\/\">programa de residencia<\/a>. Tambi\u00e9n nos dedicamos al tratamiento del c\u00e1ncer de piel, as\u00ed como a la prevenci\u00f3n y la detecci\u00f3n precoz. Nuestros proveedores se desplazan por todo Phoenix y sus alrededores para ofrecer pruebas gratuitas de detecci\u00f3n del c\u00e1ncer de piel y formaci\u00f3n sobre la protecci\u00f3n solar en colaboraci\u00f3n con la Fundaci\u00f3n para la Prevenci\u00f3n del C\u00e1ncer de Piel.\u00a0<a href=\"http:\/\/www.skinexam.org\/\" target=\"_blank\" rel=\"noopener\">Fundaci\u00f3n Arizona contra el C\u00e1ncer de Piel<\/a>. Estamos orgullosos de desempe\u00f1ar un papel activo en el crecimiento y el enriquecimiento de nuestra comunidad, por lo que patrocinamos una serie de escuelas y organizaciones, ofreciendo servicios de detecci\u00f3n del c\u00e1ncer de piel y apoyo dermatol\u00f3gico.<\/p>\t\t\t\t\t\t\t\t<\/div>\n\t\t\t\t<\/div>\n\t\t\t\t<div class=\"elementor-element elementor-element-17c40b1 elementor-widget elementor-widget-text-editor\" data-id=\"17c40b1\" data-element_type=\"widget\" data-e-type=\"widget\" data-widget_type=\"text-editor.default\">\n\t\t\t\t<div class=\"elementor-widget-container\">\n\t\t\t\t\t\t\t\t\t<p><strong>Tanto si desea recibir tratamiento para una afecci\u00f3n cut\u00e1nea como para un procedimiento est\u00e9tico, puede estar seguro de que ser\u00e1 tratado con atenci\u00f3n profesional y personal por uno de nuestros expertos en el cuidado de la piel. No dude en llamarnos al (480) 556-0446 o utilice el siguiente formulario para dejarnos un mensaje.<\/strong><\/p>\t\t\t\t\t\t\t\t<\/div>\n\t\t\t\t<\/div>\n\t\t\t\t<div class=\"elementor-element elementor-element-de9c50c elementor-widget__width-inherit elementor-widget elementor-widget-text-editor\" data-id=\"de9c50c\" data-element_type=\"widget\" data-e-type=\"widget\" data-widget_type=\"text-editor.default\">\n\t\t\t\t<div class=\"elementor-widget-container\">\n\t\t\t\t\t\t\t\t\t<div class=\"_form_35\"><\/div>\n<script src=\"https:\/\/affderm.dewy.io\/f\/embed.php?id=35\" type=\"text\/javascript\" charset=\"utf-8\"><\/script>\t\t\t\t\t\t\t\t<\/div>\n\t\t\t\t<\/div>\n\t\t\t\t\t<\/div>\n\t\t<\/div>\n\t\t\t\t\t<\/div>\n\t\t<\/section>\n\t\t\t\t<\/div>","protected":false},"excerpt":{"rendered":"<p>About The AffDerm Way So, what sets us apart from other dermatology offices? Created in Arizona, Affiliated Dermatology\u00ae is led [&hellip;]<\/p>\n","protected":false},"author":1,"featured_media":0,"parent":0,"menu_order":0,"comment_status":"closed","ping_status":"closed","template":"elementor_header_footer","meta":{"_acf_changed":false,"footnotes":""},"class_list":["post-579","page","type-page","status-publish","hentry"],"acf":[],"yoast_head":"<!-- This site is optimized with the Yoast SEO plugin v27.5 - https:\/\/yoast.com\/product\/yoast-seo-wordpress\/ -->\n<title>About - Affiliated Dermatology<\/title>\n<meta name=\"description\" content=\"Affiliated Dermatology offers full-service care in medical and aesthetic dermatology, skin cancer detection and treatment, Mohs, and allergy.\" \/>\n<meta name=\"robots\" content=\"index, follow, max-snippet:-1, max-image-preview:large, max-video-preview:-1\" \/>\n<link rel=\"canonical\" href=\"https:\/\/affderm.com\/es\/acerca-de\/\" \/>\n<meta property=\"og:locale\" content=\"es_MX\" \/>\n<meta property=\"og:type\" content=\"article\" \/>\n<meta property=\"og:title\" content=\"About - Affiliated Dermatology\" \/>\n<meta property=\"og:description\" content=\"Affiliated Dermatology offers full-service care in medical and aesthetic dermatology, skin cancer detection and treatment, Mohs, and allergy.\" \/>\n<meta property=\"og:url\" content=\"https:\/\/affderm.com\/es\/acerca-de\/\" \/>\n<meta property=\"og:site_name\" content=\"Affiliated Dermatology\" \/>\n<meta property=\"article:modified_time\" content=\"2026-01-28T22:43:11+00:00\" \/>\n<meta property=\"og:image\" content=\"https:\/\/affderm.com\/wp-content\/uploads\/2022\/03\/Affiliated-Dermatology-0072.jpg\" \/>\n<meta name=\"twitter:card\" content=\"summary_large_image\" \/>\n<meta name=\"twitter:label1\" content=\"Tiempo de lectura\" \/>\n\t<meta name=\"twitter:data1\" content=\"5 minutos\" \/>\n<script type=\"application\/ld+json\" class=\"yoast-schema-graph\">{\"@context\":\"https:\\\/\\\/schema.org\",\"@graph\":[{\"@type\":\"WebPage\",\"@id\":\"https:\\\/\\\/affderm.com\\\/about\\\/\",\"url\":\"https:\\\/\\\/affderm.com\\\/about\\\/\",\"name\":\"About - Affiliated Dermatology\",\"isPartOf\":{\"@id\":\"https:\\\/\\\/affderm.com\\\/#website\"},\"primaryImageOfPage\":{\"@id\":\"https:\\\/\\\/affderm.com\\\/about\\\/#primaryimage\"},\"image\":{\"@id\":\"https:\\\/\\\/affderm.com\\\/about\\\/#primaryimage\"},\"thumbnailUrl\":\"https:\\\/\\\/affderm.com\\\/wp-content\\\/uploads\\\/2022\\\/03\\\/Affiliated-Dermatology-0072.jpg\",\"datePublished\":\"2022-03-04T06:05:57+00:00\",\"dateModified\":\"2026-01-28T22:43:11+00:00\",\"description\":\"Affiliated Dermatology offers full-service care in medical and aesthetic dermatology, skin cancer detection and treatment, Mohs, and allergy.\",\"breadcrumb\":{\"@id\":\"https:\\\/\\\/affderm.com\\\/about\\\/#breadcrumb\"},\"inLanguage\":\"es\",\"potentialAction\":[{\"@type\":\"ReadAction\",\"target\":[\"https:\\\/\\\/affderm.com\\\/about\\\/\"]}]},{\"@type\":\"ImageObject\",\"inLanguage\":\"es\",\"@id\":\"https:\\\/\\\/affderm.com\\\/about\\\/#primaryimage\",\"url\":\"https:\\\/\\\/affderm.com\\\/wp-content\\\/uploads\\\/2022\\\/03\\\/Affiliated-Dermatology-0072.jpg\",\"contentUrl\":\"https:\\\/\\\/affderm.com\\\/wp-content\\\/uploads\\\/2022\\\/03\\\/Affiliated-Dermatology-0072.jpg\"},{\"@type\":\"BreadcrumbList\",\"@id\":\"https:\\\/\\\/affderm.com\\\/about\\\/#breadcrumb\",\"itemListElement\":[{\"@type\":\"ListItem\",\"position\":1,\"name\":\"Home\",\"item\":\"https:\\\/\\\/affderm.com\\\/\"},{\"@type\":\"ListItem\",\"position\":2,\"name\":\"About\"}]},{\"@type\":\"WebSite\",\"@id\":\"https:\\\/\\\/affderm.com\\\/#website\",\"url\":\"https:\\\/\\\/affderm.com\\\/\",\"name\":\"Affiliated Dermatology\",\"description\":\"Experts in Skin Disease Treatment &amp; Prevention\",\"potentialAction\":[{\"@type\":\"SearchAction\",\"target\":{\"@type\":\"EntryPoint\",\"urlTemplate\":\"https:\\\/\\\/affderm.com\\\/?s={search_term_string}\"},\"query-input\":{\"@type\":\"PropertyValueSpecification\",\"valueRequired\":true,\"valueName\":\"search_term_string\"}}],\"inLanguage\":\"es\"}]}<\/script>\n<!-- \/ Yoast SEO plugin. -->","yoast_head_json":{"title":"Acerca de - Affiliated Dermatology","description":"Affiliated Dermatology ofrece atenci\u00f3n completa en dermatolog\u00eda m\u00e9dica y est\u00e9tica, detecci\u00f3n y tratamiento del c\u00e1ncer de piel, Mohs y alergia.","robots":{"index":"index","follow":"follow","max-snippet":"max-snippet:-1","max-image-preview":"max-image-preview:large","max-video-preview":"max-video-preview:-1"},"canonical":"https:\/\/affderm.com\/es\/acerca-de\/","og_locale":"es_MX","og_type":"article","og_title":"About - Affiliated Dermatology","og_description":"Affiliated Dermatology offers full-service care in medical and aesthetic dermatology, skin cancer detection and treatment, Mohs, and allergy.","og_url":"https:\/\/affderm.com\/es\/acerca-de\/","og_site_name":"Affiliated Dermatology","article_modified_time":"2026-01-28T22:43:11+00:00","og_image":[{"url":"https:\/\/affderm.com\/wp-content\/uploads\/2022\/03\/Affiliated-Dermatology-0072.jpg","type":"","width":"","height":""}],"twitter_card":"summary_large_image","twitter_misc":{"Tiempo de lectura":"5 minutos"},"schema":{"@context":"https:\/\/schema.org","@graph":[{"@type":"WebPage","@id":"https:\/\/affderm.com\/about\/","url":"https:\/\/affderm.com\/about\/","name":"Acerca de - Affiliated Dermatology","isPartOf":{"@id":"https:\/\/affderm.com\/#website"},"primaryImageOfPage":{"@id":"https:\/\/affderm.com\/about\/#primaryimage"},"image":{"@id":"https:\/\/affderm.com\/about\/#primaryimage"},"thumbnailUrl":"https:\/\/affderm.com\/wp-content\/uploads\/2022\/03\/Affiliated-Dermatology-0072.jpg","datePublished":"2022-03-04T06:05:57+00:00","dateModified":"2026-01-28T22:43:11+00:00","description":"Affiliated Dermatology ofrece atenci\u00f3n completa en dermatolog\u00eda m\u00e9dica y est\u00e9tica, detecci\u00f3n y tratamiento del c\u00e1ncer de piel, Mohs y alergia.","breadcrumb":{"@id":"https:\/\/affderm.com\/about\/#breadcrumb"},"inLanguage":"es","potentialAction":[{"@type":"ReadAction","target":["https:\/\/affderm.com\/about\/"]}]},{"@type":"ImageObject","inLanguage":"es","@id":"https:\/\/affderm.com\/about\/#primaryimage","url":"https:\/\/affderm.com\/wp-content\/uploads\/2022\/03\/Affiliated-Dermatology-0072.jpg","contentUrl":"https:\/\/affderm.com\/wp-content\/uploads\/2022\/03\/Affiliated-Dermatology-0072.jpg"},{"@type":"BreadcrumbList","@id":"https:\/\/affderm.com\/about\/#breadcrumb","itemListElement":[{"@type":"ListItem","position":1,"name":"Home","item":"https:\/\/affderm.com\/"},{"@type":"ListItem","position":2,"name":"About"}]},{"@type":"WebSite","@id":"https:\/\/affderm.com\/#website","url":"https:\/\/affderm.com\/","name":"Dermatolog\u00eda afiliada","description":"Expertos en tratamiento y prevenci\u00f3n de enfermedades cut\u00e1neas","potentialAction":[{"@type":"SearchAction","target":{"@type":"EntryPoint","urlTemplate":"https:\/\/affderm.com\/?s={search_term_string}"},"query-input":{"@type":"PropertyValueSpecification","valueRequired":true,"valueName":"search_term_string"}}],"inLanguage":"es"}]}},"_links":{"self":[{"href":"https:\/\/affderm.com\/es\/wp-json\/wp\/v2\/pages\/579","targetHints":{"allow":["GET"]}}],"collection":[{"href":"https:\/\/affderm.com\/es\/wp-json\/wp\/v2\/pages"}],"about":[{"href":"https:\/\/affderm.com\/es\/wp-json\/wp\/v2\/types\/page"}],"author":[{"embeddable":true,"href":"https:\/\/affderm.com\/es\/wp-json\/wp\/v2\/users\/1"}],"replies":[{"embeddable":true,"href":"https:\/\/affderm.com\/es\/wp-json\/wp\/v2\/comments?post=579"}],"version-history":[{"count":0,"href":"https:\/\/affderm.com\/es\/wp-json\/wp\/v2\/pages\/579\/revisions"}],"wp:attachment":[{"href":"https:\/\/affderm.com\/es\/wp-json\/wp\/v2\/media?parent=579"}],"curies":[{"name":"wp","href":"https:\/\/api.w.org\/{rel}","templated":true}]}}