{"id":6467,"date":"2022-08-29T23:44:31","date_gmt":"2022-08-30T06:44:31","guid":{"rendered":"https:\/\/affderm.com\/?page_id=6467"},"modified":"2025-11-06T16:09:52","modified_gmt":"2025-11-06T23:09:52","slug":"dysport","status":"publish","type":"page","link":"https:\/\/affderm.com\/es\/services\/aesthetic-dermatology\/injectables-fillers\/dysport\/","title":{"rendered":"dysport"},"content":{"rendered":"<div data-elementor-type=\"wp-page\" data-elementor-id=\"6467\" class=\"elementor elementor-6467\">\n\t\t\t\t\t\t<section class=\"elementor-section elementor-top-section elementor-element elementor-element-42c00b1 elementor-section-boxed elementor-section-height-default elementor-section-height-default\" data-id=\"42c00b1\" data-element_type=\"section\" data-e-type=\"section\" data-settings=\"{&quot;background_background&quot;:&quot;classic&quot;}\">\n\t\t\t\t\t\t\t<div class=\"elementor-background-overlay\"><\/div>\n\t\t\t\t\t\t\t<div class=\"elementor-container elementor-column-gap-default\">\n\t\t\t\t\t<div class=\"elementor-column elementor-col-100 elementor-top-column elementor-element elementor-element-818bfdb\" data-id=\"818bfdb\" data-element_type=\"column\" data-e-type=\"column\">\n\t\t\t<div class=\"elementor-widget-wrap elementor-element-populated\">\n\t\t\t\t\t\t<div class=\"elementor-element elementor-element-ca90c7c elementor-widget elementor-widget-heading\" data-id=\"ca90c7c\" data-element_type=\"widget\" data-e-type=\"widget\" data-widget_type=\"heading.default\">\n\t\t\t\t<div class=\"elementor-widget-container\">\n\t\t\t\t\t<h1 class=\"elementor-heading-title elementor-size-default\">Inyecciones de Dysport en el Valle de Phoenix<\/h1>\t\t\t\t<\/div>\n\t\t\t\t<\/div>\n\t\t\t\t\t<\/div>\n\t\t<\/div>\n\t\t\t\t\t<\/div>\n\t\t<\/section>\n\t\t\t\t<section class=\"elementor-section elementor-top-section elementor-element elementor-element-18ea388 elementor-section-boxed elementor-section-height-default elementor-section-height-default\" data-id=\"18ea388\" data-element_type=\"section\" data-e-type=\"section\">\n\t\t\t\t\t\t<div class=\"elementor-container elementor-column-gap-default\">\n\t\t\t\t\t<div class=\"elementor-column elementor-col-100 elementor-top-column elementor-element elementor-element-b8609a5\" data-id=\"b8609a5\" data-element_type=\"column\" data-e-type=\"column\">\n\t\t\t<div class=\"elementor-widget-wrap elementor-element-populated\">\n\t\t\t\t\t\t<div class=\"elementor-element elementor-element-c918f24 elementor-widget elementor-widget-heading\" data-id=\"c918f24\" data-element_type=\"widget\" data-e-type=\"widget\" data-widget_type=\"heading.default\">\n\t\t\t\t<div class=\"elementor-widget-container\">\n\t\t\t\t\t<h3 class=\"elementor-heading-title elementor-size-default\">\u00bfQu\u00e9 son las inyecciones de Dysport?\n<\/h3>\t\t\t\t<\/div>\n\t\t\t\t<\/div>\n\t\t\t\t<div class=\"elementor-element elementor-element-12acfa6 elementor-widget elementor-widget-text-editor\" data-id=\"12acfa6\" data-element_type=\"widget\" data-e-type=\"widget\" data-widget_type=\"text-editor.default\">\n\t\t\t\t<div class=\"elementor-widget-container\">\n\t\t\t\t\t\t\t\t\t<p><a href=\"https:\/\/www.dysportusa.com\/\" target=\"_blank\" rel=\"noopener noreferrer\">Dysport<\/a> es una inyecci\u00f3n de prescripci\u00f3n para la mejora temporal del aspecto de las arrugas moderadas a severas del entrecejo (arrugas glabelares) en adultos menores de 65 a\u00f1os. Es hora de dar el paso y estar orgulloso de ser usted.<\/p><p>Si est\u00e1 interesado en recibir inyecciones de Dysport en la zona de Phoenix, <a href=\"https:\/\/affderm.com\/es\/contacto\/\">p\u00f3ngase en contacto con nosotros<\/a> para concertar una cita en uno de nuestros <a href=\"https:\/\/affderm.com\/es\/lugares\/\">cl\u00ednicas en la zona de Phoenix<\/a>.<\/p><p>Las arrugas no son su estilo y la \"mirada congelada\" tampoco. Para los adultos que desean un aspecto natural, existe Dysport, una inyecci\u00f3n de prescripci\u00f3n que ha demostrado ayudar a suavizar el aspecto de las arrugas moderadas a graves del entrecejo sin cambiar el aspecto ni el movimiento del resto de la cara. Los m\u00fasculos no tratados siguen funcionando con normalidad, por lo que puede seguir expresando sus sentimientos con naturalidad. Son las l\u00edneas las que se minimizan, no sus expresiones.<\/p><p>Y como Dysport libera\u00a0<a href=\"https:\/\/www.dysportusa.com\/before-and-after\" target=\"_blank\" rel=\"noopener\">resultados naturales<\/a>\u00a0la gente quiere, 97% de los usuarios dicen que lo volver\u00edan a hacer. Adem\u00e1s, Dysport est\u00e1 aprobado en 69 pa\u00edses y cuenta con 25 a\u00f1os de experiencia cl\u00ednica en todo el mundo. Obtenga m\u00e1s informaci\u00f3n sobre Dysport a continuaci\u00f3n, incluido c\u00f3mo funciona y lo que debe saber antes de iniciar el tratamiento.<\/p>\t\t\t\t\t\t\t\t<\/div>\n\t\t\t\t<\/div>\n\t\t\t\t<div class=\"elementor-element elementor-element-470e916 img-happy-rt elementor-widget elementor-widget-image\" data-id=\"470e916\" data-element_type=\"widget\" data-e-type=\"widget\" data-widget_type=\"image.default\">\n\t\t\t\t<div class=\"elementor-widget-container\">\n\t\t\t\t\t\t\t\t\t\t\t\t\t\t\t<img fetchpriority=\"high\" decoding=\"async\" width=\"1225\" height=\"440\" src=\"https:\/\/affderm.com\/wp-content\/uploads\/2022\/08\/3563653.jpg\" class=\"attachment-full size-full wp-image-6530\" alt=\"\" srcset=\"https:\/\/affderm.com\/wp-content\/uploads\/2022\/08\/3563653.jpg 1225w, https:\/\/affderm.com\/wp-content\/uploads\/2022\/08\/3563653-800x287.jpg 800w, https:\/\/affderm.com\/wp-content\/uploads\/2022\/08\/3563653-1200x431.jpg 1200w, https:\/\/affderm.com\/wp-content\/uploads\/2022\/08\/3563653-768x276.jpg 768w\" sizes=\"(max-width: 1225px) 100vw, 1225px\" \/>\t\t\t\t\t\t\t\t\t\t\t\t\t\t\t<\/div>\n\t\t\t\t<\/div>\n\t\t\t\t\t<\/div>\n\t\t<\/div>\n\t\t\t\t\t<\/div>\n\t\t<\/section>\n\t\t\t\t<section class=\"elementor-section elementor-top-section elementor-element elementor-element-1584f48 elementor-section-boxed elementor-section-height-default elementor-section-height-default\" data-id=\"1584f48\" data-element_type=\"section\" data-e-type=\"section\">\n\t\t\t\t\t\t<div class=\"elementor-container elementor-column-gap-default\">\n\t\t\t\t\t<div class=\"elementor-column elementor-col-100 elementor-top-column elementor-element elementor-element-ba6e248\" data-id=\"ba6e248\" data-element_type=\"column\" data-e-type=\"column\">\n\t\t\t<div class=\"elementor-widget-wrap elementor-element-populated\">\n\t\t\t\t\t\t<div class=\"elementor-element elementor-element-d8b55db elementor-widget elementor-widget-heading\" data-id=\"d8b55db\" data-element_type=\"widget\" data-e-type=\"widget\" data-widget_type=\"heading.default\">\n\t\t\t\t<div class=\"elementor-widget-container\">\n\t\t\t\t\t<h3 class=\"elementor-heading-title elementor-size-default\">\u00bfC\u00f3mo act\u00faa Dysport?<\/h3>\t\t\t\t<\/div>\n\t\t\t\t<\/div>\n\t\t\t\t<div class=\"elementor-element elementor-element-7aa4f97 elementor-widget elementor-widget-text-editor\" data-id=\"7aa4f97\" data-element_type=\"widget\" data-e-type=\"widget\" data-widget_type=\"text-editor.default\">\n\t\t\t\t<div class=\"elementor-widget-container\">\n\t\t\t\t\t\t\t\t\t<p>Una inyecci\u00f3n. Cinco puntos. Dysport trata las arrugas de moderadas a graves del entrecejo reduciendo la actividad muscular espec\u00edfica. Las arrugas est\u00e1n causadas por movimientos repetidos y contracciones musculares, lo que significa que pueden aparecer incluso en adultos j\u00f3venes. Una inyecci\u00f3n en cada uno de los 5 puntos del entrecejo y por encima de las cejas impide temporalmente las contracciones musculares que causan las arrugas del entrecejo, dejando que el resto de la cara se mueva con naturalidad. En otras palabras, no hay mirada congelada, sino resultados naturales. Usted puede controlar su mirada en lugar de que su mirada le controle a usted.<\/p>\t\t\t\t\t\t\t\t<\/div>\n\t\t\t\t<\/div>\n\t\t\t\t<div class=\"elementor-element elementor-element-2a86ea4 elementor-widget elementor-widget-heading\" data-id=\"2a86ea4\" data-element_type=\"widget\" data-e-type=\"widget\" data-widget_type=\"heading.default\">\n\t\t\t\t<div class=\"elementor-widget-container\">\n\t\t\t\t\t<h3 class=\"elementor-heading-title elementor-size-default\">\u00bfCu\u00e1nto dura Dysport?<\/h3>\t\t\t\t<\/div>\n\t\t\t\t<\/div>\n\t\t\t\t<div class=\"elementor-element elementor-element-9d04728 elementor-widget elementor-widget-text-editor\" data-id=\"9d04728\" data-element_type=\"widget\" data-e-type=\"widget\" data-widget_type=\"text-editor.default\">\n\t\t\t\t<div class=\"elementor-widget-container\">\n\t\t\t\t\t\t\t\t\t<p>Olv\u00eddate de las arrugas del entrecejo hasta 4 meses. Tiene mejores cosas que hacer que pensar en el aspecto de sus arrugas del entrecejo. En un solo tratamiento de 10 a 20 minutos, Dysport puede ayudar a mejorar el aspecto de las arrugas del entrecejo hasta 4 meses.| La mayor\u00eda de los usuarios observan una mejor\u00eda en s\u00f3lo 2-3 d\u00edas despu\u00e9s del tratamiento. Los resultados de los tratamientos repetidos pueden ser comparables a los del primer uso. \u00bfOtra ventaja? El tiempo de inactividad tras el tratamiento es m\u00ednimo, lo que significa que podr\u00e1 retomar su vida cotidiana m\u00e1s r\u00e1pidamente.<\/p>\t\t\t\t\t\t\t\t<\/div>\n\t\t\t\t<\/div>\n\t\t\t\t\t<\/div>\n\t\t<\/div>\n\t\t\t\t\t<\/div>\n\t\t<\/section>\n\t\t\t\t<section class=\"elementor-section elementor-top-section elementor-element elementor-element-feb1115 elementor-section-boxed elementor-section-height-default elementor-section-height-default\" data-id=\"feb1115\" data-element_type=\"section\" data-e-type=\"section\" data-settings=\"{&quot;background_background&quot;:&quot;classic&quot;}\">\n\t\t\t\t\t\t<div class=\"elementor-container elementor-column-gap-default\">\n\t\t\t\t\t<div class=\"elementor-column elementor-col-100 elementor-top-column elementor-element elementor-element-a09460c\" data-id=\"a09460c\" data-element_type=\"column\" data-e-type=\"column\">\n\t\t\t<div class=\"elementor-widget-wrap elementor-element-populated\">\n\t\t\t\t\t\t<div class=\"elementor-element elementor-element-287da3e elementor-widget elementor-widget-heading\" data-id=\"287da3e\" data-element_type=\"widget\" data-e-type=\"widget\" data-widget_type=\"heading.default\">\n\t\t\t\t<div class=\"elementor-widget-container\">\n\t\t\t\t\t<h3 class=\"elementor-heading-title elementor-size-default\">\u00bfPor qu\u00e9 Dysport?<\/h3>\t\t\t\t<\/div>\n\t\t\t\t<\/div>\n\t\t\t\t<div class=\"elementor-element elementor-element-d4fe7d0 elementor-widget elementor-widget-text-editor\" data-id=\"d4fe7d0\" data-element_type=\"widget\" data-e-type=\"widget\" data-widget_type=\"text-editor.default\">\n\t\t\t\t<div class=\"elementor-widget-container\">\n\t\t\t\t\t\t\t\t\t<p>En lugar de proporcionarle la \"mirada congelada\", Dysport trata temporalmente los m\u00fasculos faciales justo en la zona que desea: el entrecejo. Con Dysport, son las arrugas del entrecejo las que se minimizan, no sus expresiones. Y eso es algo por lo que sonre\u00edr.<\/p><p>\u00danase a ASPIRE Galderma Rewards y reg\u00e1lese una experiencia exclusiva que le ayudar\u00e1 en su viaje est\u00e9tico. Gane puntos para obtener certificados de tratamiento realizando cuestionarios de bonificaci\u00f3n, participando en encuestas o recomendando a amigos. Es f\u00e1cil unirse y f\u00e1cil disfrutar: reg\u00edstrese hoy y recibir\u00e1 un certificado de tratamiento $20.<\/p>\t\t\t\t\t\t\t\t<\/div>\n\t\t\t\t<\/div>\n\t\t\t\t\t<\/div>\n\t\t<\/div>\n\t\t\t\t\t<\/div>\n\t\t<\/section>\n\t\t\t\t<section class=\"elementor-section elementor-top-section elementor-element elementor-element-74e3b24 elementor-section-boxed elementor-section-height-default elementor-section-height-default\" data-id=\"74e3b24\" data-element_type=\"section\" data-e-type=\"section\">\n\t\t\t\t\t\t<div class=\"elementor-container elementor-column-gap-default\">\n\t\t\t\t\t<div class=\"elementor-column elementor-col-100 elementor-top-column elementor-element elementor-element-781255d\" data-id=\"781255d\" data-element_type=\"column\" data-e-type=\"column\">\n\t\t\t<div class=\"elementor-widget-wrap elementor-element-populated\">\n\t\t\t\t\t\t<div class=\"elementor-element elementor-element-1ffcb32 elementor-widget elementor-widget-heading\" data-id=\"1ffcb32\" data-element_type=\"widget\" data-e-type=\"widget\" data-widget_type=\"heading.default\">\n\t\t\t\t<div class=\"elementor-widget-container\">\n\t\t\t\t\t<h3 class=\"elementor-heading-title elementor-size-default\">\u00bfCu\u00e1nto cuesta Dysport\u00ae?<\/h3>\t\t\t\t<\/div>\n\t\t\t\t<\/div>\n\t\t\t\t<div class=\"elementor-element elementor-element-673b9da elementor-widget elementor-widget-text-editor\" data-id=\"673b9da\" data-element_type=\"widget\" data-e-type=\"widget\" data-widget_type=\"text-editor.default\">\n\t\t\t\t<div class=\"elementor-widget-container\">\n\t\t\t\t\t\t\t\t\t<p>En <a href=\"\/es\/\">Dermatolog\u00eda afiliada<\/a>, el tratamiento con Dysport\u00ae oscilar\u00e1 entre $4,50 y $5,00 la unidad. El n\u00famero de unidades utilizadas para su tratamiento con Dysport\u00ae y el n\u00famero de sesiones de tratamiento programadas determinar\u00e1n su coste de Dysport\u00ae. Para quienes buscan opciones econ\u00f3micas, <a href=\"https:\/\/affderm.com\/es\/informacion-al-paciente\/financiacion\/\">financiaci\u00f3n<\/a> pueden estar disponibles a trav\u00e9s de Cherry o CareCredit. Descubra m\u00e1s sobre estas oportunidades durante una consulta.<\/p><p>No deje de consultar nuestro <a href=\"https:\/\/affderm.com\/es\/promociones-especiales\/\">Especiales<\/a> para ver c\u00f3mo puede ahorrar en su tratamiento con Dysport\u00ae.<\/p>\t\t\t\t\t\t\t\t<\/div>\n\t\t\t\t<\/div>\n\t\t\t\t\t<\/div>\n\t\t<\/div>\n\t\t\t\t\t<\/div>\n\t\t<\/section>\n\t\t\t\t<section class=\"elementor-section elementor-top-section elementor-element elementor-element-0124343 elementor-section-boxed elementor-section-height-default elementor-section-height-default\" data-id=\"0124343\" data-element_type=\"section\" data-e-type=\"section\">\n\t\t\t\t\t\t<div class=\"elementor-container elementor-column-gap-default\">\n\t\t\t\t\t<div class=\"elementor-column elementor-col-100 elementor-top-column elementor-element elementor-element-3c559e2\" data-id=\"3c559e2\" data-element_type=\"column\" data-e-type=\"column\">\n\t\t\t<div class=\"elementor-widget-wrap elementor-element-populated\">\n\t\t\t\t\t\t<div class=\"elementor-element elementor-element-4c73b8e elementor-widget elementor-widget-heading\" data-id=\"4c73b8e\" data-element_type=\"widget\" data-e-type=\"widget\" data-widget_type=\"heading.default\">\n\t\t\t\t<div class=\"elementor-widget-container\">\n\t\t\t\t\t<h3 class=\"elementor-heading-title elementor-size-default\">Solicite una cita para las inyecciones de Dysport en Phoenix<\/h3>\t\t\t\t<\/div>\n\t\t\t\t<\/div>\n\t\t\t\t<div class=\"elementor-element elementor-element-7ed1e41 elementor-widget elementor-widget-text-editor\" data-id=\"7ed1e41\" data-element_type=\"widget\" data-e-type=\"widget\" data-widget_type=\"text-editor.default\">\n\t\t\t\t<div class=\"elementor-widget-container\">\n\t\t\t\t\t\t\t\t\t<p>Para m\u00e1s informaci\u00f3n, o para concertar una cita o una consulta gratuita, ll\u00e1menos al\u00a0<strong>(480) 556-0446<\/strong> o utilice el siguiente formulario de contacto para dejarnos un mensaje y uno de nuestros representantes de atenci\u00f3n al paciente se pondr\u00e1 en contacto con usted lo antes posible.<\/p>\t\t\t\t\t\t\t\t<\/div>\n\t\t\t\t<\/div>\n\t\t\t\t\t<\/div>\n\t\t<\/div>\n\t\t\t\t\t<\/div>\n\t\t<\/section>\n\t\t\t\t<section class=\"elementor-section elementor-top-section elementor-element elementor-element-bef6107 elementor-section-boxed elementor-section-height-default elementor-section-height-default\" data-id=\"bef6107\" data-element_type=\"section\" data-e-type=\"section\">\n\t\t\t\t\t\t<div class=\"elementor-container elementor-column-gap-default\">\n\t\t\t\t\t<div class=\"elementor-column elementor-col-100 elementor-top-column elementor-element elementor-element-14c82cb\" data-id=\"14c82cb\" data-element_type=\"column\" data-e-type=\"column\">\n\t\t\t<div class=\"elementor-widget-wrap elementor-element-populated\">\n\t\t\t\t\t\t<div class=\"elementor-element elementor-element-b52fab4 elementor-widget elementor-widget-text-editor\" data-id=\"b52fab4\" data-element_type=\"widget\" data-e-type=\"widget\" data-widget_type=\"text-editor.default\">\n\t\t\t\t<div class=\"elementor-widget-container\">\n\t\t\t\t\t\t\t\t\t<div class=\"_form_35\"><\/div><script src=\"https:\/\/affderm.dewy.io\/f\/embed.php?id=35\" type=\"text\/javascript\" charset=\"utf-8\"><\/script>\t\t\t\t\t\t\t\t<\/div>\n\t\t\t\t<\/div>\n\t\t\t\t\t<\/div>\n\t\t<\/div>\n\t\t\t\t\t<\/div>\n\t\t<\/section>\n\t\t\t\t<\/div>","protected":false},"excerpt":{"rendered":"<p>Dysport Injections in the Phoenix Valley What Are Dysport Injections? Dysport is a prescription injection for temporary improvement in the [&hellip;]<\/p>\n","protected":false},"author":6,"featured_media":0,"parent":7583,"menu_order":0,"comment_status":"closed","ping_status":"closed","template":"elementor_header_footer","meta":{"_acf_changed":false,"footnotes":""},"class_list":["post-6467","page","type-page","status-publish","hentry"],"acf":[],"yoast_head":"<!-- This site is optimized with the Yoast SEO plugin v27.4 - https:\/\/yoast.com\/product\/yoast-seo-wordpress\/ -->\n<title>Dysport Injections in Phoenix, AZ | Affiliated Dermatology<\/title>\n<meta name=\"description\" content=\"Get natural-looking results for frown lines. Dysport smooths wrinkles between the brows without the &quot;frozen look,&quot; so you can still show expression.\" \/>\n<meta name=\"robots\" content=\"index, follow, max-snippet:-1, max-image-preview:large, max-video-preview:-1\" \/>\n<link rel=\"canonical\" href=\"https:\/\/affderm.com\/es\/servicios\/dermatologia-estetica\/rellenos-inyectables\/dysport\/\" \/>\n<meta property=\"og:locale\" content=\"es_MX\" \/>\n<meta property=\"og:type\" content=\"article\" \/>\n<meta property=\"og:title\" content=\"Dysport - Affiliated Dermatology\" \/>\n<meta property=\"og:description\" content=\"Achieve a more youthful look and smooth wrinkles and fine lines with the help of Dysport and Affiliated Dermatology&#039;s team of medical aesthetic providers.\" \/>\n<meta property=\"og:url\" content=\"https:\/\/affderm.com\/es\/servicios\/dermatologia-estetica\/rellenos-inyectables\/dysport\/\" \/>\n<meta property=\"og:site_name\" content=\"Affiliated Dermatology\" \/>\n<meta property=\"article:modified_time\" content=\"2025-11-06T23:09:52+00:00\" \/>\n<meta property=\"og:image\" content=\"https:\/\/affderm.com\/wp-content\/uploads\/2022\/08\/3563653.jpg\" \/>\n\t<meta property=\"og:image:width\" content=\"1225\" \/>\n\t<meta property=\"og:image:height\" content=\"440\" \/>\n\t<meta property=\"og:image:type\" content=\"image\/jpeg\" \/>\n<meta name=\"twitter:card\" content=\"summary_large_image\" \/>\n<meta name=\"twitter:title\" content=\"Dysport - Affiliated Dermatology\" \/>\n<meta name=\"twitter:description\" content=\"Achieve a more youthful look and smooth wrinkles and fine lines with the help of Dysport and Affiliated Dermatology&#039;s team of medical aesthetic providers.\" \/>\n<meta name=\"twitter:label1\" content=\"Tiempo de lectura\" \/>\n\t<meta name=\"twitter:data1\" content=\"4 minutos\" \/>\n<script type=\"application\/ld+json\" class=\"yoast-schema-graph\">{\"@context\":\"https:\\\/\\\/schema.org\",\"@graph\":[{\"@type\":\"WebPage\",\"@id\":\"https:\\\/\\\/affderm.com\\\/services\\\/aesthetic-dermatology\\\/injectables-fillers\\\/dysport\\\/\",\"url\":\"https:\\\/\\\/affderm.com\\\/services\\\/aesthetic-dermatology\\\/injectables-fillers\\\/dysport\\\/\",\"name\":\"Dysport Injections in Phoenix, AZ | Affiliated Dermatology\",\"isPartOf\":{\"@id\":\"https:\\\/\\\/affderm.com\\\/#website\"},\"primaryImageOfPage\":{\"@id\":\"https:\\\/\\\/affderm.com\\\/services\\\/aesthetic-dermatology\\\/injectables-fillers\\\/dysport\\\/#primaryimage\"},\"image\":{\"@id\":\"https:\\\/\\\/affderm.com\\\/services\\\/aesthetic-dermatology\\\/injectables-fillers\\\/dysport\\\/#primaryimage\"},\"thumbnailUrl\":\"https:\\\/\\\/affderm.com\\\/wp-content\\\/uploads\\\/2022\\\/08\\\/3563653.jpg\",\"datePublished\":\"2022-08-30T06:44:31+00:00\",\"dateModified\":\"2025-11-06T23:09:52+00:00\",\"description\":\"Get natural-looking results for frown lines. Dysport smooths wrinkles between the brows without the \\\"frozen look,\\\" so you can still show expression.\",\"breadcrumb\":{\"@id\":\"https:\\\/\\\/affderm.com\\\/services\\\/aesthetic-dermatology\\\/injectables-fillers\\\/dysport\\\/#breadcrumb\"},\"inLanguage\":\"es\",\"potentialAction\":[{\"@type\":\"ReadAction\",\"target\":[\"https:\\\/\\\/affderm.com\\\/services\\\/aesthetic-dermatology\\\/injectables-fillers\\\/dysport\\\/\"]}]},{\"@type\":\"ImageObject\",\"inLanguage\":\"es\",\"@id\":\"https:\\\/\\\/affderm.com\\\/services\\\/aesthetic-dermatology\\\/injectables-fillers\\\/dysport\\\/#primaryimage\",\"url\":\"https:\\\/\\\/affderm.com\\\/wp-content\\\/uploads\\\/2022\\\/08\\\/3563653.jpg\",\"contentUrl\":\"https:\\\/\\\/affderm.com\\\/wp-content\\\/uploads\\\/2022\\\/08\\\/3563653.jpg\"},{\"@type\":\"BreadcrumbList\",\"@id\":\"https:\\\/\\\/affderm.com\\\/services\\\/aesthetic-dermatology\\\/injectables-fillers\\\/dysport\\\/#breadcrumb\",\"itemListElement\":[{\"@type\":\"ListItem\",\"position\":1,\"name\":\"Home\",\"item\":\"https:\\\/\\\/affderm.com\\\/\"},{\"@type\":\"ListItem\",\"position\":2,\"name\":\"Services\",\"item\":\"https:\\\/\\\/affderm.com\\\/services\\\/\"},{\"@type\":\"ListItem\",\"position\":3,\"name\":\"Aesthetic \\\/ Cosmetic Dermatology\",\"item\":\"https:\\\/\\\/affderm.com\\\/services\\\/aesthetic-dermatology\\\/\"},{\"@type\":\"ListItem\",\"position\":4,\"name\":\"Injectables &#038; Fillers\",\"item\":\"https:\\\/\\\/affderm.com\\\/services\\\/aesthetic-dermatology\\\/injectables-fillers\\\/\"},{\"@type\":\"ListItem\",\"position\":5,\"name\":\"dysport\"}]},{\"@type\":\"WebSite\",\"@id\":\"https:\\\/\\\/affderm.com\\\/#website\",\"url\":\"https:\\\/\\\/affderm.com\\\/\",\"name\":\"Affiliated Dermatology\",\"description\":\"Experts in Skin Disease Treatment &amp; Prevention\",\"potentialAction\":[{\"@type\":\"SearchAction\",\"target\":{\"@type\":\"EntryPoint\",\"urlTemplate\":\"https:\\\/\\\/affderm.com\\\/?s={search_term_string}\"},\"query-input\":{\"@type\":\"PropertyValueSpecification\",\"valueRequired\":true,\"valueName\":\"search_term_string\"}}],\"inLanguage\":\"es\"}]}<\/script>\n<!-- \/ Yoast SEO plugin. -->","yoast_head_json":{"title":"Inyecciones de Dysport en Phoenix, AZ | Affiliated Dermatology","description":"Obtenga resultados de aspecto natural para las arrugas del entrecejo. Dysport alisa las arrugas del entrecejo sin el \"aspecto congelado\", para que pueda seguir mostrando expresi\u00f3n.","robots":{"index":"index","follow":"follow","max-snippet":"max-snippet:-1","max-image-preview":"max-image-preview:large","max-video-preview":"max-video-preview:-1"},"canonical":"https:\/\/affderm.com\/es\/servicios\/dermatologia-estetica\/rellenos-inyectables\/dysport\/","og_locale":"es_MX","og_type":"article","og_title":"Dysport - Affiliated Dermatology","og_description":"Achieve a more youthful look and smooth wrinkles and fine lines with the help of Dysport and Affiliated Dermatology's team of medical aesthetic providers.","og_url":"https:\/\/affderm.com\/es\/servicios\/dermatologia-estetica\/rellenos-inyectables\/dysport\/","og_site_name":"Affiliated Dermatology","article_modified_time":"2025-11-06T23:09:52+00:00","og_image":[{"width":1225,"height":440,"url":"https:\/\/affderm.com\/wp-content\/uploads\/2022\/08\/3563653.jpg","type":"image\/jpeg"}],"twitter_card":"summary_large_image","twitter_title":"Dysport - Affiliated Dermatology","twitter_description":"Achieve a more youthful look and smooth wrinkles and fine lines with the help of Dysport and Affiliated Dermatology's team of medical aesthetic providers.","twitter_misc":{"Tiempo de lectura":"4 minutos"},"schema":{"@context":"https:\/\/schema.org","@graph":[{"@type":"WebPage","@id":"https:\/\/affderm.com\/services\/aesthetic-dermatology\/injectables-fillers\/dysport\/","url":"https:\/\/affderm.com\/services\/aesthetic-dermatology\/injectables-fillers\/dysport\/","name":"Inyecciones de Dysport en Phoenix, AZ | Affiliated Dermatology","isPartOf":{"@id":"https:\/\/affderm.com\/#website"},"primaryImageOfPage":{"@id":"https:\/\/affderm.com\/services\/aesthetic-dermatology\/injectables-fillers\/dysport\/#primaryimage"},"image":{"@id":"https:\/\/affderm.com\/services\/aesthetic-dermatology\/injectables-fillers\/dysport\/#primaryimage"},"thumbnailUrl":"https:\/\/affderm.com\/wp-content\/uploads\/2022\/08\/3563653.jpg","datePublished":"2022-08-30T06:44:31+00:00","dateModified":"2025-11-06T23:09:52+00:00","description":"Obtenga resultados de aspecto natural para las arrugas del entrecejo. Dysport alisa las arrugas del entrecejo sin el \"aspecto congelado\", para que pueda seguir mostrando expresi\u00f3n.","breadcrumb":{"@id":"https:\/\/affderm.com\/services\/aesthetic-dermatology\/injectables-fillers\/dysport\/#breadcrumb"},"inLanguage":"es","potentialAction":[{"@type":"ReadAction","target":["https:\/\/affderm.com\/services\/aesthetic-dermatology\/injectables-fillers\/dysport\/"]}]},{"@type":"ImageObject","inLanguage":"es","@id":"https:\/\/affderm.com\/services\/aesthetic-dermatology\/injectables-fillers\/dysport\/#primaryimage","url":"https:\/\/affderm.com\/wp-content\/uploads\/2022\/08\/3563653.jpg","contentUrl":"https:\/\/affderm.com\/wp-content\/uploads\/2022\/08\/3563653.jpg"},{"@type":"BreadcrumbList","@id":"https:\/\/affderm.com\/services\/aesthetic-dermatology\/injectables-fillers\/dysport\/#breadcrumb","itemListElement":[{"@type":"ListItem","position":1,"name":"Home","item":"https:\/\/affderm.com\/"},{"@type":"ListItem","position":2,"name":"Services","item":"https:\/\/affderm.com\/services\/"},{"@type":"ListItem","position":3,"name":"Aesthetic \/ Cosmetic Dermatology","item":"https:\/\/affderm.com\/services\/aesthetic-dermatology\/"},{"@type":"ListItem","position":4,"name":"Injectables &#038; Fillers","item":"https:\/\/affderm.com\/services\/aesthetic-dermatology\/injectables-fillers\/"},{"@type":"ListItem","position":5,"name":"dysport"}]},{"@type":"WebSite","@id":"https:\/\/affderm.com\/#website","url":"https:\/\/affderm.com\/","name":"Dermatolog\u00eda afiliada","description":"Expertos en tratamiento y prevenci\u00f3n de enfermedades cut\u00e1neas","potentialAction":[{"@type":"SearchAction","target":{"@type":"EntryPoint","urlTemplate":"https:\/\/affderm.com\/?s={search_term_string}"},"query-input":{"@type":"PropertyValueSpecification","valueRequired":true,"valueName":"search_term_string"}}],"inLanguage":"es"}]}},"_links":{"self":[{"href":"https:\/\/affderm.com\/es\/wp-json\/wp\/v2\/pages\/6467","targetHints":{"allow":["GET"]}}],"collection":[{"href":"https:\/\/affderm.com\/es\/wp-json\/wp\/v2\/pages"}],"about":[{"href":"https:\/\/affderm.com\/es\/wp-json\/wp\/v2\/types\/page"}],"author":[{"embeddable":true,"href":"https:\/\/affderm.com\/es\/wp-json\/wp\/v2\/users\/6"}],"replies":[{"embeddable":true,"href":"https:\/\/affderm.com\/es\/wp-json\/wp\/v2\/comments?post=6467"}],"version-history":[{"count":0,"href":"https:\/\/affderm.com\/es\/wp-json\/wp\/v2\/pages\/6467\/revisions"}],"up":[{"embeddable":true,"href":"https:\/\/affderm.com\/es\/wp-json\/wp\/v2\/pages\/7583"}],"wp:attachment":[{"href":"https:\/\/affderm.com\/es\/wp-json\/wp\/v2\/media?parent=6467"}],"curies":[{"name":"wp","href":"https:\/\/api.w.org\/{rel}","templated":true}]}}