{"id":7294,"date":"2022-11-16T10:55:18","date_gmt":"2022-11-16T17:55:18","guid":{"rendered":"https:\/\/affderm.com\/?page_id=7294"},"modified":"2025-11-06T13:49:40","modified_gmt":"2025-11-06T20:49:40","slug":"contorno-corporal","status":"publish","type":"page","link":"https:\/\/affderm.com\/es\/services\/aesthetic-dermatology\/body-contouring\/","title":{"rendered":"Contorno corporal"},"content":{"rendered":"<div data-elementor-type=\"wp-page\" data-elementor-id=\"7294\" class=\"elementor elementor-7294\">\n\t\t\t\t\t\t<section class=\"elementor-section elementor-top-section elementor-element elementor-element-52978cd elementor-section-boxed elementor-section-height-default elementor-section-height-default\" data-id=\"52978cd\" data-element_type=\"section\" data-e-type=\"section\" data-settings=\"{&quot;background_background&quot;:&quot;classic&quot;}\">\n\t\t\t\t\t\t\t<div class=\"elementor-background-overlay\"><\/div>\n\t\t\t\t\t\t\t<div class=\"elementor-container elementor-column-gap-default\">\n\t\t\t\t\t<div class=\"elementor-column elementor-col-100 elementor-top-column elementor-element elementor-element-be537f5\" data-id=\"be537f5\" data-element_type=\"column\" data-e-type=\"column\">\n\t\t\t<div class=\"elementor-widget-wrap elementor-element-populated\">\n\t\t\t\t\t\t<div class=\"elementor-element elementor-element-96defcf elementor-widget elementor-widget-heading\" data-id=\"96defcf\" data-element_type=\"widget\" data-e-type=\"widget\" data-widget_type=\"heading.default\">\n\t\t\t\t<div class=\"elementor-widget-container\">\n\t\t\t\t\t<h1 class=\"elementor-heading-title elementor-size-default\">Procedimientos de contorno corporal en el valle de Phoenix<\/h1>\t\t\t\t<\/div>\n\t\t\t\t<\/div>\n\t\t\t\t\t<\/div>\n\t\t<\/div>\n\t\t\t\t\t<\/div>\n\t\t<\/section>\n\t\t\t\t<section class=\"elementor-section elementor-top-section elementor-element elementor-element-2226e76 srvc-hm srvc-pg elementor-section-boxed elementor-section-height-default elementor-section-height-default\" data-id=\"2226e76\" data-element_type=\"section\" data-e-type=\"section\">\n\t\t\t\t\t\t<div class=\"elementor-container elementor-column-gap-default\">\n\t\t\t\t\t<div class=\"elementor-column elementor-col-100 elementor-top-column elementor-element elementor-element-0820e2c\" data-id=\"0820e2c\" data-element_type=\"column\" data-e-type=\"column\">\n\t\t\t<div class=\"elementor-widget-wrap elementor-element-populated\">\n\t\t\t\t\t\t<div class=\"elementor-element elementor-element-122ef7f elementor-widget elementor-widget-text-editor\" data-id=\"122ef7f\" data-element_type=\"widget\" data-e-type=\"widget\" data-widget_type=\"text-editor.default\">\n\t\t\t\t<div class=\"elementor-widget-container\">\n\t\t\t\t\t\t\t\t\t<h2>Servicios integrales de contorno corporal en Phoenix<\/h2><p><span style=\"font-weight: 400;\">El contorno corporal es un grupo de procedimientos cosm\u00e9ticos ofrecidos por nuestros dermat\u00f3logos del \u00e1rea de Phoenix que est\u00e1n dise\u00f1ados para mejorar la forma y apariencia del cuerpo. Aqu\u00ed en <a href=\"\/es\/\">Dermatolog\u00eda afiliada<\/a>Ofrecemos una serie de servicios de contorno corporal en nuestro <a href=\"https:\/\/affderm.com\/es\/lugares\/\">en toda la zona de Phoenix<\/a>.\u00a0<\/span><\/p><h3>C\u00f3mo encontrar los procedimientos de remodelaci\u00f3n corporal adecuados para usted<\/h3><p><span style=\"font-weight: 400;\">Estos procedimientos de contorno corporal de Arizona pueden realizarse en diversas zonas del cuerpo, como el abdomen, los muslos, las nalgas y los brazos. El contorno corporal se puede lograr a trav\u00e9s de una variedad de m\u00e9todos, incluyendo la liposucci\u00f3n, abdominoplastia y cirug\u00eda de lifting corporal. <\/span><\/p><p><span style=\"font-weight: 400;\">T\u00e9cnicas no quir\u00fargicas de contorno corporal, como <a href=\"https:\/\/affderm.com\/es\/servicios\/dermatologia-estetica\/coolsculpting\/\">CoolSculpting<\/a>utilizan el enfriamiento controlado para congelar y eliminar las c\u00e9lulas grasas. El contorno corporal no es un sustituto de una dieta sana y ejercicio, y es importante mantener un estilo de vida saludable para lograr y mantener los mejores resultados.<\/span><\/p><p><strong>\u00bfEst\u00e1s listo para amar cada vista de ti? Ll\u00e1manos al <a href=\"tel:602612-5682\">(602) 612-5682<\/a> o deje un mensaje a\u00a0<\/strong><a href=\"https:\/\/affderm.com\/es\/contacto\/\" target=\"_blank\" rel=\"noopener\"><b>programar una consulta gratuita<\/b><\/a><strong>\u00a0en la zona de Phoenix, y preg\u00fantenos por nuestros precios especiales.<\/strong><\/p>\t\t\t\t\t\t\t\t<\/div>\n\t\t\t\t<\/div>\n\t\t\t\t\t<\/div>\n\t\t<\/div>\n\t\t\t\t\t<\/div>\n\t\t<\/section>\n\t\t\t\t<section class=\"elementor-section elementor-top-section elementor-element elementor-element-0eb41d1 srvc-pg elementor-section-boxed elementor-section-height-default elementor-section-height-default\" data-id=\"0eb41d1\" data-element_type=\"section\" data-e-type=\"section\">\n\t\t\t\t\t\t<div class=\"elementor-container elementor-column-gap-default\">\n\t\t\t\t\t<div class=\"elementor-column elementor-col-100 elementor-top-column elementor-element elementor-element-a4b3a41\" data-id=\"a4b3a41\" data-element_type=\"column\" data-e-type=\"column\">\n\t\t\t<div class=\"elementor-widget-wrap elementor-element-populated\">\n\t\t\t\t\t\t<div class=\"elementor-element elementor-element-ff1b51e elementor-widget elementor-widget-text-editor\" data-id=\"ff1b51e\" data-element_type=\"widget\" data-e-type=\"widget\" data-widget_type=\"text-editor.default\">\n\t\t\t\t<div class=\"elementor-widget-container\">\n\t\t\t\t\t\t\t\t\t<h2 style=\"text-align: center;\">Tratamientos de contorno corporal que ofrecemos:<\/h2>\t\t\t\t\t\t\t\t<\/div>\n\t\t\t\t<\/div>\n\t\t\t\t<section class=\"elementor-section elementor-inner-section elementor-element elementor-element-249e8dd elementor-section-full_width elementor-section-height-default elementor-section-height-default\" data-id=\"249e8dd\" data-element_type=\"section\" data-e-type=\"section\">\n\t\t\t\t\t\t<div class=\"elementor-container elementor-column-gap-default\">\n\t\t\t\t\t<div class=\"elementor-column elementor-col-50 elementor-inner-column elementor-element elementor-element-eb48537\" data-id=\"eb48537\" data-element_type=\"column\" data-e-type=\"column\">\n\t\t\t<div class=\"elementor-widget-wrap elementor-element-populated\">\n\t\t\t\t\t\t<div class=\"elementor-element elementor-element-374bedc srvc-bx elementor-position-top elementor-widget elementor-widget-image-box\" data-id=\"374bedc\" data-element_type=\"widget\" data-e-type=\"widget\" data-widget_type=\"image-box.default\">\n\t\t\t\t<div class=\"elementor-widget-container\">\n\t\t\t\t\t<div class=\"elementor-image-box-wrapper\"><figure class=\"elementor-image-box-img\"><a href=\"https:\/\/affderm.com\/es\/servicios\/dermatologia-estetica\/renuvion-contorno-corporal\/\" tabindex=\"-1\"><img fetchpriority=\"high\" decoding=\"async\" width=\"720\" height=\"320\" src=\"https:\/\/affderm.com\/wp-content\/uploads\/2025\/08\/Renuvion-Body-Contouring-Featured-Image-Tile.jpg\" class=\"attachment-full size-full wp-image-12753\" alt=\"\" srcset=\"https:\/\/affderm.com\/wp-content\/uploads\/2025\/08\/Renuvion-Body-Contouring-Featured-Image-Tile.jpg 720w, https:\/\/affderm.com\/wp-content\/uploads\/2025\/08\/Renuvion-Body-Contouring-Featured-Image-Tile-18x8.jpg 18w\" sizes=\"(max-width: 720px) 100vw, 720px\" \/><\/a><\/figure><div class=\"elementor-image-box-content\"><h2 class=\"elementor-image-box-title\"><a href=\"https:\/\/affderm.com\/es\/servicios\/dermatologia-estetica\/renuvion-contorno-corporal\/\">Contorno corporal Renuvion<\/a><\/h2><p class=\"elementor-image-box-description\">La pieza de mano Renuvion\u00ae APR es una tecnolog\u00eda innovadora para pacientes que buscan un contorno corporal y un estiramiento de la piel. Este dispositivo utiliza una combinaci\u00f3n \u00fanica de energ\u00eda de radiofrecuencia y plasma de helio para contraer el tejido blando donde sea necesario mejorar el contorno o tensar el tejido.\n<br \/>\n<br \/>\n<a href=\"https:\/\/affderm.com\/es\/servicios\/dermatologia-estetica\/renuvion-contorno-corporal\/\">M\u00e1s informaci\u00f3n<\/a><\/p><\/div><\/div>\t\t\t\t<\/div>\n\t\t\t\t<\/div>\n\t\t\t\t\t<\/div>\n\t\t<\/div>\n\t\t\t\t<div class=\"elementor-column elementor-col-50 elementor-inner-column elementor-element elementor-element-5ffcbb0\" data-id=\"5ffcbb0\" data-element_type=\"column\" data-e-type=\"column\">\n\t\t\t<div class=\"elementor-widget-wrap elementor-element-populated\">\n\t\t\t\t\t\t<div class=\"elementor-element elementor-element-ef8b65c srvc-bx elementor-position-top elementor-widget elementor-widget-image-box\" data-id=\"ef8b65c\" data-element_type=\"widget\" data-e-type=\"widget\" data-widget_type=\"image-box.default\">\n\t\t\t\t<div class=\"elementor-widget-container\">\n\t\t\t\t\t<div class=\"elementor-image-box-wrapper\"><figure class=\"elementor-image-box-img\"><a href=\"https:\/\/affderm.com\/es\/liposuccion-tumescente\/\" tabindex=\"-1\"><img decoding=\"async\" width=\"720\" height=\"320\" src=\"https:\/\/affderm.com\/wp-content\/uploads\/2022\/11\/Tumescent-Liposuction.jpg\" class=\"attachment-full size-full wp-image-7298\" alt=\"liposucci\u00f3n tumsecent\" \/><\/a><\/figure><div class=\"elementor-image-box-content\"><h2 class=\"elementor-image-box-title\"><a href=\"https:\/\/affderm.com\/es\/liposuccion-tumescente\/\">Liposucci\u00f3n tumescente<\/a><\/h2><p class=\"elementor-image-box-description\">Este es un tipo de liposucci\u00f3n en el consultorio que se realiza bajo anestesia local donde el m\u00e9dico inyecta anestesia en la piel y la grasa para eliminar la grasa de una manera segura. Es MEJOR para las \u00e1reas localizadas de grasa como el BRA ROLL, DOBLE CHIN, BRAZOS SUPERIORES, BARRIGA INFERIOR, PECHO MASCULINO, BARRIGA SUPERIOR, MANOS DE AMOR, POR ENCIMA DE LAS RODILLAS.\n\n<br \/>\n<br \/>\n<a href=\"https:\/\/affderm.com\/es\/liposuccion-tumescente\/\">M\u00e1s informaci\u00f3n<\/a><\/p><\/div><\/div>\t\t\t\t<\/div>\n\t\t\t\t<\/div>\n\t\t\t\t\t<\/div>\n\t\t<\/div>\n\t\t\t\t\t<\/div>\n\t\t<\/section>\n\t\t\t\t<section class=\"elementor-section elementor-inner-section elementor-element elementor-element-a522600 elementor-section-full_width elementor-section-height-default elementor-section-height-default\" data-id=\"a522600\" data-element_type=\"section\" data-e-type=\"section\">\n\t\t\t\t\t\t<div class=\"elementor-container elementor-column-gap-default\">\n\t\t\t\t\t<div class=\"elementor-column elementor-col-50 elementor-inner-column elementor-element elementor-element-4c50bcd\" data-id=\"4c50bcd\" data-element_type=\"column\" data-e-type=\"column\">\n\t\t\t<div class=\"elementor-widget-wrap elementor-element-populated\">\n\t\t\t\t\t\t<div class=\"elementor-element elementor-element-c2ee592 srvc-bx elementor-position-top elementor-widget elementor-widget-image-box\" data-id=\"c2ee592\" data-element_type=\"widget\" data-e-type=\"widget\" data-widget_type=\"image-box.default\">\n\t\t\t\t<div class=\"elementor-widget-container\">\n\t\t\t\t\t<div class=\"elementor-image-box-wrapper\"><figure class=\"elementor-image-box-img\"><img decoding=\"async\" width=\"720\" height=\"320\" src=\"https:\/\/affderm.com\/wp-content\/uploads\/2022\/11\/CoolSculpting.jpg\" class=\"attachment-full size-full wp-image-7296\" alt=\"tratamiento coolsculpting\" \/><\/figure><div class=\"elementor-image-box-content\"><h2 class=\"elementor-image-box-title\">CoolSculpting<\/h2><p class=\"elementor-image-box-description\">El procedimiento CoolSculpting elimina la grasa rebelde de forma segura y eficaz, sin cirug\u00eda ni tiempo de inactividad. Este tratamiento de reducci\u00f3n de grasa es el \u00fanico procedimiento autorizado por la FDA que utiliza el enfriamiento controlado para atacar y eliminar de forma segura la grasa resistente a la dieta y al ejercicio. Los resultados de CoolSculpting son probados, notables y duraderos, por lo que se ver\u00e1 y sentir\u00e1 bien desde todos los \u00e1ngulos.\n<br \/>\n<br \/>\n<a href=\"\/es\/servicios\/dermatologia-estetica\/coolsculpting\/\">M\u00e1s informaci\u00f3n<\/a><\/p><\/div><\/div>\t\t\t\t<\/div>\n\t\t\t\t<\/div>\n\t\t\t\t\t<\/div>\n\t\t<\/div>\n\t\t\t\t<div class=\"elementor-column elementor-col-50 elementor-inner-column elementor-element elementor-element-b4fc208\" data-id=\"b4fc208\" data-element_type=\"column\" data-e-type=\"column\">\n\t\t\t<div class=\"elementor-widget-wrap\">\n\t\t\t\t\t\t\t<\/div>\n\t\t<\/div>\n\t\t\t\t\t<\/div>\n\t\t<\/section>\n\t\t\t\t\t<\/div>\n\t\t<\/div>\n\t\t\t\t\t<\/div>\n\t\t<\/section>\n\t\t\t\t<section class=\"elementor-section elementor-top-section elementor-element elementor-element-dffbde0 elementor-section-boxed elementor-section-height-default elementor-section-height-default\" data-id=\"dffbde0\" data-element_type=\"section\" data-e-type=\"section\">\n\t\t\t\t\t\t<div class=\"elementor-container elementor-column-gap-default\">\n\t\t\t\t\t<div class=\"elementor-column elementor-col-100 elementor-top-column elementor-element elementor-element-9fb6d65\" data-id=\"9fb6d65\" data-element_type=\"column\" data-e-type=\"column\">\n\t\t\t<div class=\"elementor-widget-wrap elementor-element-populated\">\n\t\t\t\t\t\t<div class=\"elementor-element elementor-element-3d7c478 elementor-align-center elementor-widget elementor-widget-button\" data-id=\"3d7c478\" data-element_type=\"widget\" data-e-type=\"widget\" data-widget_type=\"button.default\">\n\t\t\t\t<div class=\"elementor-widget-container\">\n\t\t\t\t\t\t\t\t\t<div class=\"elementor-button-wrapper\">\n\t\t\t\t\t<a class=\"elementor-button elementor-button-link elementor-size-md\" href=\"https:\/\/l.klara.com\/R9YiMF6k4Ux8PCxU\" target=\"_blank\">\n\t\t\t\t\t\t<span class=\"elementor-button-content-wrapper\">\n\t\t\t\t\t\t\t\t\t<span class=\"elementor-button-text\">Programe su cita en l\u00ednea hoy mismo<\/span>\n\t\t\t\t\t<\/span>\n\t\t\t\t\t<\/a>\n\t\t\t\t<\/div>\n\t\t\t\t\t\t\t\t<\/div>\n\t\t\t\t<\/div>\n\t\t\t\t\t<\/div>\n\t\t<\/div>\n\t\t\t\t\t<\/div>\n\t\t<\/section>\n\t\t\t\t<\/div>","protected":false},"excerpt":{"rendered":"<p>Body Contouring Procedures in the Phoenix Valley Comprehensive Body Contouring Services in Phoenix Body contouring is a group of cosmetic [&hellip;]<\/p>\n","protected":false},"author":4,"featured_media":0,"parent":718,"menu_order":0,"comment_status":"closed","ping_status":"closed","template":"elementor_header_footer","meta":{"_acf_changed":false,"footnotes":""},"class_list":["post-7294","page","type-page","status-publish","hentry"],"acf":[],"yoast_head":"<!-- This site is optimized with the Yoast SEO plugin v27.4 - https:\/\/yoast.com\/product\/yoast-seo-wordpress\/ -->\n<title>Body Contouring Procedures in Phoenix, AZ | Affiliated Dermatology<\/title>\n<meta name=\"description\" content=\"Find comprehensive body contouring in Phoenix, AZ, at Affiliated Dermatology. We offer CoolSculpting, Tumescent Liposuction, Renuvion &amp; more. Schedule your free consultation!\" \/>\n<meta name=\"robots\" content=\"index, follow, max-snippet:-1, max-image-preview:large, max-video-preview:-1\" \/>\n<link rel=\"canonical\" href=\"https:\/\/affderm.com\/es\/servicios\/dermatologia-estetica\/contorno-corporal\/\" \/>\n<meta property=\"og:locale\" content=\"es_MX\" \/>\n<meta property=\"og:type\" content=\"article\" \/>\n<meta property=\"og:title\" content=\"Phoenix Body Contouring Treatments at Affiliated Dermatology\" \/>\n<meta property=\"og:description\" content=\"Explore our array of body contouring treatments offered at Affiliated Dermatology offices throughout Arizona. Call today to make an appointment.\" \/>\n<meta property=\"og:url\" content=\"https:\/\/affderm.com\/es\/servicios\/dermatologia-estetica\/contorno-corporal\/\" \/>\n<meta property=\"og:site_name\" content=\"Affiliated Dermatology\" \/>\n<meta property=\"article:modified_time\" content=\"2025-11-06T20:49:40+00:00\" \/>\n<meta property=\"og:image\" content=\"https:\/\/affderm.com\/wp-content\/uploads\/2025\/08\/Renuvion-Body-Contouring-Featured-Image-Tile.jpg\" \/>\n\t<meta property=\"og:image:width\" content=\"720\" \/>\n\t<meta property=\"og:image:height\" content=\"320\" \/>\n\t<meta property=\"og:image:type\" content=\"image\/jpeg\" \/>\n<meta name=\"twitter:card\" content=\"summary_large_image\" \/>\n<meta name=\"twitter:title\" content=\"Phoenix Body Contouring Treatments at Affiliated Dermatology\" \/>\n<meta name=\"twitter:description\" content=\"Explore our array of body contouring treatments offered at Affiliated Dermatology offices throughout Arizona. Call today to make an appointment.\" \/>\n<meta name=\"twitter:label1\" content=\"Tiempo de lectura\" \/>\n\t<meta name=\"twitter:data1\" content=\"3 minutos\" \/>\n<script type=\"application\/ld+json\" class=\"yoast-schema-graph\">{\"@context\":\"https:\\\/\\\/schema.org\",\"@graph\":[{\"@type\":\"WebPage\",\"@id\":\"https:\\\/\\\/affderm.com\\\/services\\\/aesthetic-dermatology\\\/body-contouring\\\/\",\"url\":\"https:\\\/\\\/affderm.com\\\/services\\\/aesthetic-dermatology\\\/body-contouring\\\/\",\"name\":\"Body Contouring Procedures in Phoenix, AZ | Affiliated Dermatology\",\"isPartOf\":{\"@id\":\"https:\\\/\\\/affderm.com\\\/#website\"},\"primaryImageOfPage\":{\"@id\":\"https:\\\/\\\/affderm.com\\\/services\\\/aesthetic-dermatology\\\/body-contouring\\\/#primaryimage\"},\"image\":{\"@id\":\"https:\\\/\\\/affderm.com\\\/services\\\/aesthetic-dermatology\\\/body-contouring\\\/#primaryimage\"},\"thumbnailUrl\":\"https:\\\/\\\/affderm.com\\\/wp-content\\\/uploads\\\/2025\\\/08\\\/Renuvion-Body-Contouring-Featured-Image-Tile.jpg\",\"datePublished\":\"2022-11-16T17:55:18+00:00\",\"dateModified\":\"2025-11-06T20:49:40+00:00\",\"description\":\"Find comprehensive body contouring in Phoenix, AZ, at Affiliated Dermatology. We offer CoolSculpting, Tumescent Liposuction, Renuvion & more. Schedule your free consultation!\",\"breadcrumb\":{\"@id\":\"https:\\\/\\\/affderm.com\\\/services\\\/aesthetic-dermatology\\\/body-contouring\\\/#breadcrumb\"},\"inLanguage\":\"es\",\"potentialAction\":[{\"@type\":\"ReadAction\",\"target\":[\"https:\\\/\\\/affderm.com\\\/services\\\/aesthetic-dermatology\\\/body-contouring\\\/\"]}]},{\"@type\":\"ImageObject\",\"inLanguage\":\"es\",\"@id\":\"https:\\\/\\\/affderm.com\\\/services\\\/aesthetic-dermatology\\\/body-contouring\\\/#primaryimage\",\"url\":\"https:\\\/\\\/affderm.com\\\/wp-content\\\/uploads\\\/2025\\\/08\\\/Renuvion-Body-Contouring-Featured-Image-Tile.jpg\",\"contentUrl\":\"https:\\\/\\\/affderm.com\\\/wp-content\\\/uploads\\\/2025\\\/08\\\/Renuvion-Body-Contouring-Featured-Image-Tile.jpg\"},{\"@type\":\"BreadcrumbList\",\"@id\":\"https:\\\/\\\/affderm.com\\\/services\\\/aesthetic-dermatology\\\/body-contouring\\\/#breadcrumb\",\"itemListElement\":[{\"@type\":\"ListItem\",\"position\":1,\"name\":\"Home\",\"item\":\"https:\\\/\\\/affderm.com\\\/\"},{\"@type\":\"ListItem\",\"position\":2,\"name\":\"Services\",\"item\":\"https:\\\/\\\/affderm.com\\\/services\\\/\"},{\"@type\":\"ListItem\",\"position\":3,\"name\":\"Aesthetic \\\/ Cosmetic Dermatology\",\"item\":\"https:\\\/\\\/affderm.com\\\/services\\\/aesthetic-dermatology\\\/\"},{\"@type\":\"ListItem\",\"position\":4,\"name\":\"Body Contouring\"}]},{\"@type\":\"WebSite\",\"@id\":\"https:\\\/\\\/affderm.com\\\/#website\",\"url\":\"https:\\\/\\\/affderm.com\\\/\",\"name\":\"Affiliated Dermatology\",\"description\":\"Experts in Skin Disease Treatment &amp; Prevention\",\"potentialAction\":[{\"@type\":\"SearchAction\",\"target\":{\"@type\":\"EntryPoint\",\"urlTemplate\":\"https:\\\/\\\/affderm.com\\\/?s={search_term_string}\"},\"query-input\":{\"@type\":\"PropertyValueSpecification\",\"valueRequired\":true,\"valueName\":\"search_term_string\"}}],\"inLanguage\":\"es\"}]}<\/script>\n<!-- \/ Yoast SEO plugin. -->","yoast_head_json":{"title":"Procedimientos de contorno corporal en Phoenix, AZ | Affiliated Dermatology","description":"Encuentra contorno corporal integral en Phoenix, AZ, en Affiliated Dermatology. Ofrecemos CoolSculpting, liposucci\u00f3n tumescente, Renuvion y m\u00e1s. \u00a1Programe su consulta gratuita!","robots":{"index":"index","follow":"follow","max-snippet":"max-snippet:-1","max-image-preview":"max-image-preview:large","max-video-preview":"max-video-preview:-1"},"canonical":"https:\/\/affderm.com\/es\/servicios\/dermatologia-estetica\/contorno-corporal\/","og_locale":"es_MX","og_type":"article","og_title":"Phoenix Body Contouring Treatments at Affiliated Dermatology","og_description":"Explore our array of body contouring treatments offered at Affiliated Dermatology offices throughout Arizona. Call today to make an appointment.","og_url":"https:\/\/affderm.com\/es\/servicios\/dermatologia-estetica\/contorno-corporal\/","og_site_name":"Affiliated Dermatology","article_modified_time":"2025-11-06T20:49:40+00:00","og_image":[{"width":720,"height":320,"url":"https:\/\/affderm.com\/wp-content\/uploads\/2025\/08\/Renuvion-Body-Contouring-Featured-Image-Tile.jpg","type":"image\/jpeg"}],"twitter_card":"summary_large_image","twitter_title":"Phoenix Body Contouring Treatments at Affiliated Dermatology","twitter_description":"Explore our array of body contouring treatments offered at Affiliated Dermatology offices throughout Arizona. Call today to make an appointment.","twitter_misc":{"Tiempo de lectura":"3 minutos"},"schema":{"@context":"https:\/\/schema.org","@graph":[{"@type":"WebPage","@id":"https:\/\/affderm.com\/services\/aesthetic-dermatology\/body-contouring\/","url":"https:\/\/affderm.com\/services\/aesthetic-dermatology\/body-contouring\/","name":"Procedimientos de contorno corporal en Phoenix, AZ | Affiliated Dermatology","isPartOf":{"@id":"https:\/\/affderm.com\/#website"},"primaryImageOfPage":{"@id":"https:\/\/affderm.com\/services\/aesthetic-dermatology\/body-contouring\/#primaryimage"},"image":{"@id":"https:\/\/affderm.com\/services\/aesthetic-dermatology\/body-contouring\/#primaryimage"},"thumbnailUrl":"https:\/\/affderm.com\/wp-content\/uploads\/2025\/08\/Renuvion-Body-Contouring-Featured-Image-Tile.jpg","datePublished":"2022-11-16T17:55:18+00:00","dateModified":"2025-11-06T20:49:40+00:00","description":"Encuentra contorno corporal integral en Phoenix, AZ, en Affiliated Dermatology. Ofrecemos CoolSculpting, liposucci\u00f3n tumescente, Renuvion y m\u00e1s. \u00a1Programe su consulta gratuita!","breadcrumb":{"@id":"https:\/\/affderm.com\/services\/aesthetic-dermatology\/body-contouring\/#breadcrumb"},"inLanguage":"es","potentialAction":[{"@type":"ReadAction","target":["https:\/\/affderm.com\/services\/aesthetic-dermatology\/body-contouring\/"]}]},{"@type":"ImageObject","inLanguage":"es","@id":"https:\/\/affderm.com\/services\/aesthetic-dermatology\/body-contouring\/#primaryimage","url":"https:\/\/affderm.com\/wp-content\/uploads\/2025\/08\/Renuvion-Body-Contouring-Featured-Image-Tile.jpg","contentUrl":"https:\/\/affderm.com\/wp-content\/uploads\/2025\/08\/Renuvion-Body-Contouring-Featured-Image-Tile.jpg"},{"@type":"BreadcrumbList","@id":"https:\/\/affderm.com\/services\/aesthetic-dermatology\/body-contouring\/#breadcrumb","itemListElement":[{"@type":"ListItem","position":1,"name":"Home","item":"https:\/\/affderm.com\/"},{"@type":"ListItem","position":2,"name":"Services","item":"https:\/\/affderm.com\/services\/"},{"@type":"ListItem","position":3,"name":"Aesthetic \/ Cosmetic Dermatology","item":"https:\/\/affderm.com\/services\/aesthetic-dermatology\/"},{"@type":"ListItem","position":4,"name":"Body Contouring"}]},{"@type":"WebSite","@id":"https:\/\/affderm.com\/#website","url":"https:\/\/affderm.com\/","name":"Dermatolog\u00eda afiliada","description":"Expertos en tratamiento y prevenci\u00f3n de enfermedades cut\u00e1neas","potentialAction":[{"@type":"SearchAction","target":{"@type":"EntryPoint","urlTemplate":"https:\/\/affderm.com\/?s={search_term_string}"},"query-input":{"@type":"PropertyValueSpecification","valueRequired":true,"valueName":"search_term_string"}}],"inLanguage":"es"}]}},"_links":{"self":[{"href":"https:\/\/affderm.com\/es\/wp-json\/wp\/v2\/pages\/7294","targetHints":{"allow":["GET"]}}],"collection":[{"href":"https:\/\/affderm.com\/es\/wp-json\/wp\/v2\/pages"}],"about":[{"href":"https:\/\/affderm.com\/es\/wp-json\/wp\/v2\/types\/page"}],"author":[{"embeddable":true,"href":"https:\/\/affderm.com\/es\/wp-json\/wp\/v2\/users\/4"}],"replies":[{"embeddable":true,"href":"https:\/\/affderm.com\/es\/wp-json\/wp\/v2\/comments?post=7294"}],"version-history":[{"count":0,"href":"https:\/\/affderm.com\/es\/wp-json\/wp\/v2\/pages\/7294\/revisions"}],"up":[{"embeddable":true,"href":"https:\/\/affderm.com\/es\/wp-json\/wp\/v2\/pages\/718"}],"wp:attachment":[{"href":"https:\/\/affderm.com\/es\/wp-json\/wp\/v2\/media?parent=7294"}],"curies":[{"name":"wp","href":"https:\/\/api.w.org\/{rel}","templated":true}]}}